{"id":461,"date":"2024-07-20T06:39:06","date_gmt":"2024-07-20T06:39:06","guid":{"rendered":"https:\/\/filatelia.cuentista.es\/product\/monasterios-1975-2"},"modified":"2024-08-08T18:24:09","modified_gmt":"2024-08-08T18:24:09","slug":"monasterios-1975-2","status":"publish","type":"product","link":"https:\/\/filatelia.cuentista.es\/en\/product\/monasterios-1975-2","title":{"rendered":"Sobre Primer D\u00eda &#8211; Monasterios 1975 &#8211; San Juan de la Pe\u00f1a"},"content":{"rendered":"<p>Sobre Primer D\u00eda &#8211; Monasterios 1975 &#8211; San Juan de la Pe\u00f1a con sello de 10 Pesetas<br \/>\nMatasellado en Barcelona<\/p>\n<p>SFC A443<br \/>\n1975. 28 de octubre. Monasterio de San Juan de la Pe\u00f1a.rojo y carm\u00edn 42 &#8211; 2299<\/p>\n<p>Motivos:<br \/>\n2297, Vista general del Monasterio;<br \/>\n2298, Claustro;<br \/>\n2299, Capiteles.<br \/>\nImpresos en calcograf\u00eda.<br \/>\nTama\u00f1os:<br \/>\n2297 y 2298, 40,9 x 24,9 mm<br \/>\n2299, 24,9 x 40,9 mm.<br \/>\nPliegos de: 25 sellos.<br \/>\nDentado 2297 y 2298, 12 1\/2 x 13; 2299, 13 x 12 1\/2.<br \/>\nTirada: 10.000.000 de cada valor.<\/p>\n<p>El\u00a0<b>Real Monasterio de San Juan de la Pe\u00f1a<\/b>\u00a0situado en\u00a0<a title=\"Botaya\" href=\"https:\/\/es.wikipedia.org\/wiki\/Botaya\">Botaya<\/a>, al suroeste de\u00a0<a class=\"mw-redirect\" title=\"Jaca (Huesca)\" href=\"https:\/\/es.wikipedia.org\/wiki\/Jaca_(Huesca)\">Jaca<\/a>,\u00a0<a title=\"Provincia de Huesca\" href=\"https:\/\/es.wikipedia.org\/wiki\/Provincia_de_Huesca\">Huesca<\/a>,\u00a0<a title=\"Arag\u00f3n\" href=\"https:\/\/es.wikipedia.org\/wiki\/Arag%C3%B3n\">Arag\u00f3n<\/a>\u00a0(<a title=\"Espa\u00f1a\" href=\"https:\/\/es.wikipedia.org\/wiki\/Espa%C3%B1a\">Espa\u00f1a<\/a>), fue el monasterio m\u00e1s importante de Arag\u00f3n en la alta\u00a0<a title=\"\" href=\"https:\/\/es.wikipedia.org\/wiki\/Edad_Media\">Edad Media<\/a>. En su Pante\u00f3n Real fueron enterrados un buen n\u00famero de reyes de Arag\u00f3n. Forma parte del\u00a0<a class=\"mw-redirect\" title=\"Camino de Santiago aragon\u00e9s\" href=\"https:\/\/es.wikipedia.org\/wiki\/Camino_de_Santiago_aragon%C3%A9s\">camino aragon\u00e9s<\/a>\u00a0del\u00a0<a title=\"Camino de Santiago\" href=\"https:\/\/es.wikipedia.org\/wiki\/Camino_de_Santiago\">Camino de Santiago<\/a>. Su enclave es extremadamente singular.<\/p>\n<p class=\"p1\"><b>Los sobres de primer d\u00eda son objetos de colecci\u00f3n muy valorados por los filat\u00e9licos.<\/b> Estos sobres especiales se utilizan para enviar una carta el mismo d\u00eda en que se emite un nuevo sello postal. Al ser los primeros en utilizar ese sello en particular, adquieren un valor a\u00f1adido para los coleccionistas. Los sobres de primer d\u00eda suelen incluir un matasellos con la fecha de emisi\u00f3n y el nombre de la oficina de correos donde se expidi\u00f3 el sello, lo que los convierte en piezas \u00fanicas y aut\u00e9nticas. Adem\u00e1s de su valor filat\u00e9lico, estos sobres a menudo presentan dise\u00f1os atractivos y conmemorativos, relacionados con el tema del sello emitido, lo que los convierte en peque\u00f1os tesoros para los amantes de la historia y el arte postal.<\/p>","protected":false},"excerpt":{"rendered":"<p>Sobre Primer D\u00eda &#8211; Monasterios 1975 &#8211; San Juan de la Pe\u00f1a con sello de 10 Pesetas<\/p>\n<p>1975. 28 de octubre.\u00a0Monasterio\u00a0de\u00a0San Juan de la Pe\u00f1a. rojo y carm\u00edn 42 &#8211; 2299<\/p>","protected":false},"featured_media":1251,"comment_status":"open","ping_status":"closed","template":"","meta":{"_acf_changed":false},"product_brand":[],"product_cat":[19],"product_tag":[70,101,190,123,616,189],"class_list":{"0":"post-461","1":"product","2":"type-product","3":"status-publish","4":"has-post-thumbnail","6":"product_cat-spd-sobres-primer-dia","7":"product_tag-70","8":"product_tag-espana","9":"product_tag-fdc","10":"product_tag-monasterios","11":"product_tag-san-juan-de-la-pena","12":"product_tag-spd","13":"thunk-woo-product-list","14":"opn-qv-enable","15":"open-woo-hover-zoom","16":"open-single-product-tab-horizontal","17":"open-shadow-","18":"open-shadow-hover-","20":"first","21":"instock","22":"sale","23":"shipping-taxable","24":"purchasable","25":"product-type-simple"},"acf":[],"jetpack_sharing_enabled":true,"_links":{"self":[{"href":"https:\/\/filatelia.cuentista.es\/en\/wp-json\/wp\/v2\/product\/461","targetHints":{"allow":["GET"]}}],"collection":[{"href":"https:\/\/filatelia.cuentista.es\/en\/wp-json\/wp\/v2\/product"}],"about":[{"href":"https:\/\/filatelia.cuentista.es\/en\/wp-json\/wp\/v2\/types\/product"}],"replies":[{"embeddable":true,"href":"https:\/\/filatelia.cuentista.es\/en\/wp-json\/wp\/v2\/comments?post=461"}],"wp:featuredmedia":[{"embeddable":true,"href":"https:\/\/filatelia.cuentista.es\/en\/wp-json\/wp\/v2\/media\/1251"}],"wp:attachment":[{"href":"https:\/\/filatelia.cuentista.es\/en\/wp-json\/wp\/v2\/media?parent=461"}],"wp:term":[{"taxonomy":"product_brand","embeddable":true,"href":"https:\/\/filatelia.cuentista.es\/en\/wp-json\/wp\/v2\/product_brand?post=461"},{"taxonomy":"product_cat","embeddable":true,"href":"https:\/\/filatelia.cuentista.es\/en\/wp-json\/wp\/v2\/product_cat?post=461"},{"taxonomy":"product_tag","embeddable":true,"href":"https:\/\/filatelia.cuentista.es\/en\/wp-json\/wp\/v2\/product_tag?post=461"}],"curies":[{"name":"wp","href":"https:\/\/api.w.org\/{rel}","templated":true}]}}