{"id":457,"date":"2024-07-20T06:39:04","date_gmt":"2024-07-20T06:39:04","guid":{"rendered":"https:\/\/filatelia.cuentista.es\/product\/vi-aniversario-de-la-orden-de-san-jeronimo"},"modified":"2024-08-08T09:48:50","modified_gmt":"2024-08-08T09:48:50","slug":"vi-aniversario-de-la-orden-de-san-jeronimo","status":"publish","type":"product","link":"https:\/\/filatelia.cuentista.es\/en\/product\/vi-aniversario-de-la-orden-de-san-jeronimo","title":{"rendered":"Sobre Primer D\u00eda &#8211; VI aniversario de la orden de San Jeronimo, 1973"},"content":{"rendered":"<p>Sobre Primer d\u00eda &#8211; V Centenario de la Fundaci\u00f3n de la Orden de San Jeronimo, 1973 con sello de. 2 ptas<\/p>\n<p>Matasellado primer dia en madrid 18 de Octubre de 1973<\/p>\n<p>SFC A 399 Edifil 2158<\/p>\n<p>La\u00a0<b>Orden de San Jer\u00f3nimo<\/b>\u00a0(en\u00a0<a title=\"Lat\u00edn\" href=\"https:\/\/es.wikipedia.org\/wiki\/Lat%C3%ADn\">lat\u00edn<\/a>:\u00a0<i>Ordo Sancti Hieronymi<\/i>, sigla\u00a0<b>O.S.H.<\/b>) es una\u00a0<a title=\"\" href=\"https:\/\/es.wikipedia.org\/wiki\/Orden_religiosa_cat%C3%B3lica\">orden religiosa cat\u00f3lica<\/a>\u00a0de\u00a0<a title=\"Clausura mon\u00e1stica\" href=\"https:\/\/es.wikipedia.org\/wiki\/Clausura_mon%C3%A1stica\">clausura mon\u00e1stica<\/a>\u00a0y de orientaci\u00f3n puramente\u00a0<a title=\"Contemplaci\u00f3n\" href=\"https:\/\/es.wikipedia.org\/wiki\/Contemplaci%C3%B3n\">contemplativa<\/a>\u00a0que surgi\u00f3 en el siglo\u00a0xiv. Siguiendo el esp\u00edritu de\u00a0<a title=\"Jer\u00f3nimo (santo)\" href=\"https:\/\/es.wikipedia.org\/wiki\/Jer%C3%B3nimo_(santo)\">San Jer\u00f3nimo<\/a>\u00a0y\u00a0<a title=\"Paula de Roma\" href=\"https:\/\/es.wikipedia.org\/wiki\/Paula_de_Roma\">Santa Paula<\/a>, un grupo de ermita\u00f1os\u00a0<a title=\"Castilla\" href=\"https:\/\/es.wikipedia.org\/wiki\/Castilla\">castellanos<\/a>\u00a0encabezados por\u00a0<a title=\"Pedro Fern\u00e1ndez Pecha\" href=\"https:\/\/es.wikipedia.org\/wiki\/Pedro_Fern%C3%A1ndez_Pecha\">Pedro Fern\u00e1ndez Pecha<\/a>\u00a0y\u00a0<a title=\"Fernando Y\u00e1\u00f1ez de Figueroa\" href=\"https:\/\/es.wikipedia.org\/wiki\/Fernando_Y%C3%A1%C3%B1ez_de_Figueroa\">Fernando Y\u00e1\u00f1ez de Figueroa<\/a>\u00a0resolvieron sujetarse a vida cenob\u00edtica y la orden, sujeta a la\u00a0<a title=\"Regla de san Agust\u00edn\" href=\"https:\/\/es.wikipedia.org\/wiki\/Regla_de_san_Agust%C3%ADn\">regla de san Agust\u00edn<\/a>, fue aprobada en el a\u00f1o 1373 por el papa\u00a0<a title=\"Gregorio XI\" href=\"https:\/\/es.wikipedia.org\/wiki\/Gregorio_XI\">Gregorio XI<\/a>\u00a0que resid\u00eda en\u00a0<a title=\"Avi\u00f1\u00f3n\" href=\"https:\/\/es.wikipedia.org\/wiki\/Avi%C3%B1%C3%B3n\">Avi\u00f1\u00f3n<\/a>\u00a0en el momento.<sup id=\"cite_ref-1\" class=\"reference separada\"><a href=\"https:\/\/es.wikipedia.org\/wiki\/Orden_de_San_Jer%C3%B3nimo#cite_note-1\">1<\/a><\/sup>\u200b Se trata de una orden religiosa exclusivamente ib\u00e9rica, puesto que solo se implant\u00f3 en\u00a0<a title=\"Espa\u00f1a\" href=\"https:\/\/es.wikipedia.org\/wiki\/Espa%C3%B1a\">Espa\u00f1a<\/a>\u00a0y\u00a0<a title=\"Portugal\" href=\"https:\/\/es.wikipedia.org\/wiki\/Portugal\">Portugal<\/a>, y estuvo muy vinculada a las monarqu\u00edas reinantes en ambos pa\u00edses.<\/p>","protected":false},"excerpt":{"rendered":"<p>Sobre Primer d\u00eda &#8211; V Centenario de la Fundaci\u00f3n de la Orden de San Jeronimo, 1973 con sello de. 2 ptas<\/p>","protected":false},"featured_media":1244,"comment_status":"open","ping_status":"closed","template":"","meta":{"_acf_changed":false},"product_brand":[],"product_cat":[19],"product_tag":[76,156,101,190,441,611,189],"class_list":{"0":"post-457","1":"product","2":"type-product","3":"status-publish","4":"has-post-thumbnail","6":"product_cat-spd-sobres-primer-dia","7":"product_tag-76","8":"product_tag-aniversario","9":"product_tag-espana","10":"product_tag-fdc","11":"product_tag-madrid","12":"product_tag-sn-jeronimo","13":"product_tag-spd","14":"thunk-woo-product-list","15":"opn-qv-enable","16":"open-woo-hover-zoom","17":"open-single-product-tab-horizontal","18":"open-shadow-","19":"open-shadow-hover-","21":"first","22":"instock","23":"sale","24":"shipping-taxable","25":"purchasable","26":"product-type-simple"},"acf":[],"jetpack_sharing_enabled":true,"_links":{"self":[{"href":"https:\/\/filatelia.cuentista.es\/en\/wp-json\/wp\/v2\/product\/457","targetHints":{"allow":["GET"]}}],"collection":[{"href":"https:\/\/filatelia.cuentista.es\/en\/wp-json\/wp\/v2\/product"}],"about":[{"href":"https:\/\/filatelia.cuentista.es\/en\/wp-json\/wp\/v2\/types\/product"}],"replies":[{"embeddable":true,"href":"https:\/\/filatelia.cuentista.es\/en\/wp-json\/wp\/v2\/comments?post=457"}],"wp:featuredmedia":[{"embeddable":true,"href":"https:\/\/filatelia.cuentista.es\/en\/wp-json\/wp\/v2\/media\/1244"}],"wp:attachment":[{"href":"https:\/\/filatelia.cuentista.es\/en\/wp-json\/wp\/v2\/media?parent=457"}],"wp:term":[{"taxonomy":"product_brand","embeddable":true,"href":"https:\/\/filatelia.cuentista.es\/en\/wp-json\/wp\/v2\/product_brand?post=457"},{"taxonomy":"product_cat","embeddable":true,"href":"https:\/\/filatelia.cuentista.es\/en\/wp-json\/wp\/v2\/product_cat?post=457"},{"taxonomy":"product_tag","embeddable":true,"href":"https:\/\/filatelia.cuentista.es\/en\/wp-json\/wp\/v2\/product_tag?post=457"}],"curies":[{"name":"wp","href":"https:\/\/api.w.org\/{rel}","templated":true}]}}