{"id":452,"date":"2024-07-20T06:39:02","date_gmt":"2024-07-20T06:39:02","guid":{"rendered":"https:\/\/filatelia.cuentista.es\/product\/vi-exposicion-mundial-de-la-pesca"},"modified":"2024-08-08T19:56:12","modified_gmt":"2024-08-08T19:56:12","slug":"vi-exposicion-mundial-de-la-pesca","status":"publish","type":"product","link":"https:\/\/filatelia.cuentista.es\/en\/product\/vi-exposicion-mundial-de-la-pesca","title":{"rendered":"Sobre Primer D\u00eda &#8211; VI Exposici\u00f3n Mundial de la pesca 1973"},"content":{"rendered":"<p>Sobre Primer D\u00eda &#8211; VI Exposici\u00f3n Mundial de la pesca Vigo 1973 con sello de 2 pesetas en sobre ALFIL con dorso impreso<\/p>\n<p>1973. 12 sep. VI Exposici\u00f3n Mundial de la Pesca. : EDIFIL 2144<\/p>\n<p>O. M. de 13 de julio de 1973.<br \/>\nMotivo: Alegor\u00eda de la pesca con Barco y Redes<br \/>\nImpreso en huecograbado.<br \/>\nTama\u00f1o: 40,9 x 28,8 mm.<br \/>\nPliegos de 80 sellos.<br \/>\nDentado 13.<br \/>\nTirada: 8.000.000.<\/p>\n<p>&nbsp;<\/p>","protected":false},"excerpt":{"rendered":"<p>Sobre Primer D\u00eda &#8211; VI Exposici\u00f3n Mundial de la pesca Vigo 1973 con sello de 2 pesetas en sobre ALFIL con dorso impreso<\/p>","protected":false},"featured_media":1258,"comment_status":"open","ping_status":"closed","template":"","meta":{"_acf_changed":false},"product_brand":[],"product_cat":[15],"product_tag":[76,101,228,190,626,189,627],"class_list":{"0":"post-452","1":"product","2":"type-product","3":"status-publish","4":"has-post-thumbnail","6":"product_cat-coleccionismo","7":"product_tag-76","8":"product_tag-espana","9":"product_tag-exposicion","10":"product_tag-fdc","11":"product_tag-pesca","12":"product_tag-spd","13":"product_tag-vigo","14":"thunk-woo-product-list","15":"opn-qv-enable","16":"open-woo-hover-zoom","17":"open-single-product-tab-horizontal","18":"open-shadow-","19":"open-shadow-hover-","21":"first","22":"instock","23":"sale","24":"shipping-taxable","25":"purchasable","26":"product-type-simple"},"acf":[],"jetpack_sharing_enabled":true,"_links":{"self":[{"href":"https:\/\/filatelia.cuentista.es\/en\/wp-json\/wp\/v2\/product\/452","targetHints":{"allow":["GET"]}}],"collection":[{"href":"https:\/\/filatelia.cuentista.es\/en\/wp-json\/wp\/v2\/product"}],"about":[{"href":"https:\/\/filatelia.cuentista.es\/en\/wp-json\/wp\/v2\/types\/product"}],"replies":[{"embeddable":true,"href":"https:\/\/filatelia.cuentista.es\/en\/wp-json\/wp\/v2\/comments?post=452"}],"wp:featuredmedia":[{"embeddable":true,"href":"https:\/\/filatelia.cuentista.es\/en\/wp-json\/wp\/v2\/media\/1258"}],"wp:attachment":[{"href":"https:\/\/filatelia.cuentista.es\/en\/wp-json\/wp\/v2\/media?parent=452"}],"wp:term":[{"taxonomy":"product_brand","embeddable":true,"href":"https:\/\/filatelia.cuentista.es\/en\/wp-json\/wp\/v2\/product_brand?post=452"},{"taxonomy":"product_cat","embeddable":true,"href":"https:\/\/filatelia.cuentista.es\/en\/wp-json\/wp\/v2\/product_cat?post=452"},{"taxonomy":"product_tag","embeddable":true,"href":"https:\/\/filatelia.cuentista.es\/en\/wp-json\/wp\/v2\/product_tag?post=452"}],"curies":[{"name":"wp","href":"https:\/\/api.w.org\/{rel}","templated":true}]}}