{"id":451,"date":"2024-07-20T06:39:01","date_gmt":"2024-07-20T06:39:01","guid":{"rendered":"https:\/\/filatelia.cuentista.es\/product\/fiesta-de-la-hispanidad-1975-uruguay-2"},"modified":"2024-08-08T20:07:28","modified_gmt":"2024-08-08T20:07:28","slug":"fiesta-de-la-hispanidad-1975-uruguay-2","status":"publish","type":"product","link":"https:\/\/filatelia.cuentista.es\/en\/product\/fiesta-de-la-hispanidad-1975-uruguay-2","title":{"rendered":"Sobre Primer D\u00eda &#8211; Fiesta de la hispanidad 1975 &#8211; Uruguay &#8211; Sellos 2+3 ptas"},"content":{"rendered":"<p>Sobre Primer D\u00eda &#8211; Fiesta de la hispanidad 1975 &#8211; Uruguay &#8211; Sellos 2+3 ptas Matasellos de Barcelona y motivo de monumento a la carreta<\/p>\n<p>Sobre ALFIL con texto al dorso<\/p>\n<p>1975. 12 oct. Hispanidad. Uruguay.<\/p>\n<p>El\u00a0<b>Monumento a la Carreta<\/b>\u00a0es una obra de arte hist\u00f3rica ubicada en la ciudad de\u00a0<a title=\"Montevideo\" href=\"https:\/\/es.wikipedia.org\/wiki\/Montevideo\">Montevideo<\/a>,\u00a0<a title=\"Uruguay\" href=\"https:\/\/es.wikipedia.org\/wiki\/Uruguay\">Uruguay<\/a>.<\/p>\n<p>Fue esculpido por\u00a0<a title=\"Jos\u00e9 Belloni\" href=\"https:\/\/es.wikipedia.org\/wiki\/Jos%C3%A9_Belloni\">Jos\u00e9 Belloni<\/a>\u00a0e inaugurado el 14 de octubre de 1934 en el\u00a0<a title=\"Parque Jos\u00e9 Batlle y Ord\u00f3\u00f1ez\" href=\"https:\/\/es.wikipedia.org\/wiki\/Parque_Jos%C3%A9_Batlle_y_Ord%C3%B3%C3%B1ez\">Parque Jos\u00e9 Batlle y Ord\u00f3nez<\/a>\u00a0en su emplazamiento actual sobre la Av. Dr. Lorenzo M\u00e9rola.<sup id=\"cite_ref-1\" class=\"reference separada\"><a href=\"https:\/\/es.wikipedia.org\/wiki\/Monumento_a_la_Carreta#cite_note-1\">1<\/a><\/sup>\u200bConstruido en bronce sobre un basamento de granito rosado, tiene 22 metros de longitud y pesa 150 toneladas.<\/p>\n<p>Consta de una carreta, tres yuntas de bueyes tirando de ella y dos bueyes en la parte posterior. Delante de estos \u00faltimos, a la derecha del veh\u00edculo, un gaucho a caballo empu\u00f1a la picana. El conjunto, en la parte alta de un declive cubierto de c\u00e9sped, domina un estanque en el que crece la \u00abpaja brava\u00bb.<sup id=\"cite_ref-2\" class=\"reference separada\"><a href=\"https:\/\/es.wikipedia.org\/wiki\/Monumento_a_la_Carreta#cite_note-2\">2<\/a><\/sup>\u200b<\/p>\n<p>O. M. de 24 de junio de 1975.<br \/>\nMotivos:<br \/>\n2293, Vista del Cabildo de Montevideo;<br \/>\n2294, Monumento a la carreta, en Montevideo, obra de Belloni;<br \/>\n2295, Vista de la fortaleza de Santa Teresa;<br \/>\n2296, Catedral de Montevideo.<br \/>\nImpresos en huecograbado.<br \/>\nTama\u00f1os:<br \/>\n2293 al 2295, 40,9 x 28,8 mm<br \/>\n2296, 28,8 x 40,9 mm. Pliegos de 80 sellos.<br \/>\nDentado 13 1\/4.<br \/>\nTirada: 8.000.000 de cada valor.<\/p>","protected":false},"excerpt":{"rendered":"<p>Sobre Primer D\u00eda &#8211; Fiesta de la hispanidad 1975 &#8211; Uruguay &#8211; Sellos 2+3 ptas Matasellos de Barcelona y motivo de monumento a la carreta<\/p>","protected":false},"featured_media":1264,"comment_status":"open","ping_status":"closed","template":"","meta":{"_acf_changed":false},"product_brand":[],"product_cat":[19],"product_tag":[70,101,190,121,630,189,629],"class_list":{"0":"post-451","1":"product","2":"type-product","3":"status-publish","4":"has-post-thumbnail","6":"product_cat-spd-sobres-primer-dia","7":"product_tag-70","8":"product_tag-espana","9":"product_tag-fdc","10":"product_tag-hispanidad","11":"product_tag-la-carreta","12":"product_tag-spd","13":"product_tag-uruguay","14":"thunk-woo-product-list","15":"opn-qv-enable","16":"open-woo-hover-zoom","17":"open-single-product-tab-horizontal","18":"open-shadow-","19":"open-shadow-hover-","21":"first","22":"instock","23":"sale","24":"shipping-taxable","25":"purchasable","26":"product-type-simple"},"acf":[],"jetpack_sharing_enabled":true,"_links":{"self":[{"href":"https:\/\/filatelia.cuentista.es\/en\/wp-json\/wp\/v2\/product\/451","targetHints":{"allow":["GET"]}}],"collection":[{"href":"https:\/\/filatelia.cuentista.es\/en\/wp-json\/wp\/v2\/product"}],"about":[{"href":"https:\/\/filatelia.cuentista.es\/en\/wp-json\/wp\/v2\/types\/product"}],"replies":[{"embeddable":true,"href":"https:\/\/filatelia.cuentista.es\/en\/wp-json\/wp\/v2\/comments?post=451"}],"wp:featuredmedia":[{"embeddable":true,"href":"https:\/\/filatelia.cuentista.es\/en\/wp-json\/wp\/v2\/media\/1264"}],"wp:attachment":[{"href":"https:\/\/filatelia.cuentista.es\/en\/wp-json\/wp\/v2\/media?parent=451"}],"wp:term":[{"taxonomy":"product_brand","embeddable":true,"href":"https:\/\/filatelia.cuentista.es\/en\/wp-json\/wp\/v2\/product_brand?post=451"},{"taxonomy":"product_cat","embeddable":true,"href":"https:\/\/filatelia.cuentista.es\/en\/wp-json\/wp\/v2\/product_cat?post=451"},{"taxonomy":"product_tag","embeddable":true,"href":"https:\/\/filatelia.cuentista.es\/en\/wp-json\/wp\/v2\/product_tag?post=451"}],"curies":[{"name":"wp","href":"https:\/\/api.w.org\/{rel}","templated":true}]}}