{"id":449,"date":"2024-07-20T06:39:01","date_gmt":"2024-07-20T06:39:01","guid":{"rendered":"https:\/\/filatelia.cuentista.es\/product\/europa-73-cept-2"},"modified":"2024-08-08T20:10:39","modified_gmt":"2024-08-08T20:10:39","slug":"europa-73-cept-2","status":"publish","type":"product","link":"https:\/\/filatelia.cuentista.es\/en\/product\/europa-73-cept-2","title":{"rendered":"Sobre Primer D\u00eda &#8211; Europa 73 &#8211; CEPT &#8211; Andorra"},"content":{"rendered":"<p>Sobre Primer D\u00eda &#8211; Europa 73 &#8211; CEPT &#8211; Andorra con dos sellos de8 y 2 pesetas de Andorra<\/p>\n<p><em>1973 Sellos<\/em>\u00a0de\u00a0<em>Andorra<\/em>\u00a0(correo espa\u00f1ol).\u00a0<em>Europa<\/em>\u00a0(Edif. 85\/86)**. Serie completa, 2 valores<\/p>\n<p>La\u00a0<b>Conferencia Europea de Administraciones de Correos y Telecomunicaciones<\/b>\u00a0(<b>CEPT<\/b>, siglas de su nombre en franc\u00e9s\u00a0<i>Conf\u00e9rence europ\u00e9enne des administrations des postes et des t\u00e9l\u00e9communications<\/i>) es un organismo internacional que agrupa a las entidades responsables en la administraci\u00f3n p\u00fablica de cada pa\u00eds europeo de las pol\u00edticas y la regulaci\u00f3n de las\u00a0<a class=\"mw-redirect mw-disambig\" title=\"Comunicaciones\" href=\"https:\/\/es.wikipedia.org\/wiki\/Comunicaciones\">comunicaciones<\/a>, tanto\u00a0<a class=\"mw-redirect\" title=\"Correo\" href=\"https:\/\/es.wikipedia.org\/wiki\/Correo\">postales<\/a>\u00a0como de\u00a0<a class=\"mw-redirect\" title=\"Telecomunicaciones\" href=\"https:\/\/es.wikipedia.org\/wiki\/Telecomunicaciones\">telecomunicaciones<\/a>.<\/p>","protected":false},"excerpt":{"rendered":"<p>Sobre Primer D\u00eda &#8211; Europa 73 &#8211; CEPT &#8211; Andorra con dos sellos de8 y 2 pesetas de Andorra<\/p>","protected":false},"featured_media":1266,"comment_status":"open","ping_status":"closed","template":"","meta":{"_acf_changed":false},"product_brand":[],"product_cat":[19],"product_tag":[76,631,216,215,190,189],"class_list":{"0":"post-449","1":"product","2":"type-product","3":"status-publish","4":"has-post-thumbnail","6":"product_cat-spd-sobres-primer-dia","7":"product_tag-76","8":"product_tag-andorra","9":"product_tag-cept","10":"product_tag-europa","11":"product_tag-fdc","12":"product_tag-spd","13":"thunk-woo-product-list","14":"opn-qv-enable","15":"open-woo-hover-zoom","16":"open-single-product-tab-horizontal","17":"open-shadow-","18":"open-shadow-hover-","20":"first","21":"instock","22":"sale","23":"shipping-taxable","24":"purchasable","25":"product-type-simple"},"acf":[],"jetpack_sharing_enabled":true,"_links":{"self":[{"href":"https:\/\/filatelia.cuentista.es\/en\/wp-json\/wp\/v2\/product\/449","targetHints":{"allow":["GET"]}}],"collection":[{"href":"https:\/\/filatelia.cuentista.es\/en\/wp-json\/wp\/v2\/product"}],"about":[{"href":"https:\/\/filatelia.cuentista.es\/en\/wp-json\/wp\/v2\/types\/product"}],"replies":[{"embeddable":true,"href":"https:\/\/filatelia.cuentista.es\/en\/wp-json\/wp\/v2\/comments?post=449"}],"wp:featuredmedia":[{"embeddable":true,"href":"https:\/\/filatelia.cuentista.es\/en\/wp-json\/wp\/v2\/media\/1266"}],"wp:attachment":[{"href":"https:\/\/filatelia.cuentista.es\/en\/wp-json\/wp\/v2\/media?parent=449"}],"wp:term":[{"taxonomy":"product_brand","embeddable":true,"href":"https:\/\/filatelia.cuentista.es\/en\/wp-json\/wp\/v2\/product_brand?post=449"},{"taxonomy":"product_cat","embeddable":true,"href":"https:\/\/filatelia.cuentista.es\/en\/wp-json\/wp\/v2\/product_cat?post=449"},{"taxonomy":"product_tag","embeddable":true,"href":"https:\/\/filatelia.cuentista.es\/en\/wp-json\/wp\/v2\/product_tag?post=449"}],"curies":[{"name":"wp","href":"https:\/\/api.w.org\/{rel}","templated":true}]}}