{"id":4472,"date":"2024-10-19T05:01:17","date_gmt":"2024-10-19T05:01:17","guid":{"rendered":"https:\/\/filatelia.cuentista.es\/product\/moneda-corea-del-sur-10-won-2000"},"modified":"2024-11-10T20:06:06","modified_gmt":"2024-11-10T20:06:06","slug":"moneda-corea-del-sur-10-won-2000","status":"publish","type":"product","link":"https:\/\/filatelia.cuentista.es\/en\/product\/moneda-corea-del-sur-10-won-2000","title":{"rendered":"Moneda Corea del Sur &#8211; 10 won &#8211; 2000"},"content":{"rendered":"<p>Detalles de la moneda<br \/>\nPais: Corea del Sur<br \/>\nPeriodo: Rep\u00fablica de Corea<br \/>\nDenominaci\u00f3n: 10 won<br \/>\nA\u00f1o : 2000<br \/>\nVariante :<br \/>\nDiametro : 22.86<br \/>\nEstado : VF<br \/>\nC\u00f3digo Catalogo : 0.24<br \/>\nMoneda : Won surcoreano<\/p>","protected":false},"excerpt":{"rendered":"<p>Detalles de la moneda Pais: Corea del Sur Periodo: Rep\u00fablica de Corea Denominaci\u00f3n: 10 won A\u00f1o : 2000 Variante : Diametro : 22.86 Estado : VF C\u00f3digo Catalogo : 0.24 Moneda : Won surcoreano<\/p>","protected":false},"featured_media":6463,"comment_status":"open","ping_status":"closed","template":"","meta":{"_acf_changed":false},"product_brand":[],"product_cat":[1431],"product_tag":[138,1432],"class_list":{"0":"post-4472","1":"product","2":"type-product","3":"status-publish","4":"has-post-thumbnail","6":"product_cat-monedas-2","7":"product_tag-138","8":"product_tag-vf","9":"thunk-woo-product-list","10":"opn-qv-enable","11":"open-woo-hover-zoom","12":"open-single-product-tab-horizontal","13":"open-shadow-","14":"open-shadow-hover-","16":"first","17":"instock","18":"shipping-taxable","19":"purchasable","20":"product-type-simple"},"acf":[],"jetpack_sharing_enabled":true,"_links":{"self":[{"href":"https:\/\/filatelia.cuentista.es\/en\/wp-json\/wp\/v2\/product\/4472","targetHints":{"allow":["GET"]}}],"collection":[{"href":"https:\/\/filatelia.cuentista.es\/en\/wp-json\/wp\/v2\/product"}],"about":[{"href":"https:\/\/filatelia.cuentista.es\/en\/wp-json\/wp\/v2\/types\/product"}],"replies":[{"embeddable":true,"href":"https:\/\/filatelia.cuentista.es\/en\/wp-json\/wp\/v2\/comments?post=4472"}],"wp:featuredmedia":[{"embeddable":true,"href":"https:\/\/filatelia.cuentista.es\/en\/wp-json\/wp\/v2\/media\/6463"}],"wp:attachment":[{"href":"https:\/\/filatelia.cuentista.es\/en\/wp-json\/wp\/v2\/media?parent=4472"}],"wp:term":[{"taxonomy":"product_brand","embeddable":true,"href":"https:\/\/filatelia.cuentista.es\/en\/wp-json\/wp\/v2\/product_brand?post=4472"},{"taxonomy":"product_cat","embeddable":true,"href":"https:\/\/filatelia.cuentista.es\/en\/wp-json\/wp\/v2\/product_cat?post=4472"},{"taxonomy":"product_tag","embeddable":true,"href":"https:\/\/filatelia.cuentista.es\/en\/wp-json\/wp\/v2\/product_tag?post=4472"}],"curies":[{"name":"wp","href":"https:\/\/api.w.org\/{rel}","templated":true}]}}