{"id":446,"date":"2024-07-20T06:38:58","date_gmt":"2024-07-20T06:38:58","guid":{"rendered":"https:\/\/filatelia.cuentista.es\/product\/dia-mundial-del-sello-leon"},"modified":"2024-08-08T20:17:31","modified_gmt":"2024-08-08T20:17:31","slug":"dia-mundial-del-sello-leon","status":"publish","type":"product","link":"https:\/\/filatelia.cuentista.es\/en\/product\/dia-mundial-del-sello-leon","title":{"rendered":"Sobre Primer D\u00eda &#8211; Dia mundial del sello &#8211; Leon 1975"},"content":{"rendered":"<p>Sobre Primer D\u00eda &#8211; Dia mundial del sello &#8211; Leon &#8211; Con un valor de 3 Ptas y matasellado en madrid 6 de Mayo de 1975<\/p>\n<p>1975. 6 may. D\u00eda mundial del sello. EDIFIL 2261<\/p>\n<p>O. M. de 21 de diciembre de 1974.<br \/>\nMotivo: Marca prefilat\u00e9lica de Le\u00f3n (1836-1942), en color azul.<br \/>\nImpreso en huecograbado.<br \/>\nTama\u00f1o: 33,2 x 28,8 mm.<br \/>\nPliegos de: 100 sellos.<br \/>\nDentado 13 1\/4.<br \/>\nTirada: 20.000.000.<\/p>\n<p><b>Le\u00f3n<\/b>\u00a0(en\u00a0<a class=\"mw-redirect\" title=\"Idioma leon\u00e9s\" href=\"https:\/\/es.wikipedia.org\/wiki\/Idioma_leon%C3%A9s\">leon\u00e9s<\/a>,\u00a0<i>Lli\u00f3n<\/i>)<sup id=\"cite_ref-7\" class=\"reference separada\"><a href=\"https:\/\/es.wikipedia.org\/wiki\/Le%C3%B3n_(Espa%C3%B1a)#cite_note-7\">7<\/a><\/sup>\u200b<sup id=\"cite_ref-8\" class=\"reference separada\"><a href=\"https:\/\/es.wikipedia.org\/wiki\/Le%C3%B3n_(Espa%C3%B1a)#cite_note-8\">8<\/a><\/sup>\u200b es un\u00a0<a title=\"Municipio (Espa\u00f1a)\" href=\"https:\/\/es.wikipedia.org\/wiki\/Municipio_(Espa%C3%B1a)\">municipio<\/a><sup id=\"cite_ref-9\" class=\"reference separada\"><a href=\"https:\/\/es.wikipedia.org\/wiki\/Le%C3%B3n_(Espa%C3%B1a)#cite_note-9\">9<\/a><\/sup>\u200b y ciudad\u00a0<a title=\"Espa\u00f1a\" href=\"https:\/\/es.wikipedia.org\/wiki\/Espa%C3%B1a\">espa\u00f1ola<\/a>\u00a0en el noroeste de la\u00a0<a title=\"Pen\u00ednsula ib\u00e9rica\" href=\"https:\/\/es.wikipedia.org\/wiki\/Pen%C3%ADnsula_ib%C3%A9rica\">pen\u00ednsula ib\u00e9rica<\/a>, capital de la\u00a0<a title=\"Provincia de Le\u00f3n\" href=\"https:\/\/es.wikipedia.org\/wiki\/Provincia_de_Le%C3%B3n\">provincia hom\u00f3nima<\/a>, en la comunidad aut\u00f3noma de\u00a0<a title=\"Castilla y Le\u00f3n\" href=\"https:\/\/es.wikipedia.org\/wiki\/Castilla_y_Le%C3%B3n\">Castilla y Le\u00f3n<\/a>. Le\u00f3n contaba en enero de 2021 con\u00a0122\u00a0051 habitantes<sup id=\"cite_ref-10\" class=\"reference separada\"><a href=\"https:\/\/es.wikipedia.org\/wiki\/Le%C3%B3n_(Espa%C3%B1a)#cite_note-10\">10<\/a><\/sup>\u200b repartidos en una superficie de 39,03 km\u00b2, y un\u00a0<a title=\"\u00c1rea metropolitana de Le\u00f3n (Espa\u00f1a)\" href=\"https:\/\/es.wikipedia.org\/wiki\/%C3%81rea_metropolitana_de_Le%C3%B3n_(Espa%C3%B1a)\">\u00e1rea metropolitana<\/a>\u00a0de 203\u00a0191 habitantes seg\u00fan el mapa de \u00e1reas funcionales de la\u00a0<a title=\"Junta de Castilla y Le\u00f3n\" href=\"https:\/\/es.wikipedia.org\/wiki\/Junta_de_Castilla_y_Le%C3%B3n\">Junta de Castilla y Le\u00f3n<\/a>\u00a0(otros proyectos dan cifras diferentes)<sup id=\"cite_ref-11\" class=\"reference separada\"><a href=\"https:\/\/es.wikipedia.org\/wiki\/Le%C3%B3n_(Espa%C3%B1a)#cite_note-11\">11<\/a><\/sup>\u200b distribuidos en quince municipios.<\/p>","protected":false},"excerpt":{"rendered":"<p>Sobre Primer D\u00eda &#8211; Dia mundial del sello &#8211; Leon &#8211; Con un valor de 3 Ptas y matasellado en madrid 6 de Mayo de 1975<\/p>\n<p>1975. 6 may. D\u00eda mundial del sello. EDIFIL 2261<\/p>","protected":false},"featured_media":1268,"comment_status":"open","ping_status":"closed","template":"","meta":{"_acf_changed":false},"product_brand":[],"product_cat":[19],"product_tag":[70,632,101,190,68,93,189],"class_list":{"0":"post-446","1":"product","2":"type-product","3":"status-publish","4":"has-post-thumbnail","6":"product_cat-spd-sobres-primer-dia","7":"product_tag-70","8":"product_tag-dia-mundial-del-sello","9":"product_tag-espana","10":"product_tag-fdc","11":"product_tag-filatelia","12":"product_tag-leon","13":"product_tag-spd","14":"thunk-woo-product-list","15":"opn-qv-enable","16":"open-woo-hover-zoom","17":"open-single-product-tab-horizontal","18":"open-shadow-","19":"open-shadow-hover-","21":"first","22":"instock","23":"sale","24":"shipping-taxable","25":"purchasable","26":"product-type-simple"},"acf":[],"jetpack_sharing_enabled":true,"_links":{"self":[{"href":"https:\/\/filatelia.cuentista.es\/en\/wp-json\/wp\/v2\/product\/446","targetHints":{"allow":["GET"]}}],"collection":[{"href":"https:\/\/filatelia.cuentista.es\/en\/wp-json\/wp\/v2\/product"}],"about":[{"href":"https:\/\/filatelia.cuentista.es\/en\/wp-json\/wp\/v2\/types\/product"}],"replies":[{"embeddable":true,"href":"https:\/\/filatelia.cuentista.es\/en\/wp-json\/wp\/v2\/comments?post=446"}],"wp:featuredmedia":[{"embeddable":true,"href":"https:\/\/filatelia.cuentista.es\/en\/wp-json\/wp\/v2\/media\/1268"}],"wp:attachment":[{"href":"https:\/\/filatelia.cuentista.es\/en\/wp-json\/wp\/v2\/media?parent=446"}],"wp:term":[{"taxonomy":"product_brand","embeddable":true,"href":"https:\/\/filatelia.cuentista.es\/en\/wp-json\/wp\/v2\/product_brand?post=446"},{"taxonomy":"product_cat","embeddable":true,"href":"https:\/\/filatelia.cuentista.es\/en\/wp-json\/wp\/v2\/product_cat?post=446"},{"taxonomy":"product_tag","embeddable":true,"href":"https:\/\/filatelia.cuentista.es\/en\/wp-json\/wp\/v2\/product_tag?post=446"}],"curies":[{"name":"wp","href":"https:\/\/api.w.org\/{rel}","templated":true}]}}