{"id":445,"date":"2024-07-20T06:38:58","date_gmt":"2024-07-20T06:38:58","guid":{"rendered":"https:\/\/filatelia.cuentista.es\/product\/ano-internacional-de-la-mujer"},"modified":"2024-08-08T20:23:48","modified_gmt":"2024-08-08T20:23:48","slug":"ano-internacional-de-la-mujer","status":"publish","type":"product","link":"https:\/\/filatelia.cuentista.es\/en\/product\/ano-internacional-de-la-mujer","title":{"rendered":"Sobre Primer D\u00eda &#8211; A\u00f1o internacional de la Mujer &#8211; 1975"},"content":{"rendered":"<p>Sobre Primer D\u00eda &#8211; A\u00f1o internacional de la Mujer &#8211; 1975 &#8211; Sobre Alfil con impresion marron &#8211; Sello de 3 ptas<\/p>\n<p>EDIFIL 2264<\/p>\n<p>La Organizaci\u00f3n de las Naciones Unidas ha declarado el a\u00f1o 1975 como A\u00f1o Internacional de la Mujer. Espa\u00f1a, mediante la emisi\u00f3n de este sello de 3 pta., se une al homenaje mundial; cuyo principal motivo es equiparar los derechos de la mujer con los del hombre, intentando as\u00ed eliminar las diferencia existentes entre ambos sexos, tanto en el plano social, como en el pol\u00edtico, econ\u00f3mico, cultural, etc., y particularmente en el derecho familiar, as\u00ed como en el campo del derecho civil.<\/p>\n<p>En el sello aparecen hombres y mujeres de distintas razas y la balanza con los signos femenino y masculino con igualdad en su peso. Tambi\u00e9n aparece el logo creado para la ocasi\u00f3n.<\/p>\n<p>&nbsp;<\/p>","protected":false},"excerpt":{"rendered":"<p>Sobre Primer D\u00eda &#8211; A\u00f1o internacional de la Mujer &#8211; 1975 &#8211; Sobre Alfil con impresion marron &#8211; Sello de 3 ptas<\/p>","protected":false},"featured_media":1271,"comment_status":"open","ping_status":"closed","template":"","meta":{"_acf_changed":false},"product_brand":[],"product_cat":[19],"product_tag":[70,634,101,190,633,55,189],"class_list":{"0":"post-445","1":"product","2":"type-product","3":"status-publish","4":"has-post-thumbnail","6":"product_cat-spd-sobres-primer-dia","7":"product_tag-70","8":"product_tag-ano-internacional-de-la-mujer","9":"product_tag-espana","10":"product_tag-fdc","11":"product_tag-igualdad","12":"product_tag-mujer","13":"product_tag-spd","14":"thunk-woo-product-list","15":"opn-qv-enable","16":"open-woo-hover-zoom","17":"open-single-product-tab-horizontal","18":"open-shadow-","19":"open-shadow-hover-","21":"first","22":"instock","23":"sale","24":"shipping-taxable","25":"purchasable","26":"product-type-simple"},"acf":[],"jetpack_sharing_enabled":true,"_links":{"self":[{"href":"https:\/\/filatelia.cuentista.es\/en\/wp-json\/wp\/v2\/product\/445","targetHints":{"allow":["GET"]}}],"collection":[{"href":"https:\/\/filatelia.cuentista.es\/en\/wp-json\/wp\/v2\/product"}],"about":[{"href":"https:\/\/filatelia.cuentista.es\/en\/wp-json\/wp\/v2\/types\/product"}],"replies":[{"embeddable":true,"href":"https:\/\/filatelia.cuentista.es\/en\/wp-json\/wp\/v2\/comments?post=445"}],"wp:featuredmedia":[{"embeddable":true,"href":"https:\/\/filatelia.cuentista.es\/en\/wp-json\/wp\/v2\/media\/1271"}],"wp:attachment":[{"href":"https:\/\/filatelia.cuentista.es\/en\/wp-json\/wp\/v2\/media?parent=445"}],"wp:term":[{"taxonomy":"product_brand","embeddable":true,"href":"https:\/\/filatelia.cuentista.es\/en\/wp-json\/wp\/v2\/product_brand?post=445"},{"taxonomy":"product_cat","embeddable":true,"href":"https:\/\/filatelia.cuentista.es\/en\/wp-json\/wp\/v2\/product_cat?post=445"},{"taxonomy":"product_tag","embeddable":true,"href":"https:\/\/filatelia.cuentista.es\/en\/wp-json\/wp\/v2\/product_tag?post=445"}],"curies":[{"name":"wp","href":"https:\/\/api.w.org\/{rel}","templated":true}]}}