{"id":443,"date":"2024-07-20T06:38:57","date_gmt":"2024-07-20T06:38:57","guid":{"rendered":"https:\/\/filatelia.cuentista.es\/product\/i-asamblea-organizacion-mundial-del-turismo"},"modified":"2024-08-08T20:29:15","modified_gmt":"2024-08-08T20:29:15","slug":"i-asamblea-organizacion-mundial-del-turismo","status":"publish","type":"product","link":"https:\/\/filatelia.cuentista.es\/en\/product\/i-asamblea-organizacion-mundial-del-turismo","title":{"rendered":"I Asamblea Organizaci\u00f3n Mundial del Turismo"},"content":{"rendered":"<p>Sobre Primer D\u00eda &#8211; I Asamblea Organizaci\u00f3n Mundial del Turismo, 1975 &#8211; Sello azul valor 3 ptas en sobre ALFIL<\/p>\n<p>Asamblea celebrada en Madrid en Mayo de 1975 &#8211; Matasellado en Madrid<\/p>\n<p><b>ONU Turismo<\/b>, anteriormente conocida como la\u00a0<b>Organizaci\u00f3n Mundial del Turismo<\/b>\u00a0(<b>OMT<\/b>),<sup id=\"cite_ref-1\" class=\"reference separada\"><a href=\"https:\/\/es.wikipedia.org\/wiki\/Organizaci%C3%B3n_Mundial_del_Turismo#cite_note-1\">1<\/a><\/sup>\u200b es un\u00a0<a title=\"Organismo internacional\" href=\"https:\/\/es.wikipedia.org\/wiki\/Organismo_internacional\">organismo internacional<\/a>\u00a0que tiene como prop\u00f3sito promover el\u00a0<a title=\"Turismo\" href=\"https:\/\/es.wikipedia.org\/wiki\/Turismo\">turismo<\/a>. Formalmente vinculada a las\u00a0<a title=\"Organizaci\u00f3n de las Naciones Unidas\" href=\"https:\/\/es.wikipedia.org\/wiki\/Organizaci%C3%B3n_de_las_Naciones_Unidas\">Naciones Unidas<\/a>\u00a0desde 1976 al transformarse en una\u00a0<a title=\"Instituci\u00f3n\" href=\"https:\/\/es.wikipedia.org\/wiki\/Instituci%C3%B3n\">agencia<\/a>\u00a0ejecutiva del\u00a0<a class=\"mw-redirect\" title=\"PNUD\" href=\"https:\/\/es.wikipedia.org\/wiki\/PNUD\">PNUD<\/a>. En 1977 se firm\u00f3 un convenio que formaliz\u00f3 la colaboraci\u00f3n con las Naciones Unidas, siendo un organismo especializado del sistema de las Naciones Unidas desde 2003, dependiente del\u00a0<a title=\"Consejo Econ\u00f3mico y Social de las Naciones Unidas\" href=\"https:\/\/es.wikipedia.org\/wiki\/Consejo_Econ%C3%B3mico_y_Social_de_las_Naciones_Unidas\">Consejo Econ\u00f3mico y Social de las Naciones Unidas<\/a>. Tiene su sede en\u00a0<a title=\"Madrid\" href=\"https:\/\/es.wikipedia.org\/wiki\/Madrid\">Madrid<\/a>\u00a0(<a title=\"Espa\u00f1a\" href=\"https:\/\/es.wikipedia.org\/wiki\/Espa%C3%B1a\">Espa\u00f1a<\/a>) y cuenta con 160 Estados miembros, 6 territorios y m\u00e1s de 500 miembros del sector privado, instituciones educativas, asociaciones de turismo y autoridades locales de turismo (en 2018).<sup id=\"cite_ref-2\" class=\"reference separada\"><a href=\"https:\/\/es.wikipedia.org\/wiki\/Organizaci%C3%B3n_Mundial_del_Turismo#cite_note-2\">2<\/a><\/sup>\u200b El d\u00eda mundial del turismo se celebra el 27 de septiembre, coincidiendo con la fecha de aprobaci\u00f3n de sus estatutos.<\/p>\n<p>1975. 12 may. Primera Asamblea Constituyente de la Organizaci\u00f3n Mundial del Turismo.<\/p>\n<p>O. M. de 15 de abril de 1975.<br \/>\nMotivo: Emblema de la Asamblea.<br \/>\nImpreso en huecograbado.<br \/>\nTama\u00f1o: 40,9 x 28,8 mm.<br \/>\nPliegos de:80 sellos.<br \/>\nDentado 13.<br \/>\nTirada: 6.000.000.<\/p>\n<p>&nbsp;<\/p>","protected":false},"excerpt":{"rendered":"<p>Sobre Primer D\u00eda &#8211; I Asamblea Organizaci\u00f3n Mundial del Turismo, 1975 &#8211; Sello azul valor 3 ptas en sobre ALFIL<\/p>\n<p>Asamblea celebrada en Madrid en Mayo de 1975 &#8211; Matasellado en Madrid<\/p>","protected":false},"featured_media":1274,"comment_status":"open","ping_status":"closed","template":"","meta":{"_acf_changed":false},"product_brand":[],"product_cat":[19],"product_tag":[70,67,101,190,441,635,636,189,122],"class_list":{"0":"post-443","1":"product","2":"type-product","3":"status-publish","4":"has-post-thumbnail","6":"product_cat-spd-sobres-primer-dia","7":"product_tag-70","8":"product_tag-asamblea","9":"product_tag-espana","10":"product_tag-fdc","11":"product_tag-madrid","12":"product_tag-omt","13":"product_tag-organizacion","14":"product_tag-spd","15":"product_tag-turismo","16":"thunk-woo-product-list","17":"opn-qv-enable","18":"open-woo-hover-zoom","19":"open-single-product-tab-horizontal","20":"open-shadow-","21":"open-shadow-hover-","23":"first","24":"instock","25":"sale","26":"shipping-taxable","27":"purchasable","28":"product-type-simple"},"acf":[],"jetpack_sharing_enabled":true,"_links":{"self":[{"href":"https:\/\/filatelia.cuentista.es\/en\/wp-json\/wp\/v2\/product\/443","targetHints":{"allow":["GET"]}}],"collection":[{"href":"https:\/\/filatelia.cuentista.es\/en\/wp-json\/wp\/v2\/product"}],"about":[{"href":"https:\/\/filatelia.cuentista.es\/en\/wp-json\/wp\/v2\/types\/product"}],"replies":[{"embeddable":true,"href":"https:\/\/filatelia.cuentista.es\/en\/wp-json\/wp\/v2\/comments?post=443"}],"wp:featuredmedia":[{"embeddable":true,"href":"https:\/\/filatelia.cuentista.es\/en\/wp-json\/wp\/v2\/media\/1274"}],"wp:attachment":[{"href":"https:\/\/filatelia.cuentista.es\/en\/wp-json\/wp\/v2\/media?parent=443"}],"wp:term":[{"taxonomy":"product_brand","embeddable":true,"href":"https:\/\/filatelia.cuentista.es\/en\/wp-json\/wp\/v2\/product_brand?post=443"},{"taxonomy":"product_cat","embeddable":true,"href":"https:\/\/filatelia.cuentista.es\/en\/wp-json\/wp\/v2\/product_cat?post=443"},{"taxonomy":"product_tag","embeddable":true,"href":"https:\/\/filatelia.cuentista.es\/en\/wp-json\/wp\/v2\/product_tag?post=443"}],"curies":[{"name":"wp","href":"https:\/\/api.w.org\/{rel}","templated":true}]}}