{"id":441,"date":"2024-07-20T06:38:56","date_gmt":"2024-07-20T06:38:56","guid":{"rendered":"https:\/\/filatelia.cuentista.es\/product\/xxv-aniversario-feria-del-campo"},"modified":"2024-08-09T17:52:37","modified_gmt":"2024-08-09T17:52:37","slug":"xxv-aniversario-feria-del-campo","status":"publish","type":"product","link":"https:\/\/filatelia.cuentista.es\/en\/product\/xxv-aniversario-feria-del-campo","title":{"rendered":"Sobre Primer Dia &#8211; XXV Aniversario &#8211; F\u00e9ria del Campo &#8211; 1975"},"content":{"rendered":"<p>Sobre Primer Dia &#8211; XXV Aniversario &#8211; F\u00e9ria del Campo &#8211; 1975 en sobre ALFIL con valor de 3 ptas<\/p>\n<p>1975. 14 may. XXV Aniversario de la Feria del Campo.<\/p>\n<p>EDIFIL 2263<\/p>\n<p>O. M. de 21 de diciembre de 1974.<br \/>\nMotivo: Alegor\u00eda y logotipo.<br \/>\nImpreso en huecograbado.<br \/>\nTama\u00f1o: 28,8 x 40,9 mm.<br \/>\nPliegos de: 80 sellos.<br \/>\nDentado 13.<br \/>\nTirada: 10.000.000.<\/p>\n<p>La Feria del Campo era una exposici\u00f3n bienal de car\u00e1cter internacional -s\u00f3lo la primera fue nacional- que se inici\u00f3 en los a\u00f1os 50 y que se mantuvo hasta principios de los 70 que se celebraba en la\u00a0<a title=\"Casa de Campo\" href=\"https:\/\/madripedia.wikis.cc\/wiki\/Casa_de_Campo\">Casa de Campo<\/a>.<\/p>\n<p>Se trataba de un certamen al que acud\u00edan las distintas provincias espa\u00f1olas y algunos pa\u00edses americanos, trayendo muestras de lo mejor de la caba\u00f1a ganadera, productos agr\u00edcolas, cer\u00e1mica, etc. As\u00ed como lo \u00faltimo en material agropecuario que se entremezclaba con los aperos tradicionales en los distintos pabellones provinciales. Todo esto se complementaba con concursos ganaderos donde se pod\u00edan apreciar los mejores ejemplares de las distintas razas de ganado bovino, ovino\u2026, bailes y m\u00fasica regional y la degustaci\u00f3n de los productos t\u00edpicos de cada provincia o regi\u00f3n.<\/p>","protected":false},"excerpt":{"rendered":"<p>Sobre Primer Dia &#8211; XXV Aniversario &#8211; F\u00e9ria del Campo &#8211; 1975 en sobre ALFIL con valor de 3 ptas<\/p>","protected":false},"featured_media":1298,"comment_status":"open","ping_status":"closed","template":"","meta":{"_acf_changed":false},"product_brand":[],"product_cat":[19],"product_tag":[70,649,156,648,101,210,650],"class_list":{"0":"post-441","1":"product","2":"type-product","3":"status-publish","4":"has-post-thumbnail","6":"product_cat-spd-sobres-primer-dia","7":"product_tag-70","8":"product_tag-alfil","9":"product_tag-aniversario","10":"product_tag-campo","11":"product_tag-espana","12":"product_tag-feria","13":"product_tag-tractor","14":"thunk-woo-product-list","15":"opn-qv-enable","16":"open-woo-hover-zoom","17":"open-single-product-tab-horizontal","18":"open-shadow-","19":"open-shadow-hover-","21":"first","22":"instock","23":"sale","24":"shipping-taxable","25":"purchasable","26":"product-type-simple"},"acf":[],"jetpack_sharing_enabled":true,"_links":{"self":[{"href":"https:\/\/filatelia.cuentista.es\/en\/wp-json\/wp\/v2\/product\/441","targetHints":{"allow":["GET"]}}],"collection":[{"href":"https:\/\/filatelia.cuentista.es\/en\/wp-json\/wp\/v2\/product"}],"about":[{"href":"https:\/\/filatelia.cuentista.es\/en\/wp-json\/wp\/v2\/types\/product"}],"replies":[{"embeddable":true,"href":"https:\/\/filatelia.cuentista.es\/en\/wp-json\/wp\/v2\/comments?post=441"}],"wp:featuredmedia":[{"embeddable":true,"href":"https:\/\/filatelia.cuentista.es\/en\/wp-json\/wp\/v2\/media\/1298"}],"wp:attachment":[{"href":"https:\/\/filatelia.cuentista.es\/en\/wp-json\/wp\/v2\/media?parent=441"}],"wp:term":[{"taxonomy":"product_brand","embeddable":true,"href":"https:\/\/filatelia.cuentista.es\/en\/wp-json\/wp\/v2\/product_brand?post=441"},{"taxonomy":"product_cat","embeddable":true,"href":"https:\/\/filatelia.cuentista.es\/en\/wp-json\/wp\/v2\/product_cat?post=441"},{"taxonomy":"product_tag","embeddable":true,"href":"https:\/\/filatelia.cuentista.es\/en\/wp-json\/wp\/v2\/product_tag?post=441"}],"curies":[{"name":"wp","href":"https:\/\/api.w.org\/{rel}","templated":true}]}}