{"id":440,"date":"2024-07-20T06:38:56","date_gmt":"2024-07-20T06:38:56","guid":{"rendered":"https:\/\/filatelia.cuentista.es\/product\/fiesta-de-la-hispanidad-puerto-rico-2"},"modified":"2024-08-09T11:49:40","modified_gmt":"2024-08-09T11:49:40","slug":"fiesta-de-la-hispanidad-puerto-rico-2","status":"publish","type":"product","link":"https:\/\/filatelia.cuentista.es\/en\/product\/fiesta-de-la-hispanidad-puerto-rico-2","title":{"rendered":"Sobre Primer D\u00eda &#8211; Fiesta de la hispanidad- Puerto Rico &#8211; 1972"},"content":{"rendered":"<p>Sobre Primer D\u00eda &#8211; Fiesta de la hispanidad- Sn Juan de Puerto Rico &#8211; 1972 con dos sellos de 5 y 2 pesetas en sobre de ALFIL<\/p>\n<p><b>San Juan<\/b>\u00a0(nombre oficial:\u00a0<i>Municipio Aut\u00f3nomo de San Juan Bautista<\/i>) es la ciudad capital de\u00a0<a title=\"Puerto Rico\" href=\"https:\/\/es.wikipedia.org\/wiki\/Puerto_Rico\">Puerto Rico<\/a>\u00a0y uno de los\u00a0<a title=\"Anexo:Municipios de Puerto Rico\" href=\"https:\/\/es.wikipedia.org\/wiki\/Anexo:Municipios_de_Puerto_Rico#Lista_de_municipios\">78 municipios<\/a><sup id=\"cite_ref-2\" class=\"reference separada\"><a href=\"https:\/\/es.wikipedia.org\/wiki\/San_Juan_(Puerto_Rico)#cite_note-2\">2<\/a><\/sup>\u200bdel\u00a0<a title=\"Estado libre asociado\" href=\"https:\/\/es.wikipedia.org\/wiki\/Estado_libre_asociado\">Estado Libre Asociado<\/a>\u00a0de\u00a0<a title=\"Puerto Rico\" href=\"https:\/\/es.wikipedia.org\/wiki\/Puerto_Rico\">Puerto Rico<\/a>. En el\u00a0<a title=\"\" href=\"https:\/\/es.wikipedia.org\/wiki\/Censo_de_los_Estados_Unidos_de_2010\">Censo de 2010<\/a>\u00a0ten\u00eda una poblaci\u00f3n de 442 447 habitantes y una densidad poblacional de 1983,45 personas por km\u00b2.<sup id=\"cite_ref-GR6_3-0\" class=\"reference separada\"><a href=\"https:\/\/es.wikipedia.org\/wiki\/San_Juan_(Puerto_Rico)#cite_note-GR6-3\">3<\/a><\/sup>\u200b<\/p>\n<div id=\"tab-content\" class=\"tab-content\">\n<div id=\"description\" class=\"tab-pane fade in active\" role=\"tabpanel\">\n<div class=\"product-description\">1972. 12 oct. Hispanidad.<\/p>\n<p>O. M. de 17 de abril de 1972.<br \/>\nMotivos:<br \/>\n2107, \u00abBrigadier Miguel Antonio de Ustariz\u00bb, \u00f3leo de Jos\u00e9 Campeche;<br \/>\n2108, Ciudad de San Juan de Puerto Rico, hacia 1870, vista desde el castillo de San Crist\u00f3bal, litograf\u00eda de Deroy;<br \/>\n2109, Vista de San Juan de Puerto Rico, hacia 1625, grabado de Schenk;<br \/>\n2110, \u00abPlano que manifiesta la situaci\u00f3n de la Plaza de San Juan de Puerto Rico y sus fortificaciones en su actual estado y descripci\u00f3n de su poblaci\u00f3n\u00bb, de 1792.<br \/>\nImpresos en huecograbado.<br \/>\nTama\u00f1os:<br \/>\n2107, 2109 y 2110, 28,8 x 40,9 mm<br \/>\n2108, 40,9 x 28,8 mm.<br \/>\nPliegos de 80 sellos.<br \/>\nDentado 13.<br \/>\nTirada: 6.000.000 de cada valor.<\/p><\/div>\n<\/div>\n<\/div>","protected":false},"excerpt":{"rendered":"<p>Sobre Primer D\u00eda &#8211; Fiesta de la hispanidad- Sn Juan de Puerto Rico &#8211; 1972 con dos sellos de 5 y 2 pesetas<\/p>\n<div id=\"tab-content\" class=\"tab-content\">\n<div id=\"description\" class=\"tab-pane fade in active\" role=\"tabpanel\">\n<div class=\"product-description\"><\/div>\n<\/div>\n<\/div>","protected":false},"featured_media":1275,"comment_status":"open","ping_status":"closed","template":"","meta":{"_acf_changed":false},"product_brand":[],"product_cat":[19],"product_tag":[86,101,190,121,638,637,189],"class_list":{"0":"post-440","1":"product","2":"type-product","3":"status-publish","4":"has-post-thumbnail","6":"product_cat-spd-sobres-primer-dia","7":"product_tag-86","8":"product_tag-espana","9":"product_tag-fdc","10":"product_tag-hispanidad","11":"product_tag-puerto-rico","12":"product_tag-san-juan","13":"product_tag-spd","14":"thunk-woo-product-list","15":"opn-qv-enable","16":"open-woo-hover-zoom","17":"open-single-product-tab-horizontal","18":"open-shadow-","19":"open-shadow-hover-","21":"first","22":"instock","23":"sale","24":"shipping-taxable","25":"purchasable","26":"product-type-simple"},"acf":[],"jetpack_sharing_enabled":true,"_links":{"self":[{"href":"https:\/\/filatelia.cuentista.es\/en\/wp-json\/wp\/v2\/product\/440","targetHints":{"allow":["GET"]}}],"collection":[{"href":"https:\/\/filatelia.cuentista.es\/en\/wp-json\/wp\/v2\/product"}],"about":[{"href":"https:\/\/filatelia.cuentista.es\/en\/wp-json\/wp\/v2\/types\/product"}],"replies":[{"embeddable":true,"href":"https:\/\/filatelia.cuentista.es\/en\/wp-json\/wp\/v2\/comments?post=440"}],"wp:featuredmedia":[{"embeddable":true,"href":"https:\/\/filatelia.cuentista.es\/en\/wp-json\/wp\/v2\/media\/1275"}],"wp:attachment":[{"href":"https:\/\/filatelia.cuentista.es\/en\/wp-json\/wp\/v2\/media?parent=440"}],"wp:term":[{"taxonomy":"product_brand","embeddable":true,"href":"https:\/\/filatelia.cuentista.es\/en\/wp-json\/wp\/v2\/product_brand?post=440"},{"taxonomy":"product_cat","embeddable":true,"href":"https:\/\/filatelia.cuentista.es\/en\/wp-json\/wp\/v2\/product_cat?post=440"},{"taxonomy":"product_tag","embeddable":true,"href":"https:\/\/filatelia.cuentista.es\/en\/wp-json\/wp\/v2\/product_tag?post=440"}],"curies":[{"name":"wp","href":"https:\/\/api.w.org\/{rel}","templated":true}]}}