{"id":439,"date":"2024-07-20T06:38:55","date_gmt":"2024-07-20T06:38:55","guid":{"rendered":"https:\/\/filatelia.cuentista.es\/product\/fiesta-de-la-hispanidad-brigadier-listarriz-2"},"modified":"2024-08-09T18:02:09","modified_gmt":"2024-08-09T18:02:09","slug":"fiesta-de-la-hispanidad-brigadier-listarriz-2","status":"publish","type":"product","link":"https:\/\/filatelia.cuentista.es\/en\/product\/fiesta-de-la-hispanidad-brigadier-listarriz-2","title":{"rendered":"Sobre Primer Dia &#8211; Fiesta de la hispanidad &#8211; Brigadier Ustariz &#8211; Puerto Rico &#8211; 1972"},"content":{"rendered":"<p>Sobre Primer Dia &#8211; Fiesta de la hispanidad &#8211; Brigadier Ustariz &#8211; Puerto Rico &#8211; 1972<\/p>\n<p>Sobre Alfil con dos valores de 8 y 1 pta , matasellado en madrid<\/p>\n<p><b>Miguel Antonio de Ust\u00e1riz<\/b>, (\u2020 en aguas del Atl\u00e1ntico, 1792), fue gobernador de\u00a0<a title=\"Puerto Rico\" href=\"https:\/\/es.wikipedia.org\/wiki\/Puerto_Rico\">Puerto Rico<\/a>\u00a0entre 1789 y 1792.<\/p>\n<p>Ostentaba el grado de\u00a0<a title=\"Brigadier\" href=\"https:\/\/es.wikipedia.org\/wiki\/Brigadier\">brigadier<\/a>, y lleg\u00f3 a ocupar el cargo de\u00a0<a class=\"mw-redirect\" title=\"Anexo:Gobernadores de Puerto Rico\" href=\"https:\/\/es.wikipedia.org\/wiki\/Anexo:Gobernadores_de_Puerto_Rico\">gobernador de Puerto Rico<\/a>, reinando en\u00a0<a title=\"\" href=\"https:\/\/es.wikipedia.org\/wiki\/Espa%C3%B1a\">Espa\u00f1a<\/a>,\u00a0<a title=\"Carlos IV de Espa\u00f1a\" href=\"https:\/\/es.wikipedia.org\/wiki\/Carlos_IV_de_Espa%C3%B1a\">Carlos IV<\/a>, entre el 8 de julio de 1789 y el 19 de mayo de 1792.<\/p>\n<p>1972. 12 oct. Hispanidad.<\/p>\n<p>O. M. de 17 de abril de 1972.<br \/>\nMotivos:<br \/>\n2107, \u00abBrigadier Miguel Antonio de Ustariz\u00bb, \u00f3leo de Jos\u00e9 Campeche;<br \/>\n2108, Ciudad de San Juan de Puerto Rico, hacia 1870, vista desde el castillo de San Crist\u00f3bal, litograf\u00eda de Deroy;<br \/>\n2109, Vista de San Juan de Puerto Rico, hacia 1625, grabado de Schenk;<br \/>\n2110, \u00abPlano que manifiesta la situaci\u00f3n de la Plaza de San Juan de Puerto Rico y sus fortificaciones en su actual estado y descripci\u00f3n de su poblaci\u00f3n\u00bb, de 1792.<br \/>\nImpresos en huecograbado.<br \/>\nTama\u00f1os:<br \/>\n2107, 2109 y 2110, 28,8 x 40,9 mm<br \/>\n2108, 40,9 x 28,8 mm.<br \/>\nPliegos de 80 sellos.<br \/>\nDentado 13.<br \/>\nTirada: 6.000.000 de cada valor.<\/p>","protected":false},"excerpt":{"rendered":"<p>Sobre Primer Dia &#8211; Fiesta de la hispanidad &#8211; Brigadier Ustariz &#8211; Puerto Rico &#8211; 1972<\/p>\n<p>Sobre Alfil con dos valores de 8 y 1 pta ,matasellado en madrid<\/p>","protected":false},"featured_media":1301,"comment_status":"open","ping_status":"closed","template":"","meta":{"_acf_changed":false},"product_brand":[],"product_cat":[19],"product_tag":[86,652,101,121,638,653],"class_list":{"0":"post-439","1":"product","2":"type-product","3":"status-publish","4":"has-post-thumbnail","6":"product_cat-spd-sobres-primer-dia","7":"product_tag-86","8":"product_tag-brigadier","9":"product_tag-espana","10":"product_tag-hispanidad","11":"product_tag-puerto-rico","12":"product_tag-ustariz","13":"thunk-woo-product-list","14":"opn-qv-enable","15":"open-woo-hover-zoom","16":"open-single-product-tab-horizontal","17":"open-shadow-","18":"open-shadow-hover-","20":"first","21":"instock","22":"sale","23":"shipping-taxable","24":"purchasable","25":"product-type-simple"},"acf":[],"jetpack_sharing_enabled":true,"_links":{"self":[{"href":"https:\/\/filatelia.cuentista.es\/en\/wp-json\/wp\/v2\/product\/439","targetHints":{"allow":["GET"]}}],"collection":[{"href":"https:\/\/filatelia.cuentista.es\/en\/wp-json\/wp\/v2\/product"}],"about":[{"href":"https:\/\/filatelia.cuentista.es\/en\/wp-json\/wp\/v2\/types\/product"}],"replies":[{"embeddable":true,"href":"https:\/\/filatelia.cuentista.es\/en\/wp-json\/wp\/v2\/comments?post=439"}],"wp:featuredmedia":[{"embeddable":true,"href":"https:\/\/filatelia.cuentista.es\/en\/wp-json\/wp\/v2\/media\/1301"}],"wp:attachment":[{"href":"https:\/\/filatelia.cuentista.es\/en\/wp-json\/wp\/v2\/media?parent=439"}],"wp:term":[{"taxonomy":"product_brand","embeddable":true,"href":"https:\/\/filatelia.cuentista.es\/en\/wp-json\/wp\/v2\/product_brand?post=439"},{"taxonomy":"product_cat","embeddable":true,"href":"https:\/\/filatelia.cuentista.es\/en\/wp-json\/wp\/v2\/product_cat?post=439"},{"taxonomy":"product_tag","embeddable":true,"href":"https:\/\/filatelia.cuentista.es\/en\/wp-json\/wp\/v2\/product_tag?post=439"}],"curies":[{"name":"wp","href":"https:\/\/api.w.org\/{rel}","templated":true}]}}