{"id":436,"date":"2024-07-20T06:38:54","date_gmt":"2024-07-20T06:38:54","guid":{"rendered":"https:\/\/filatelia.cuentista.es\/product\/la-dama-de-baza-europa-2"},"modified":"2024-08-14T15:00:11","modified_gmt":"2024-08-14T15:00:11","slug":"la-dama-de-baza-europa-2","status":"publish","type":"product","link":"https:\/\/filatelia.cuentista.es\/en\/product\/la-dama-de-baza-europa-2","title":{"rendered":"Sobre Primer D\u00eda &#8211; La Dama de Baza EUROPA, 1974 &#8211; Matasellado Barcelona"},"content":{"rendered":"<p>Sobre Primer D\u00eda &#8211; La Dama de Baza EUROPA, 1974 &#8211; Matasellado Barcelona con dos valores de 8 y 2 pesetas en sobre ALFIL<\/p>\n<p>La\u00a0<b>Dama de Baza<\/b>\u00a0es una\u00a0<a title=\"Escultura ib\u00e9rica\" href=\"https:\/\/es.wikipedia.org\/wiki\/Escultura_ib%C3%A9rica\">escultura \u00edbera<\/a>\u00a0del siglo\u00a0iv\u00a0a.\u00a0C., labrada en\u00a0<a title=\"Piedra\" href=\"https:\/\/es.wikipedia.org\/wiki\/Piedra\">piedra<\/a>\u00a0caliza policromada por los\u00a0<a title=\"\" href=\"https:\/\/es.wikipedia.org\/wiki\/Bastetanos\">bastetanos<\/a>. Se encuentra expuesta en el\u00a0<a title=\"Museo Arqueol\u00f3gico Nacional (Espa\u00f1a)\" href=\"https:\/\/es.wikipedia.org\/wiki\/Museo_Arqueol%C3%B3gico_Nacional_(Espa%C3%B1a)\">Museo Arqueol\u00f3gico Nacional<\/a>\u00a0de\u00a0<a title=\"Espa\u00f1a\" href=\"https:\/\/es.wikipedia.org\/wiki\/Espa%C3%B1a\">Espa\u00f1a<\/a>, en\u00a0<a title=\"Madrid\" href=\"https:\/\/es.wikipedia.org\/wiki\/Madrid\">Madrid<\/a><\/p>\n<p class=\"page-heading\">EUROPA CEPT SCULPTURE DAMA DE BAZA GRANADA 2177 \/ 78<\/p>\n<p class=\"p1\"><b>Los sobres de primer d\u00eda son objetos de colecci\u00f3n muy valorados por los filat\u00e9licos.<\/b> Estos sobres especiales se utilizan para enviar una carta el mismo d\u00eda en que se emite un nuevo sello postal. Al ser los primeros en utilizar ese sello en particular, adquieren un valor a\u00f1adido para los coleccionistas. Los sobres de primer d\u00eda suelen incluir un matasellos con la fecha de emisi\u00f3n y el nombre de la oficina de correos donde se expidi\u00f3 el sello, lo que los convierte en piezas \u00fanicas y aut\u00e9nticas. Adem\u00e1s de su valor filat\u00e9lico, estos sobres a menudo presentan dise\u00f1os atractivos y conmemorativos, relacionados con el tema del sello emitido, lo que los convierte en peque\u00f1os tesoros para los amantes de la historia y el arte postal.<\/p>\n<p class=\"p1\">La\u00a0<b>Conferencia Europea de Administraciones de Correos y Telecomunicaciones<\/b>\u00a0(<b>CEPT<\/b>, siglas de su nombre en franc\u00e9s\u00a0<i>Conf\u00e9rence europ\u00e9enne des administrations des postes et des t\u00e9l\u00e9communications<\/i>) es un organismo internacional que agrupa a las entidades responsables en la administraci\u00f3n p\u00fablica de cada pa\u00eds europeo de las pol\u00edticas y la regulaci\u00f3n de las\u00a0<a href=\"https:\/\/es.wikipedia.org\/wiki\/Comunicaciones\"><span class=\"s1\">comunicaciones<\/span><\/a>, tanto\u00a0<a href=\"https:\/\/es.wikipedia.org\/wiki\/Correo\"><span class=\"s1\">postales<\/span><\/a>\u00a0como de\u00a0<a href=\"https:\/\/es.wikipedia.org\/wiki\/Telecomunicaciones\"><span class=\"s1\">telecomunicaciones<\/span><\/a>.<\/p>","protected":false},"excerpt":{"rendered":"<p>Sobre Primer D\u00eda &#8211; La Dama de Baza EUROPA, 1974 &#8211; Matasellado Barcelona con dos valores de 8 y 2 pesetas en sobre ALFIL<\/p>","protected":false},"featured_media":1450,"comment_status":"open","ping_status":"closed","template":"","meta":{"_acf_changed":false},"product_brand":[],"product_cat":[15,663,19],"product_tag":[75,725,726,727,190,441,189],"class_list":{"0":"post-436","1":"product","2":"type-product","3":"status-publish","4":"has-post-thumbnail","6":"product_cat-coleccionismo","7":"product_cat-espana","8":"product_cat-spd-sobres-primer-dia","9":"product_tag-75","10":"product_tag-baza","11":"product_tag-dama","12":"product_tag-escultura","13":"product_tag-fdc","14":"product_tag-madrid","15":"product_tag-spd","16":"thunk-woo-product-list","17":"opn-qv-enable","18":"open-woo-hover-zoom","19":"open-single-product-tab-horizontal","20":"open-shadow-","21":"open-shadow-hover-","23":"first","24":"instock","25":"sale","26":"shipping-taxable","27":"purchasable","28":"product-type-simple"},"acf":[],"jetpack_sharing_enabled":true,"_links":{"self":[{"href":"https:\/\/filatelia.cuentista.es\/en\/wp-json\/wp\/v2\/product\/436","targetHints":{"allow":["GET"]}}],"collection":[{"href":"https:\/\/filatelia.cuentista.es\/en\/wp-json\/wp\/v2\/product"}],"about":[{"href":"https:\/\/filatelia.cuentista.es\/en\/wp-json\/wp\/v2\/types\/product"}],"replies":[{"embeddable":true,"href":"https:\/\/filatelia.cuentista.es\/en\/wp-json\/wp\/v2\/comments?post=436"}],"wp:featuredmedia":[{"embeddable":true,"href":"https:\/\/filatelia.cuentista.es\/en\/wp-json\/wp\/v2\/media\/1450"}],"wp:attachment":[{"href":"https:\/\/filatelia.cuentista.es\/en\/wp-json\/wp\/v2\/media?parent=436"}],"wp:term":[{"taxonomy":"product_brand","embeddable":true,"href":"https:\/\/filatelia.cuentista.es\/en\/wp-json\/wp\/v2\/product_brand?post=436"},{"taxonomy":"product_cat","embeddable":true,"href":"https:\/\/filatelia.cuentista.es\/en\/wp-json\/wp\/v2\/product_cat?post=436"},{"taxonomy":"product_tag","embeddable":true,"href":"https:\/\/filatelia.cuentista.es\/en\/wp-json\/wp\/v2\/product_tag?post=436"}],"curies":[{"name":"wp","href":"https:\/\/api.w.org\/{rel}","templated":true}]}}