{"id":433,"date":"2024-07-20T06:38:53","date_gmt":"2024-07-20T06:38:53","guid":{"rendered":"https:\/\/filatelia.cuentista.es\/product\/gran-teatro-del-liceo"},"modified":"2024-08-14T15:08:03","modified_gmt":"2024-08-14T15:08:03","slug":"gran-teatro-del-liceo","status":"publish","type":"product","link":"https:\/\/filatelia.cuentista.es\/en\/product\/gran-teatro-del-liceo","title":{"rendered":"Sobre Primer Dia &#8211; Gran Teatro del Liceo de Barcelona &#8211; 1972"},"content":{"rendered":"<p>Sobre Primer Dia &#8211; Gran Teatro del Liceo de Barcelona &#8211; 1972 &#8211; con sello de 8 ptas sobre sobre ALFIL<\/p>\n<p>El\u00a0<b>Gran Teatro del Liceo de Barcelona<\/b>, conocido como\u00a0<b>El Liceo<\/b>\u00a0(<i>Gran Teatre del Liceu<\/i>\u00a0o\u00a0<i>El Liceu<\/i>\u00a0en\u00a0<a title=\"Idioma catal\u00e1n\" href=\"https:\/\/es.wikipedia.org\/wiki\/Idioma_catal%C3%A1n\">catal\u00e1n<\/a>), es el\u00a0<a title=\"Teatro de \u00f3pera\" href=\"https:\/\/es.wikipedia.org\/wiki\/Teatro_de_%C3%B3pera\">teatro de \u00f3pera<\/a>\u00a0en activo m\u00e1s antiguo y prestigioso de\u00a0<a title=\"Barcelona\" href=\"https:\/\/es.wikipedia.org\/wiki\/Barcelona\">Barcelona<\/a>, situado en\u00a0<a title=\"La Rambla\" href=\"https:\/\/es.wikipedia.org\/wiki\/La_Rambla\">La Rambla<\/a>.<sup id=\"cite_ref-1\" class=\"reference separada\"><a href=\"https:\/\/es.wikipedia.org\/wiki\/Gran_Teatro_del_Liceo#cite_note-1\">1<\/a><\/sup><\/p>\n<p>EDIFIL 2114\u200b<\/p>\n<p>Fundado en 1837 en otra ubicaci\u00f3n, El Liceo abri\u00f3 sus puertas en su ubicaci\u00f3n actual el 4 de abril de 1847. El teatro fue reconstruido tras dos incendios en 1861 y 1994 y reabri\u00f3 sus puertas el 20 de abril de 1862 y el 7 de octubre de 1999, respectivamente. El 7 de noviembre de 1893, en la noche de inauguraci\u00f3n de la temporada, un anarquista arroj\u00f3\u00a0<a title=\"Bomba del Liceo\" href=\"https:\/\/es.wikipedia.org\/wiki\/Bomba_del_Liceo\">dos bombas<\/a>\u00a0al patio de butacas y unas veinte personas murieron y muchas m\u00e1s resultaron heridas.<\/p>\n<p>1972. 7 nov. 125 aniversario del Gran Teatro del Liceo de Barcelona.<\/p>\n<p>O. M. de 26 de septiembre de 1972.<br \/>\nMotivo: Fachada del Gran Teatro del Liceo.<br \/>\nImpreso en calcograf\u00eda.<br \/>\nTama\u00f1o: 40,9 x 28,8 mm.<br \/>\nPliegos de 25 sellos.<br \/>\nDentado 13.<br \/>\nTirada: 8.000.000.<\/p>","protected":false},"excerpt":{"rendered":"<p>Sobre Primer Dia &#8211; Gran Teatro del Liceo de Barcelona &#8211; 1972 &#8211; con sello de 8 ptas sobre sobre ALFIL<\/p>","protected":false},"featured_media":1456,"comment_status":"open","ping_status":"closed","template":"","meta":{"_acf_changed":false},"product_brand":[],"product_cat":[663,19],"product_tag":[86,187,190,728,189],"class_list":{"0":"post-433","1":"product","2":"type-product","3":"status-publish","4":"has-post-thumbnail","6":"product_cat-espana","7":"product_cat-spd-sobres-primer-dia","8":"product_tag-86","9":"product_tag-barcelona","10":"product_tag-fdc","11":"product_tag-liceo","12":"product_tag-spd","13":"thunk-woo-product-list","14":"opn-qv-enable","15":"open-woo-hover-zoom","16":"open-single-product-tab-horizontal","17":"open-shadow-","18":"open-shadow-hover-","20":"first","21":"instock","22":"sale","23":"shipping-taxable","24":"purchasable","25":"product-type-simple"},"acf":[],"jetpack_sharing_enabled":true,"_links":{"self":[{"href":"https:\/\/filatelia.cuentista.es\/en\/wp-json\/wp\/v2\/product\/433","targetHints":{"allow":["GET"]}}],"collection":[{"href":"https:\/\/filatelia.cuentista.es\/en\/wp-json\/wp\/v2\/product"}],"about":[{"href":"https:\/\/filatelia.cuentista.es\/en\/wp-json\/wp\/v2\/types\/product"}],"replies":[{"embeddable":true,"href":"https:\/\/filatelia.cuentista.es\/en\/wp-json\/wp\/v2\/comments?post=433"}],"wp:featuredmedia":[{"embeddable":true,"href":"https:\/\/filatelia.cuentista.es\/en\/wp-json\/wp\/v2\/media\/1456"}],"wp:attachment":[{"href":"https:\/\/filatelia.cuentista.es\/en\/wp-json\/wp\/v2\/media?parent=433"}],"wp:term":[{"taxonomy":"product_brand","embeddable":true,"href":"https:\/\/filatelia.cuentista.es\/en\/wp-json\/wp\/v2\/product_brand?post=433"},{"taxonomy":"product_cat","embeddable":true,"href":"https:\/\/filatelia.cuentista.es\/en\/wp-json\/wp\/v2\/product_cat?post=433"},{"taxonomy":"product_tag","embeddable":true,"href":"https:\/\/filatelia.cuentista.es\/en\/wp-json\/wp\/v2\/product_tag?post=433"}],"curies":[{"name":"wp","href":"https:\/\/api.w.org\/{rel}","templated":true}]}}