{"id":431,"date":"2024-07-20T06:38:52","date_gmt":"2024-07-20T06:38:52","guid":{"rendered":"https:\/\/filatelia.cuentista.es\/product\/congreso-internacional-del-notariado-latino-2"},"modified":"2024-08-15T10:16:20","modified_gmt":"2024-08-15T10:16:20","slug":"congreso-internacional-del-notariado-latino-2","status":"publish","type":"product","link":"https:\/\/filatelia.cuentista.es\/en\/product\/congreso-internacional-del-notariado-latino-2","title":{"rendered":"Sobre Primer Dia &#8211; Congreso Internacional del Notariado Latino, 1975"},"content":{"rendered":"<p>Sobre Primer Dia &#8211; Congreso Internacional del Notariado Latino, 1975 &#8211; Sello de 3 Ptas<\/p>\n<p>Realizado en Barcelona el 26 de Septiembre de 1975<\/p>\n<p>EDIFIL 2283<\/p>\n<p>Por iniciativa del Colegio de Escribanos de Buenos Aires, el 2 de octubre de 1948 se celebr\u00f3 en dicha capital el I Congreso Internacional de notariado Latino. Los Estatutos y el Reglamento fueron aprobados por el II Congreso, celebrado en Madrid en octubre de 1950.<\/p>\n<p>Con este sello de 3 pta. se conmemora la celebraci\u00f3n, en Barcelona, del XIII Congreso Internacional. La Uni\u00f3n Internacional del Notariado Latino tiene como s\u00edmbolo: el \u00e1guila latina, el protocolo profesional y la pluma del ave.<\/p>\n<p><strong>Edifil 2283. Notariado Latino. Sello 3 pts. **1975<\/strong><\/p>\n<p><span style=\"font-weight: 400;\">T\u00edtulo Serie<\/span> <span style=\"font-weight: 400;\">XIII Congreso del Notariado Latino<\/span><\/p>\n<p><span style=\"font-weight: 400;\">Motivo Sello<\/span> <span style=\"font-weight: 400;\">Pergamino<\/span><\/p>\n<p><span style=\"font-weight: 400;\">Facial<\/span> <span style=\"font-weight: 400;\">3 pts.<\/span><\/p>\n<p><span style=\"font-weight: 400;\">Formato<\/span> <span style=\"font-weight: 400;\">40,9 x 28,8 mm<\/span><\/p>\n<p><span style=\"font-weight: 400;\">Color<\/span> <span style=\"font-weight: 400;\">multicolor<\/span><\/p>\n<p><span style=\"font-weight: 400;\">Dentado<\/span> <span style=\"font-weight: 400;\">13\u00bc<\/span><\/p>\n<p><span style=\"font-weight: 400;\">Impresi\u00f3n<\/span> <span style=\"font-weight: 400;\">Huecograbado<\/span><\/p>\n<p><span style=\"font-weight: 400;\">Imprenta<\/span> <span style=\"font-weight: 400;\">FNMT<\/span><\/p>\n<p><span style=\"font-weight: 400;\">Tirada<\/span> <span style=\"font-weight: 400;\">10.000.000<\/span><\/p>\n<p><span style=\"font-weight: 400;\">Validez Postal<\/span> <span style=\"font-weight: 400;\">indefinida<\/span><\/p>\n<p><span style=\"font-weight: 400;\">Valores de la Serie<\/span> <span style=\"font-weight: 400;\">1 (2283)<\/span><\/p>","protected":false},"excerpt":{"rendered":"<p>Sobre Primer Dia &#8211; Congreso Internacional del Notariado Latino, 1975 &#8211; Sello de 3 Ptas<\/p>\n<p>Realizado en Barcelona el 26 de Septiembre de 1975<\/p>\n<p>EDIFIL 2283<\/p>","protected":false},"featured_media":1549,"comment_status":"open","ping_status":"closed","template":"","meta":{"_acf_changed":false},"product_brand":[],"product_cat":[663,19],"product_tag":[70,187,119,755,756],"class_list":{"0":"post-431","1":"product","2":"type-product","3":"status-publish","4":"has-post-thumbnail","6":"product_cat-espana","7":"product_cat-spd-sobres-primer-dia","8":"product_tag-70","9":"product_tag-barcelona","10":"product_tag-congreso","11":"product_tag-latino","12":"product_tag-notaria","13":"thunk-woo-product-list","14":"opn-qv-enable","15":"open-woo-hover-zoom","16":"open-single-product-tab-horizontal","17":"open-shadow-","18":"open-shadow-hover-","20":"first","21":"instock","22":"sale","23":"shipping-taxable","24":"purchasable","25":"product-type-simple"},"acf":[],"jetpack_sharing_enabled":true,"_links":{"self":[{"href":"https:\/\/filatelia.cuentista.es\/en\/wp-json\/wp\/v2\/product\/431","targetHints":{"allow":["GET"]}}],"collection":[{"href":"https:\/\/filatelia.cuentista.es\/en\/wp-json\/wp\/v2\/product"}],"about":[{"href":"https:\/\/filatelia.cuentista.es\/en\/wp-json\/wp\/v2\/types\/product"}],"replies":[{"embeddable":true,"href":"https:\/\/filatelia.cuentista.es\/en\/wp-json\/wp\/v2\/comments?post=431"}],"wp:featuredmedia":[{"embeddable":true,"href":"https:\/\/filatelia.cuentista.es\/en\/wp-json\/wp\/v2\/media\/1549"}],"wp:attachment":[{"href":"https:\/\/filatelia.cuentista.es\/en\/wp-json\/wp\/v2\/media?parent=431"}],"wp:term":[{"taxonomy":"product_brand","embeddable":true,"href":"https:\/\/filatelia.cuentista.es\/en\/wp-json\/wp\/v2\/product_brand?post=431"},{"taxonomy":"product_cat","embeddable":true,"href":"https:\/\/filatelia.cuentista.es\/en\/wp-json\/wp\/v2\/product_cat?post=431"},{"taxonomy":"product_tag","embeddable":true,"href":"https:\/\/filatelia.cuentista.es\/en\/wp-json\/wp\/v2\/product_tag?post=431"}],"curies":[{"name":"wp","href":"https:\/\/api.w.org\/{rel}","templated":true}]}}