{"id":424,"date":"2024-07-20T06:38:49","date_gmt":"2024-07-20T06:38:49","guid":{"rendered":"https:\/\/filatelia.cuentista.es\/product\/v-centenario-de-la-imprenta-2"},"modified":"2024-10-19T03:35:35","modified_gmt":"2024-10-19T03:35:35","slug":"v-centenario-de-la-imprenta-2","status":"publish","type":"product","link":"https:\/\/filatelia.cuentista.es\/en\/product\/v-centenario-de-la-imprenta-2","title":{"rendered":"Sobre Primer D\u00eda Espa\u00f1a 1974 &#8211; V Centenario de la imprenta 3 Valores (Madrid)"},"content":{"rendered":"<p>Sobre Primer D\u00eda Espa\u00f1a 1974 &#8211; V Centenario de la imprenta 3 Valores<\/p>\n<p>Dia de Emision : 11 de Diciembre de 1973 &#8211; Matasellado de Madrid<\/p>\n<p>Sobre ALFIL<\/p>\n<p>Informacion de la serie de sellos<\/p>\n<p>Edifil 2164 &#8211; 2166<\/p>\n<p>&nbsp;<\/p>\n<p><img decoding=\"async\" src=\"https:\/\/www.albuensello.es\/wp-content\/uploads\/2017\/05\/2164.jpg\" alt=\"Espa\u00f1a 1973 centenario imprenta Edifil 2164\/2166 \u2013 Al Buen Sello\" \/><\/p>\n<p>1972 &#8211; 1974<\/p>","protected":false},"excerpt":{"rendered":"<p>Sobre Primer D\u00eda Espa\u00f1a 1974 &#8211; V Centenario de la imprenta 3 Valores<\/p>\n<p>Dia de Emision : 11 de Diciembre de 1973 &#8211; Matasellado de Madrid<\/p>","protected":false},"featured_media":4210,"comment_status":"open","ping_status":"closed","template":"","meta":{"_acf_changed":false},"product_brand":[],"product_cat":[663,19],"product_tag":[76,190,495,189],"class_list":{"0":"post-424","1":"product","2":"type-product","3":"status-publish","4":"has-post-thumbnail","6":"product_cat-espana","7":"product_cat-spd-sobres-primer-dia","8":"product_tag-76","9":"product_tag-fdc","10":"product_tag-mapa","11":"product_tag-spd","12":"thunk-woo-product-list","13":"opn-qv-enable","14":"open-woo-hover-zoom","15":"open-single-product-tab-horizontal","16":"open-shadow-","17":"open-shadow-hover-","19":"first","20":"instock","21":"shipping-taxable","22":"purchasable","23":"product-type-simple"},"acf":[],"jetpack_sharing_enabled":true,"_links":{"self":[{"href":"https:\/\/filatelia.cuentista.es\/en\/wp-json\/wp\/v2\/product\/424","targetHints":{"allow":["GET"]}}],"collection":[{"href":"https:\/\/filatelia.cuentista.es\/en\/wp-json\/wp\/v2\/product"}],"about":[{"href":"https:\/\/filatelia.cuentista.es\/en\/wp-json\/wp\/v2\/types\/product"}],"replies":[{"embeddable":true,"href":"https:\/\/filatelia.cuentista.es\/en\/wp-json\/wp\/v2\/comments?post=424"}],"wp:featuredmedia":[{"embeddable":true,"href":"https:\/\/filatelia.cuentista.es\/en\/wp-json\/wp\/v2\/media\/4210"}],"wp:attachment":[{"href":"https:\/\/filatelia.cuentista.es\/en\/wp-json\/wp\/v2\/media?parent=424"}],"wp:term":[{"taxonomy":"product_brand","embeddable":true,"href":"https:\/\/filatelia.cuentista.es\/en\/wp-json\/wp\/v2\/product_brand?post=424"},{"taxonomy":"product_cat","embeddable":true,"href":"https:\/\/filatelia.cuentista.es\/en\/wp-json\/wp\/v2\/product_cat?post=424"},{"taxonomy":"product_tag","embeddable":true,"href":"https:\/\/filatelia.cuentista.es\/en\/wp-json\/wp\/v2\/product_tag?post=424"}],"curies":[{"name":"wp","href":"https:\/\/api.w.org\/{rel}","templated":true}]}}