{"id":4204,"date":"2024-10-18T21:05:51","date_gmt":"2024-10-18T21:05:51","guid":{"rendered":"https:\/\/filatelia.cuentista.es\/product\/sello-ecuador-1034-monte-chimborazo-5-centavos-verde-usado"},"modified":"2024-10-18T21:05:54","modified_gmt":"2024-10-18T21:05:54","slug":"sello-ecuador-1034-monte-chimborazo-5-centavos-verde-usado","status":"publish","type":"product","link":"https:\/\/filatelia.cuentista.es\/en\/product\/sello-ecuador-1034-monte-chimborazo-5-centavos-verde-usado","title":{"rendered":"Sello Ecuador 1034 &#8211; Monte Chimborazo- 5 Centavos Verde Usado"},"content":{"rendered":"<p>Chimborazo Volcano<\/p>\n<p><img class=\"size-full\"><\/p>\n<p>Pa\u00eds:<\/p>\n<p>Ecuador<\/p>\n<p>Serie:<\/p>\n<p>Mount Chimborazo<\/p>\n<p>C\u00f3digo de cat\u00e1logo:<\/p>\n<p>Michel EC 315<\/p>\n<p>Stamp Number EC 322<\/p>\n<p>Yvert et Tellier EC 305<\/p>\n<p>Stanley Gibbons EC 494<\/p>\n<p>Bertossa EC 352<\/p>\n<p>Variantes:<\/p>\n<p>Click para ver variantes<\/p>\n<p>Temas:<\/p>\n<p>Monta\u00f1as | Paisajes | Volcanes<\/p>\n<p>Fecha emisi\u00f3n:<\/p>\n<p>1934<\/p>\n<p>Tama\u00f1o:<\/p>\n<p>28 x 24 mm<\/p>\n<p>Colores:<\/p>\n<p>Azul<\/p>\n<p>Marca de agua:<\/p>\n<p>Sin Marca de agua<\/p>\n<p>Impresores\/Imprentas:<\/p>\n<p>American Bank Note Co.<\/p>\n<p>Formato:<\/p>\n<p>Sello<\/p>\n<p>Emisi\u00f3n:<\/p>\n<p>Definitivo<\/p>\n<p>Perforaci\u00f3n:<\/p>\n<p>12<\/p>\n<p>Impresi\u00f3n:<\/p>\n<p>Rebaje<\/p>\n<p>Valor facial:<\/p>\n<p>5 \u00a2 &#8211; Centavo Ecuatoriano<\/p>\n<p>Tiraje:<\/p>\n<p>1.000.000<\/p>","protected":false},"excerpt":{"rendered":"<p>Chimborazo Volcano Pa\u00eds: Ecuador Serie: Mount Chimborazo C\u00f3digo de cat\u00e1logo: Michel EC 315 Stamp Number EC 322 Yvert et Tellier EC 305 Stanley Gibbons EC 494 Bertossa EC 352 Variantes: Click para ver variantes Temas: Monta\u00f1as | Paisajes | Volcanes Fecha emisi\u00f3n: 1934 Tama\u00f1o: 28 x 24 mm Colores: Azul Marca de agua: Sin Marca &hellip;<\/p>\n<p class=\"read-more\"> <a class=\"thunk-readmore button\" href=\"https:\/\/filatelia.cuentista.es\/en\/product\/sello-ecuador-1034-monte-chimborazo-5-centavos-verde-usado\"> <span class=\"screen-reader-text\">Sello Ecuador 1034 &#8211; Monte Chimborazo- 5 Centavos Verde Usado<\/span>Read More<\/a><\/p>","protected":false},"featured_media":4149,"comment_status":"open","ping_status":"closed","template":"","meta":{"_acf_changed":false},"product_brand":[],"product_cat":[1213,20],"product_tag":[],"class_list":{"0":"post-4204","1":"product","2":"type-product","3":"status-publish","4":"has-post-thumbnail","6":"product_cat-ecuador","7":"product_cat-sellos-usados","8":"thunk-woo-product-list","9":"opn-qv-enable","10":"open-woo-hover-zoom","11":"open-single-product-tab-horizontal","12":"open-shadow-","13":"open-shadow-hover-","15":"first","16":"instock","17":"shipping-taxable","18":"purchasable","19":"product-type-simple"},"acf":[],"jetpack_sharing_enabled":true,"_links":{"self":[{"href":"https:\/\/filatelia.cuentista.es\/en\/wp-json\/wp\/v2\/product\/4204","targetHints":{"allow":["GET"]}}],"collection":[{"href":"https:\/\/filatelia.cuentista.es\/en\/wp-json\/wp\/v2\/product"}],"about":[{"href":"https:\/\/filatelia.cuentista.es\/en\/wp-json\/wp\/v2\/types\/product"}],"replies":[{"embeddable":true,"href":"https:\/\/filatelia.cuentista.es\/en\/wp-json\/wp\/v2\/comments?post=4204"}],"wp:featuredmedia":[{"embeddable":true,"href":"https:\/\/filatelia.cuentista.es\/en\/wp-json\/wp\/v2\/media\/4149"}],"wp:attachment":[{"href":"https:\/\/filatelia.cuentista.es\/en\/wp-json\/wp\/v2\/media?parent=4204"}],"wp:term":[{"taxonomy":"product_brand","embeddable":true,"href":"https:\/\/filatelia.cuentista.es\/en\/wp-json\/wp\/v2\/product_brand?post=4204"},{"taxonomy":"product_cat","embeddable":true,"href":"https:\/\/filatelia.cuentista.es\/en\/wp-json\/wp\/v2\/product_cat?post=4204"},{"taxonomy":"product_tag","embeddable":true,"href":"https:\/\/filatelia.cuentista.es\/en\/wp-json\/wp\/v2\/product_tag?post=4204"}],"curies":[{"name":"wp","href":"https:\/\/api.w.org\/{rel}","templated":true}]}}