{"id":4196,"date":"2024-10-18T05:45:26","date_gmt":"2024-10-18T05:45:26","guid":{"rendered":"https:\/\/filatelia.cuentista.es\/product\/sello-ecuador-1954-escudo-sobreimpreso-pro-turismo-10-centimos-sobre-50-centavos-rojo-usado"},"modified":"2024-10-18T05:45:30","modified_gmt":"2024-10-18T05:45:30","slug":"sello-ecuador-1954-escudo-sobreimpreso-pro-turismo-10-centimos-sobre-50-centavos-rojo-usado","status":"publish","type":"product","link":"https:\/\/filatelia.cuentista.es\/en\/product\/sello-ecuador-1954-escudo-sobreimpreso-pro-turismo-10-centimos-sobre-50-centavos-rojo-usado","title":{"rendered":"Sello Ecuador 1954 &#8211; Escudo sobreimpreso PRO TURISMO &#8211; 10 c\u00e9ntimos sobre 50 centavos Rojo usado."},"content":{"rendered":"<p>Fiscal Stamp overprinted PRO TURISMO<\/p>\n<p><img class=\"size-full\"><\/p>\n<p>Pa\u00eds:<\/p>\n<p>Ecuador<\/p>\n<p>Serie:<\/p>\n<p>Obligatory Tax. Tourist Promotion Fund<\/p>\n<p>C\u00f3digo de cat\u00e1logo:<\/p>\n<p>Michel EC Z77<\/p>\n<p>Stamp Number EC RA68<\/p>\n<p>Yvert et Tellier EC 589<\/p>\n<p>Stanley Gibbons EC 1006a<\/p>\n<p>Bertossa EC S.92<\/p>\n<p>Temas:<\/p>\n<p>Escudo de Armas | Turismo<\/p>\n<p>Fecha emisi\u00f3n:<\/p>\n<p>1954<\/p>\n<p>Tama\u00f1o:<\/p>\n<p>24 x 30 mm<\/p>\n<p>Colores:<\/p>\n<p>Rojo<\/p>\n<p>Marca de agua:<\/p>\n<p>Sin Marca de agua<\/p>\n<p>Formato:<\/p>\n<p>Sello<\/p>\n<p>Emisi\u00f3n:<\/p>\n<p>Impuestos Postales<\/p>\n<p>Perforaci\u00f3n:<\/p>\n<p>12<\/p>\n<p>Impresi\u00f3n:<\/p>\n<p>Rebaje<\/p>\n<p>Valor facial:<\/p>\n<p>10 \u00a2 &#8211; Centavo Ecuatoriano<\/p>\n<p>Puntuaci\u00f3n:<\/p>\n<p>36% Precisi\u00f3n: Media<\/p>\n<p>Descripci\u00f3n:<\/p>\n<p>Fiscal stamp overprinted in black, horizontally \u00abPRO TURISMO \/ 1954 \/ and new value (10c en 50c).<\/p>\n<p>Variedades:<\/p>\n<p>&#8211; sobrecarga invertida (S.92.1)<\/p>\n<p>&#8211; sobrecarga doble (S.92.2)<\/p>\n<p>&#8211; shifted surcharge (S.92.3)<\/p>\n<p>&#8211; n\u00famero \u00ab0\u00bb of second \u00ab10\u00bb erased (S.92.4)<\/p>\n<p><a href=\"https:\/\/colnect.com\/stamps\/stamp\/287940\">https:\/\/colnect.com\/stamps\/stamp\/287940<\/a><\/p>","protected":false},"excerpt":{"rendered":"<p>Fiscal Stamp overprinted PRO TURISMO Pa\u00eds: Ecuador Serie: Obligatory Tax. Tourist Promotion Fund C\u00f3digo de cat\u00e1logo: Michel EC Z77 Stamp Number EC RA68 Yvert et Tellier EC 589 Stanley Gibbons EC 1006a Bertossa EC S.92 Temas: Escudo de Armas | Turismo Fecha emisi\u00f3n: 1954 Tama\u00f1o: 24 x 30 mm Colores: Rojo Marca de agua: Sin &hellip;<\/p>\n<p class=\"read-more\"> <a class=\"thunk-readmore button\" href=\"https:\/\/filatelia.cuentista.es\/en\/product\/sello-ecuador-1954-escudo-sobreimpreso-pro-turismo-10-centimos-sobre-50-centavos-rojo-usado\"> <span class=\"screen-reader-text\">Sello Ecuador 1954 &#8211; Escudo sobreimpreso PRO TURISMO &#8211; 10 c\u00e9ntimos sobre 50 centavos Rojo usado.<\/span>Read More<\/a><\/p>","protected":false},"featured_media":4140,"comment_status":"open","ping_status":"closed","template":"","meta":{"_acf_changed":false},"product_brand":[],"product_cat":[1213,664,20],"product_tag":[],"class_list":{"0":"post-4196","1":"product","2":"type-product","3":"status-publish","4":"has-post-thumbnail","6":"product_cat-ecuador","7":"product_cat-impuestos","8":"product_cat-sellos-usados","9":"thunk-woo-product-list","10":"opn-qv-enable","11":"open-woo-hover-zoom","12":"open-single-product-tab-horizontal","13":"open-shadow-","14":"open-shadow-hover-","16":"first","17":"instock","18":"sale","19":"shipping-taxable","20":"purchasable","21":"product-type-simple"},"acf":[],"jetpack_sharing_enabled":true,"_links":{"self":[{"href":"https:\/\/filatelia.cuentista.es\/en\/wp-json\/wp\/v2\/product\/4196","targetHints":{"allow":["GET"]}}],"collection":[{"href":"https:\/\/filatelia.cuentista.es\/en\/wp-json\/wp\/v2\/product"}],"about":[{"href":"https:\/\/filatelia.cuentista.es\/en\/wp-json\/wp\/v2\/types\/product"}],"replies":[{"embeddable":true,"href":"https:\/\/filatelia.cuentista.es\/en\/wp-json\/wp\/v2\/comments?post=4196"}],"wp:featuredmedia":[{"embeddable":true,"href":"https:\/\/filatelia.cuentista.es\/en\/wp-json\/wp\/v2\/media\/4140"}],"wp:attachment":[{"href":"https:\/\/filatelia.cuentista.es\/en\/wp-json\/wp\/v2\/media?parent=4196"}],"wp:term":[{"taxonomy":"product_brand","embeddable":true,"href":"https:\/\/filatelia.cuentista.es\/en\/wp-json\/wp\/v2\/product_brand?post=4196"},{"taxonomy":"product_cat","embeddable":true,"href":"https:\/\/filatelia.cuentista.es\/en\/wp-json\/wp\/v2\/product_cat?post=4196"},{"taxonomy":"product_tag","embeddable":true,"href":"https:\/\/filatelia.cuentista.es\/en\/wp-json\/wp\/v2\/product_tag?post=4196"}],"curies":[{"name":"wp","href":"https:\/\/api.w.org\/{rel}","templated":true}]}}