{"id":4133,"date":"2024-10-15T19:54:46","date_gmt":"2024-10-15T19:54:46","guid":{"rendered":"https:\/\/filatelia.cuentista.es\/product\/libro-jorge-bucay-cuenta-conmigo"},"modified":"2024-10-15T19:54:49","modified_gmt":"2024-10-15T19:54:49","slug":"libro-jorge-bucay-cuenta-conmigo","status":"publish","type":"product","link":"https:\/\/filatelia.cuentista.es\/en\/product\/libro-jorge-bucay-cuenta-conmigo","title":{"rendered":"Libro Jorge Bucay &#8211; Cuenta Conmigo"},"content":{"rendered":"<p>Han pasado veinte a\u00f1os. Demi\u00e1n, el entra\u00f1able protagonista de D\u00e9jame que te cuente, tiene casi cuarenta a\u00f1os. Hace mucho tiempo que dej\u00f3 de tener contacto con el Gordo, el psicoterapeuta que le ense\u00f1\u00f3 a enfrentarse a la vida cont\u00e1ndole cuentos.<\/p>\n<p>Pero, llegada su madurez, se encuentra en un momento de crisis. Su matrimonio ha fracasado y tiene que emprender nuevos caminos. Un reto profesional le lleva a trasladarse a otro pa\u00eds, la relaci\u00f3n con su familia da un vuelco y, adem\u00e1s, aparece en su vida una mujer muy importante para \u00e9l.<\/p>\n<p>290 P\u00e1ginas<\/p>\n<p>Editorial RBA Integral<\/p>\n<p>2005<\/p>\n<p>Tapas Duras<\/p>","protected":false},"excerpt":{"rendered":"<p>Han pasado veinte a\u00f1os. Demi\u00e1n, el entra\u00f1able protagonista de D\u00e9jame que te cuente, tiene casi cuarenta a\u00f1os. Hace mucho tiempo que dej\u00f3 de tener contacto con el Gordo, el psicoterapeuta que le ense\u00f1\u00f3 a enfrentarse a la vida cont\u00e1ndole cuentos. Pero, llegada su madurez, se encuentra en un momento de crisis. Su matrimonio ha fracasado &hellip;<\/p>\n<p class=\"read-more\"> <a class=\"thunk-readmore button\" href=\"https:\/\/filatelia.cuentista.es\/en\/product\/libro-jorge-bucay-cuenta-conmigo\"> <span class=\"screen-reader-text\">Libro Jorge Bucay &#8211; Cuenta Conmigo<\/span>Read More<\/a><\/p>","protected":false},"featured_media":4132,"comment_status":"open","ping_status":"closed","template":"","meta":{"_acf_changed":false},"product_brand":[],"product_cat":[15],"product_tag":[],"class_list":{"0":"post-4133","1":"product","2":"type-product","3":"status-publish","4":"has-post-thumbnail","6":"product_cat-coleccionismo","7":"thunk-woo-product-list","8":"opn-qv-enable","9":"open-woo-hover-zoom","10":"open-single-product-tab-horizontal","11":"open-shadow-","12":"open-shadow-hover-","14":"first","15":"instock","16":"sale","17":"shipping-taxable","18":"purchasable","19":"product-type-simple"},"acf":[],"jetpack_sharing_enabled":true,"_links":{"self":[{"href":"https:\/\/filatelia.cuentista.es\/en\/wp-json\/wp\/v2\/product\/4133","targetHints":{"allow":["GET"]}}],"collection":[{"href":"https:\/\/filatelia.cuentista.es\/en\/wp-json\/wp\/v2\/product"}],"about":[{"href":"https:\/\/filatelia.cuentista.es\/en\/wp-json\/wp\/v2\/types\/product"}],"replies":[{"embeddable":true,"href":"https:\/\/filatelia.cuentista.es\/en\/wp-json\/wp\/v2\/comments?post=4133"}],"wp:featuredmedia":[{"embeddable":true,"href":"https:\/\/filatelia.cuentista.es\/en\/wp-json\/wp\/v2\/media\/4132"}],"wp:attachment":[{"href":"https:\/\/filatelia.cuentista.es\/en\/wp-json\/wp\/v2\/media?parent=4133"}],"wp:term":[{"taxonomy":"product_brand","embeddable":true,"href":"https:\/\/filatelia.cuentista.es\/en\/wp-json\/wp\/v2\/product_brand?post=4133"},{"taxonomy":"product_cat","embeddable":true,"href":"https:\/\/filatelia.cuentista.es\/en\/wp-json\/wp\/v2\/product_cat?post=4133"},{"taxonomy":"product_tag","embeddable":true,"href":"https:\/\/filatelia.cuentista.es\/en\/wp-json\/wp\/v2\/product_tag?post=4133"}],"curies":[{"name":"wp","href":"https:\/\/api.w.org\/{rel}","templated":true}]}}