{"id":4118,"date":"2024-10-15T19:41:46","date_gmt":"2024-10-15T19:41:46","guid":{"rendered":"https:\/\/filatelia.cuentista.es\/product\/libro-anne-perry-los-crimenes-de-cater-street"},"modified":"2024-10-15T19:41:49","modified_gmt":"2024-10-15T19:41:49","slug":"libro-anne-perry-los-crimenes-de-cater-street","status":"publish","type":"product","link":"https:\/\/filatelia.cuentista.es\/en\/product\/libro-anne-perry-los-crimenes-de-cater-street","title":{"rendered":"Libro Anne Perry &#8211; Los Cr\u00edmenes de Cater Street"},"content":{"rendered":"<p>Con Los efmencs de Cater Street Anne Perry inicia la serie de novelas que tienen por protagonista al. inspector Thomas Pitt, un discreto polic\u00eda londine destinado a desentra\u00f1ar, en plena \u00e9poca victo los horrendos cr\u00edmenes engendrados por una sopeual reprimida e hip\u00f3crita. En esta ocasi\u00f3n un barrio de clase acomodada se ve sacudido por un sanguinario* asesino, Las victimas son siempre mujeres j\u00f3venes y aparecen brutalmente estranguladas. En su investigaci\u00f3n, Pitt encuentra el apoyo de Charlotte Ellison, una encantadora muchacha disconforme con las rigidas actitudes de su clase social.<\/p>\n<p>322 P\u00e1ginas<\/p>\n<p>editorial Plaza y Janes<\/p>\n<p>1998<\/p>\n<p>colecci\u00f3n JET<\/p>","protected":false},"excerpt":{"rendered":"<p>Con Los efmencs de Cater Street Anne Perry inicia la serie de novelas que tienen por protagonista al. inspector Thomas Pitt, un discreto polic\u00eda londine destinado a desentra\u00f1ar, en plena \u00e9poca victo los horrendos cr\u00edmenes engendrados por una sopeual reprimida e hip\u00f3crita. En esta ocasi\u00f3n un barrio de clase acomodada se ve sacudido por un &hellip;<\/p>\n<p class=\"read-more\"> <a class=\"thunk-readmore button\" href=\"https:\/\/filatelia.cuentista.es\/en\/product\/libro-anne-perry-los-crimenes-de-cater-street\"> <span class=\"screen-reader-text\">Libro Anne Perry &#8211; Los Cr\u00edmenes de Cater Street<\/span>Read More<\/a><\/p>","protected":false},"featured_media":4114,"comment_status":"open","ping_status":"closed","template":"","meta":{"_acf_changed":false},"product_brand":[],"product_cat":[15],"product_tag":[],"class_list":{"0":"post-4118","1":"product","2":"type-product","3":"status-publish","4":"has-post-thumbnail","6":"product_cat-coleccionismo","7":"thunk-woo-product-list","8":"opn-qv-enable","9":"open-woo-hover-zoom","10":"open-single-product-tab-horizontal","11":"open-shadow-","12":"open-shadow-hover-","14":"first","15":"instock","16":"sale","17":"shipping-taxable","18":"purchasable","19":"product-type-simple"},"acf":[],"jetpack_sharing_enabled":true,"_links":{"self":[{"href":"https:\/\/filatelia.cuentista.es\/en\/wp-json\/wp\/v2\/product\/4118","targetHints":{"allow":["GET"]}}],"collection":[{"href":"https:\/\/filatelia.cuentista.es\/en\/wp-json\/wp\/v2\/product"}],"about":[{"href":"https:\/\/filatelia.cuentista.es\/en\/wp-json\/wp\/v2\/types\/product"}],"replies":[{"embeddable":true,"href":"https:\/\/filatelia.cuentista.es\/en\/wp-json\/wp\/v2\/comments?post=4118"}],"wp:featuredmedia":[{"embeddable":true,"href":"https:\/\/filatelia.cuentista.es\/en\/wp-json\/wp\/v2\/media\/4114"}],"wp:attachment":[{"href":"https:\/\/filatelia.cuentista.es\/en\/wp-json\/wp\/v2\/media?parent=4118"}],"wp:term":[{"taxonomy":"product_brand","embeddable":true,"href":"https:\/\/filatelia.cuentista.es\/en\/wp-json\/wp\/v2\/product_brand?post=4118"},{"taxonomy":"product_cat","embeddable":true,"href":"https:\/\/filatelia.cuentista.es\/en\/wp-json\/wp\/v2\/product_cat?post=4118"},{"taxonomy":"product_tag","embeddable":true,"href":"https:\/\/filatelia.cuentista.es\/en\/wp-json\/wp\/v2\/product_tag?post=4118"}],"curies":[{"name":"wp","href":"https:\/\/api.w.org\/{rel}","templated":true}]}}