{"id":4049,"date":"2024-10-14T17:32:28","date_gmt":"2024-10-14T17:32:28","guid":{"rendered":"https:\/\/filatelia.cuentista.es\/product\/grabado-de-gustavo-dore-de-1900-mide-40-x-28cm-intimidome-entonces-mas-el-precipicio-infierno-c-xvii"},"modified":"2024-10-14T17:43:01","modified_gmt":"2024-10-14T17:43:01","slug":"grabado-de-gustavo-dore-de-1900-mide-40-x-28cm-intimidome-entonces-mas-el-precipicio-infierno-c-xvii","status":"publish","type":"product","link":"https:\/\/filatelia.cuentista.es\/en\/product\/grabado-de-gustavo-dore-de-1900-mide-40-x-28cm-intimidome-entonces-mas-el-precipicio-infierno-c-xvii","title":{"rendered":"GRABADO DE GUSTAVO DOR\u00c9 DE 1900 MIDE 40 X 28cm.\u00a0Intimid\u00f3me entonces m\u00e1s el precipicio &#8211; Infierno C XVII"},"content":{"rendered":"<p style=\"font-family: -apple-system,\">GRABADO DE GUSTAVO DOR\u00c9 DE 1900 MIDE 40 X 28cm.&nbsp;<\/p>\n<p style=\"font-family: -apple-system,\">INTIMID\u00d3ME ENT\u00d3NCES M\u00c1S EL PRECIPICIO<\/p>\n<p style=\"font-family: -apple-system,\">EN PAPEL ESPECIAL<\/p>\n<p style=\"font-family: -apple-system,\">ver fotos<\/p>\n<p style=\"font-family: -apple-system,\">EDITADOS ANTES DE 1900 POR MONTANER Y SIM\u00d3N ENTRE 1871 Y 1873<\/p>","protected":false},"excerpt":{"rendered":"<p>GRABADO DE GUSTAVO DOR\u00c9 DE 1900 MIDE 40 X 28cm.&nbsp; INTIMID\u00d3ME ENT\u00d3NCES M\u00c1S EL PRECIPICIO EN PAPEL ESPECIAL ver fotos EDITADOS ANTES DE 1900 POR MONTANER Y SIM\u00d3N ENTRE 1871 Y 1873<\/p>","protected":false},"featured_media":4048,"comment_status":"open","ping_status":"closed","template":"","meta":{"_acf_changed":false},"product_brand":[],"product_cat":[15],"product_tag":[],"class_list":{"0":"post-4049","1":"product","2":"type-product","3":"status-publish","4":"has-post-thumbnail","6":"product_cat-coleccionismo","7":"thunk-woo-product-list","8":"opn-qv-enable","9":"open-woo-hover-zoom","10":"open-single-product-tab-horizontal","11":"open-shadow-","12":"open-shadow-hover-","14":"first","15":"instock","16":"sale","17":"shipping-taxable","18":"purchasable","19":"product-type-simple"},"acf":[],"jetpack_sharing_enabled":true,"_links":{"self":[{"href":"https:\/\/filatelia.cuentista.es\/en\/wp-json\/wp\/v2\/product\/4049","targetHints":{"allow":["GET"]}}],"collection":[{"href":"https:\/\/filatelia.cuentista.es\/en\/wp-json\/wp\/v2\/product"}],"about":[{"href":"https:\/\/filatelia.cuentista.es\/en\/wp-json\/wp\/v2\/types\/product"}],"replies":[{"embeddable":true,"href":"https:\/\/filatelia.cuentista.es\/en\/wp-json\/wp\/v2\/comments?post=4049"}],"wp:featuredmedia":[{"embeddable":true,"href":"https:\/\/filatelia.cuentista.es\/en\/wp-json\/wp\/v2\/media\/4048"}],"wp:attachment":[{"href":"https:\/\/filatelia.cuentista.es\/en\/wp-json\/wp\/v2\/media?parent=4049"}],"wp:term":[{"taxonomy":"product_brand","embeddable":true,"href":"https:\/\/filatelia.cuentista.es\/en\/wp-json\/wp\/v2\/product_brand?post=4049"},{"taxonomy":"product_cat","embeddable":true,"href":"https:\/\/filatelia.cuentista.es\/en\/wp-json\/wp\/v2\/product_cat?post=4049"},{"taxonomy":"product_tag","embeddable":true,"href":"https:\/\/filatelia.cuentista.es\/en\/wp-json\/wp\/v2\/product_tag?post=4049"}],"curies":[{"name":"wp","href":"https:\/\/api.w.org\/{rel}","templated":true}]}}