{"id":402,"date":"2024-07-20T06:38:39","date_gmt":"2024-07-20T06:38:39","guid":{"rendered":"https:\/\/filatelia.cuentista.es\/product\/inauguracion-tramo-linea-iii-barcelona"},"modified":"2024-10-13T06:03:11","modified_gmt":"2024-10-13T06:03:11","slug":"inauguracion-tramo-linea-iii-barcelona","status":"publish","type":"product","link":"https:\/\/filatelia.cuentista.es\/en\/product\/inauguracion-tramo-linea-iii-barcelona","title":{"rendered":"Sobre Conmemorativo Espa\u00f1a 1975 &#8211; Inauguraci\u00f3n tramo l\u00ednea III barcelona"},"content":{"rendered":"<p>Sobre Conmemorativo Espa\u00f1a 1975 &#8211; Inauguraci\u00f3n tramo l\u00ednea III barcelona<\/p>\n<p>Emision 4 de Enero de 1975<\/p>\n<p>Matasellos conmemorativo de Barcelona, sobre ALFIL<\/p>\n<p>Sello de 15 cts EDIFIL 1232, Congreso de ferrocarriles<\/p>\n<p>50 Aniversario del Metro de Barcelona<\/p>","protected":false},"excerpt":{"rendered":"<p>Sobre Conmemorativo Espa\u00f1a 1975 &#8211; Inauguraci\u00f3n tramo l\u00ednea III barcelona<\/p>\n<p>Emision 4 de Enero de 1975<\/p>","protected":false},"featured_media":4018,"comment_status":"open","ping_status":"closed","template":"","meta":{"_acf_changed":false},"product_brand":[],"product_cat":[663,208],"product_tag":[70,1417,190,1416,189,113],"class_list":{"0":"post-402","1":"product","2":"type-product","3":"status-publish","4":"has-post-thumbnail","6":"product_cat-espana","7":"product_cat-sobre-conmemorativo","8":"product_tag-70","9":"product_tag-cincuentenario","10":"product_tag-fdc","11":"product_tag-metro","12":"product_tag-spd","13":"product_tag-transporte","14":"thunk-woo-product-list","15":"opn-qv-enable","16":"open-woo-hover-zoom","17":"open-single-product-tab-horizontal","18":"open-shadow-","19":"open-shadow-hover-","21":"first","22":"instock","23":"shipping-taxable","24":"purchasable","25":"product-type-simple"},"acf":[],"jetpack_sharing_enabled":true,"_links":{"self":[{"href":"https:\/\/filatelia.cuentista.es\/en\/wp-json\/wp\/v2\/product\/402","targetHints":{"allow":["GET"]}}],"collection":[{"href":"https:\/\/filatelia.cuentista.es\/en\/wp-json\/wp\/v2\/product"}],"about":[{"href":"https:\/\/filatelia.cuentista.es\/en\/wp-json\/wp\/v2\/types\/product"}],"replies":[{"embeddable":true,"href":"https:\/\/filatelia.cuentista.es\/en\/wp-json\/wp\/v2\/comments?post=402"}],"wp:featuredmedia":[{"embeddable":true,"href":"https:\/\/filatelia.cuentista.es\/en\/wp-json\/wp\/v2\/media\/4018"}],"wp:attachment":[{"href":"https:\/\/filatelia.cuentista.es\/en\/wp-json\/wp\/v2\/media?parent=402"}],"wp:term":[{"taxonomy":"product_brand","embeddable":true,"href":"https:\/\/filatelia.cuentista.es\/en\/wp-json\/wp\/v2\/product_brand?post=402"},{"taxonomy":"product_cat","embeddable":true,"href":"https:\/\/filatelia.cuentista.es\/en\/wp-json\/wp\/v2\/product_cat?post=402"},{"taxonomy":"product_tag","embeddable":true,"href":"https:\/\/filatelia.cuentista.es\/en\/wp-json\/wp\/v2\/product_tag?post=402"}],"curies":[{"name":"wp","href":"https:\/\/api.w.org\/{rel}","templated":true}]}}