{"id":400,"date":"2024-07-20T06:38:39","date_gmt":"2024-07-20T06:38:39","guid":{"rendered":"https:\/\/filatelia.cuentista.es\/product\/monasterio-de-leyre"},"modified":"2024-10-13T05:55:41","modified_gmt":"2024-10-13T05:55:41","slug":"monasterio-de-leyre","status":"publish","type":"product","link":"https:\/\/filatelia.cuentista.es\/en\/product\/monasterio-de-leyre","title":{"rendered":"Monasterio de Leyre"},"content":{"rendered":"<p>Sobre Primer D\u00eda Espa\u00f1a 1966 &#8211; Monasterio de Leyre &#8211; Tres Valores<\/p>\n<p>Dia de Emision : 12 Diciembre 1974 &#8211; Matasellado en Barcelona<\/p>\n<p>Sobres de 15,8 y 2 Ptas &#8211; NAVARRA 1974 (EDIFIL 2229\/31)<\/p>\n<p>Sobre ALFIL<\/p>\n<p>&nbsp;<\/p>\n<p>San Salvador de Leyre, uno de los conjuntos mon\u00e1sticos altomedievales m\u00e1s importantes de Espa\u00f1a por su relevancia hist\u00f3rica, su inter\u00e9s arquitect\u00f3nico, su privilegiado marco natural y su excelente estado de conservaci\u00f3n. Leyre es la mayor reliquia de Navarra y su cuna espiritual. Despu\u00e9s de m\u00e1s de mil a\u00f1os de existencia, el monasterio de Leyre permanece vivo, habitado por una comunidad de monjes benedictinos.<\/p>","protected":false},"excerpt":{"rendered":"<p>Sobre Primer D\u00eda Espa\u00f1a 1966 &#8211; Monasterio de Leyre &#8211; Tres Valores<\/p>\n<p>Dia de Emision : 12 Diciembre 1974 &#8211; Matasellado en Barcelona<\/p>","protected":false},"featured_media":4015,"comment_status":"open","ping_status":"closed","template":"","meta":{"_acf_changed":false},"product_brand":[],"product_cat":[663,19],"product_tag":[75,190,45,1414,1415,189],"class_list":{"0":"post-400","1":"product","2":"type-product","3":"status-publish","4":"has-post-thumbnail","6":"product_cat-espana","7":"product_cat-spd-sobres-primer-dia","8":"product_tag-75","9":"product_tag-fdc","10":"product_tag-historia","11":"product_tag-monasterio","12":"product_tag-monjes","13":"product_tag-spd","14":"thunk-woo-product-list","15":"opn-qv-enable","16":"open-woo-hover-zoom","17":"open-single-product-tab-horizontal","18":"open-shadow-","19":"open-shadow-hover-","21":"first","22":"instock","23":"shipping-taxable","24":"purchasable","25":"product-type-simple"},"acf":[],"jetpack_sharing_enabled":true,"_links":{"self":[{"href":"https:\/\/filatelia.cuentista.es\/en\/wp-json\/wp\/v2\/product\/400","targetHints":{"allow":["GET"]}}],"collection":[{"href":"https:\/\/filatelia.cuentista.es\/en\/wp-json\/wp\/v2\/product"}],"about":[{"href":"https:\/\/filatelia.cuentista.es\/en\/wp-json\/wp\/v2\/types\/product"}],"replies":[{"embeddable":true,"href":"https:\/\/filatelia.cuentista.es\/en\/wp-json\/wp\/v2\/comments?post=400"}],"wp:featuredmedia":[{"embeddable":true,"href":"https:\/\/filatelia.cuentista.es\/en\/wp-json\/wp\/v2\/media\/4015"}],"wp:attachment":[{"href":"https:\/\/filatelia.cuentista.es\/en\/wp-json\/wp\/v2\/media?parent=400"}],"wp:term":[{"taxonomy":"product_brand","embeddable":true,"href":"https:\/\/filatelia.cuentista.es\/en\/wp-json\/wp\/v2\/product_brand?post=400"},{"taxonomy":"product_cat","embeddable":true,"href":"https:\/\/filatelia.cuentista.es\/en\/wp-json\/wp\/v2\/product_cat?post=400"},{"taxonomy":"product_tag","embeddable":true,"href":"https:\/\/filatelia.cuentista.es\/en\/wp-json\/wp\/v2\/product_tag?post=400"}],"curies":[{"name":"wp","href":"https:\/\/api.w.org\/{rel}","templated":true}]}}