{"id":3943,"date":"2024-10-12T17:46:22","date_gmt":"2024-10-12T17:46:22","guid":{"rendered":"https:\/\/filatelia.cuentista.es\/product\/minipliego-sellos-eynhallow-1974-scotland-futbol-wm74"},"modified":"2024-10-13T20:25:40","modified_gmt":"2024-10-13T20:25:40","slug":"minipliego-sellos-eynhallow-1974-scotland-futbol-wm74","status":"publish","type":"product","link":"https:\/\/filatelia.cuentista.es\/en\/product\/minipliego-sellos-eynhallow-1974-scotland-futbol-wm74","title":{"rendered":"Minipliego Sellos Eynhallow 1974 &#8211; Scotland &#8211; F\u00fatbol WM74"},"content":{"rendered":"<p>Minipliego Sellos Eynhallow 1974 &#8211; Scotland &#8211; F\u00fatbol WM74<\/p>\n<p>Cancelaciones preimpresas y sellos sin uso postal, de inter\u00e9s para los coleccionistas<\/p>\n<p>Sellos atribuidos a Clive Feigenbaum con una fant\u00e1stica historia!<\/p>\n<p><a href=\"https:\/\/en.m.wikipedia.org\/wiki\/Clive_Feigenbaum\">https:\/\/en.m.wikipedia.org\/wiki\/Clive_Feigenbaum<\/a><\/p>","protected":false},"excerpt":{"rendered":"<p>Minipliego Sellos Eynhallow 1974 &#8211; Scotland &#8211; F\u00fatbol WM74 Cancelaciones preimpresas y sellos sin uso postal, de inter\u00e9s para los coleccionistas Sellos atribuidos a Clive Feigenbaum con una fant\u00e1stica historia! https:\/\/en.m.wikipedia.org\/wiki\/Clive_Feigenbaum<\/p>","protected":false},"featured_media":3942,"comment_status":"open","ping_status":"closed","template":"","meta":{"_acf_changed":false},"product_brand":[],"product_cat":[1394,15,658],"product_tag":[],"class_list":{"0":"post-3943","1":"product","2":"type-product","3":"status-publish","4":"has-post-thumbnail","6":"product_cat-cinderella-stamp","7":"product_cat-coleccionismo","8":"product_cat-minipliego","9":"thunk-woo-product-list","10":"opn-qv-enable","11":"open-woo-hover-zoom","12":"open-single-product-tab-horizontal","13":"open-shadow-","14":"open-shadow-hover-","16":"first","17":"instock","18":"shipping-taxable","19":"purchasable","20":"product-type-simple"},"acf":[],"jetpack_sharing_enabled":true,"_links":{"self":[{"href":"https:\/\/filatelia.cuentista.es\/en\/wp-json\/wp\/v2\/product\/3943","targetHints":{"allow":["GET"]}}],"collection":[{"href":"https:\/\/filatelia.cuentista.es\/en\/wp-json\/wp\/v2\/product"}],"about":[{"href":"https:\/\/filatelia.cuentista.es\/en\/wp-json\/wp\/v2\/types\/product"}],"replies":[{"embeddable":true,"href":"https:\/\/filatelia.cuentista.es\/en\/wp-json\/wp\/v2\/comments?post=3943"}],"wp:featuredmedia":[{"embeddable":true,"href":"https:\/\/filatelia.cuentista.es\/en\/wp-json\/wp\/v2\/media\/3942"}],"wp:attachment":[{"href":"https:\/\/filatelia.cuentista.es\/en\/wp-json\/wp\/v2\/media?parent=3943"}],"wp:term":[{"taxonomy":"product_brand","embeddable":true,"href":"https:\/\/filatelia.cuentista.es\/en\/wp-json\/wp\/v2\/product_brand?post=3943"},{"taxonomy":"product_cat","embeddable":true,"href":"https:\/\/filatelia.cuentista.es\/en\/wp-json\/wp\/v2\/product_cat?post=3943"},{"taxonomy":"product_tag","embeddable":true,"href":"https:\/\/filatelia.cuentista.es\/en\/wp-json\/wp\/v2\/product_tag?post=3943"}],"curies":[{"name":"wp","href":"https:\/\/api.w.org\/{rel}","templated":true}]}}