{"id":394,"date":"2024-07-20T06:38:36","date_gmt":"2024-07-20T06:38:36","guid":{"rendered":"https:\/\/filatelia.cuentista.es\/product\/santa-catalina-biar"},"modified":"2024-10-13T05:33:29","modified_gmt":"2024-10-13T05:33:29","slug":"santa-catalina-biar","status":"publish","type":"product","link":"https:\/\/filatelia.cuentista.es\/en\/product\/santa-catalina-biar","title":{"rendered":"Sobre Primer Dia Espa\u00f1a 1972 &#8211; Santa Catalina, Biar &#8211; 2 Valores"},"content":{"rendered":"<p>Sobre Primer Dia Espa\u00f1a 1972 &#8211; Santa Catalina, Biar &#8211; 2 Valores<\/p>\n<p>Fecha de Emision : 22 de Junio de 1972<\/p>\n<p>Sellos de 3 y 2 Pesetas &#8211; Sbre ALFIL &#8211; Matasellado en Madrid<\/p>\n<p>Informacion de la serie de sellos, no incluidos en este producto:<\/p>\n<p>Serie castillos 1972, 5 valores EDIFIL 2093 a 2097<\/p>\n<p>&nbsp;<\/p>\n<p><img loading=\"lazy\" decoding=\"async\" class=\"\" src=\"https:\/\/static.filateliamonge.com\/476585\/espana-2-centenario-1972-correo-n-02093-97-mnh-vi-castillos-1972-5-sellos.jpg\" alt=\"Espa\u00f1a - 2\u00ba Centenario - 1972 - Correo - N\u00ba 02093\/97 - **\/MNH - VI  Castillos 1972 5 sellos\" width=\"419\" height=\"419\" \/><\/p>\n<h3>Castillo de Sajazarra, Logro\u00f1o<\/h3>\n<p>El castillo de Sajazarra se encuentra en la localidad del mismo nombre, al norte de La Rioja. A finales del siglo XIII existi\u00f3 una primitiva torre que fue destruida en el siglo XV para construir el castillo El castillo ha sido escenario de las distintas disputas entre los reinos de Navarra y Castilla.<\/p>\n<p>Su historia est\u00e1 unida a su localidad vecina Haro que, en 1430, pas\u00f3 a manos castellanas Es de planta rectangular, con \u00e1ngulos reforzados con cubos huecos y un espol\u00f3n defensivo en el este. Como elementos defensivos m\u00e1s destacados, posee matacanes y saeteras. La entrada tambi\u00e9n se encuentra enmarcada por dos cubos que sirven de ayuda para su defensa.<\/p>\n<h3>Castillo de Santa Catalina, Ja\u00e9n<\/h3>\n<p>El castillo de Santa Catalina se levanta sobre un cerro ( 820 m. de altitud) que domina los llanos sobre el que se asienta la ciudad de Ja\u00e9n, en las estribaciones de la Sierra de Jabalcuz.<\/p>\n<p>El origen de su nombre rinde honor a Santa Catalina de Alejandr\u00eda, patrona de la ciudad, cuya aparici\u00f3n milagrosa al rey Fernando III fue decisiva en su decisi\u00f3n de conquistar esta villa a los \u00e1rabes, gobernados por Almmaun I de Arjona (Alhamar).<\/p>\n<h3>Castillo de Biar, Alicante<\/h3>\n<p>El castillo de Biar se alza sobre un alto cerro desde el que domina la localidad del mismo nombre, una peque\u00f1a poblaci\u00f3n situada al norte de la provincia de Alicante. Las tierras de Biar fueron causa de cont\u00ednuos litigios entre aragoneses y castellanos durante la Reconquista. El edificio se compone de dos partes.<\/p>\n<p>Por un lado, un recinto con cuatro torres semicirculares en las esquinas del mismo, y por el otro, un espacio con cuatro estructuras c\u00fabicas y la torre del homenaje. Estas torres y dem\u00e1s estructuras constituyen las defensas b\u00e1sicas del Castillo.<\/p>\n<h3>Castillo de San Servando, Toledo<\/h3>\n<p>El Castillo de San Servando es una de las mejores obras de arquitectura militar mud\u00e9jar de Espa\u00f1a. Fue utilizada en diferentes \u00e9pocas para defender la confluencia de caminos que acced\u00edan al puente y como fortaleza de defensa militar de la ciudad, por lo que fue objeto de numerosos destrozos y en la actualidad se encuentra muy restaurada.<\/p>\n<p>Fue erigido primitivamente en el siglo XI por Alfonso VI, quien lo entreg\u00f3 a los templarios. Se cree que en \u00e9l vel\u00f3 las armas El Cid antes de su reconciliaci\u00f3n con el rey.<\/p>\n<h3>Castillo de Pedraza, Segovia<\/h3>\n<p>El castillo de Pedraza se encuentra en un extremo del cerro donde se asienta la pobalci\u00f3n del mismo nombre, en la provincia de Segovia y fue construido entre los siglos XIV y XVI. Antiguamente el castillo estaba incluido en las murallas que rodeaban la poblaci\u00f3n, pero que hoy ya no se observan. La planta es de tipo irregular.<\/p>\n<p>Es de destacar su cisterna en forma de b\u00f3veda. Adem\u00e1s existe unos lienzos externos que presentan cubos de dieferente amplitud cuya funci\u00f3n es la defensa de ese flanco vulnerable de la fortaleza. La puerta se halla recubierta con puntas de hierro que dificultaban la labor de los arietes.<\/p>","protected":false},"excerpt":{"rendered":"<p>Sobre Primer Dia Espa\u00f1a 1972 &#8211; Santa Catalina, Biar &#8211; 2 Valores<\/p>\n<p>Fecha de Emision : 22 de Junio de 1972<\/p>","protected":false},"featured_media":4003,"comment_status":"open","ping_status":"closed","template":"","meta":{"_acf_changed":false},"product_brand":[],"product_cat":[663,19],"product_tag":[86,88,151,1408,190,45,189],"class_list":{"0":"post-394","1":"product","2":"type-product","3":"status-publish","4":"has-post-thumbnail","6":"product_cat-espana","7":"product_cat-spd-sobres-primer-dia","8":"product_tag-86","9":"product_tag-arquitectura","10":"product_tag-castillo","11":"product_tag-estudia","12":"product_tag-fdc","13":"product_tag-historia","14":"product_tag-spd","15":"thunk-woo-product-list","16":"opn-qv-enable","17":"open-woo-hover-zoom","18":"open-single-product-tab-horizontal","19":"open-shadow-","20":"open-shadow-hover-","22":"first","23":"instock","24":"shipping-taxable","25":"purchasable","26":"product-type-simple"},"acf":[],"jetpack_sharing_enabled":true,"_links":{"self":[{"href":"https:\/\/filatelia.cuentista.es\/en\/wp-json\/wp\/v2\/product\/394","targetHints":{"allow":["GET"]}}],"collection":[{"href":"https:\/\/filatelia.cuentista.es\/en\/wp-json\/wp\/v2\/product"}],"about":[{"href":"https:\/\/filatelia.cuentista.es\/en\/wp-json\/wp\/v2\/types\/product"}],"replies":[{"embeddable":true,"href":"https:\/\/filatelia.cuentista.es\/en\/wp-json\/wp\/v2\/comments?post=394"}],"wp:featuredmedia":[{"embeddable":true,"href":"https:\/\/filatelia.cuentista.es\/en\/wp-json\/wp\/v2\/media\/4003"}],"wp:attachment":[{"href":"https:\/\/filatelia.cuentista.es\/en\/wp-json\/wp\/v2\/media?parent=394"}],"wp:term":[{"taxonomy":"product_brand","embeddable":true,"href":"https:\/\/filatelia.cuentista.es\/en\/wp-json\/wp\/v2\/product_brand?post=394"},{"taxonomy":"product_cat","embeddable":true,"href":"https:\/\/filatelia.cuentista.es\/en\/wp-json\/wp\/v2\/product_cat?post=394"},{"taxonomy":"product_tag","embeddable":true,"href":"https:\/\/filatelia.cuentista.es\/en\/wp-json\/wp\/v2\/product_tag?post=394"}],"curies":[{"name":"wp","href":"https:\/\/api.w.org\/{rel}","templated":true}]}}