{"id":3934,"date":"2024-10-12T17:18:33","date_gmt":"2024-10-12T17:18:33","guid":{"rendered":"https:\/\/filatelia.cuentista.es\/product\/comic-mujeres-alteradas-4-maitena-cantidad-necesaria"},"modified":"2024-10-12T17:19:33","modified_gmt":"2024-10-12T17:19:33","slug":"comic-mujeres-alteradas-4-maitena-cantidad-necesaria","status":"publish","type":"product","link":"https:\/\/filatelia.cuentista.es\/en\/product\/comic-mujeres-alteradas-4-maitena-cantidad-necesaria","title":{"rendered":"C\u00f3mic Mujeres Alteradas 4 &#8211; Maitena &#8211; Cantidad necesaria"},"content":{"rendered":"<p>C\u00f3mic a todo color de 95 p\u00e1ginas en condiciones aceptables<\/p>\n<p>El tel\u00e9fono que no suena, la media que se corre, la suegra que se mete, las cuentas que se apilan, el busto que se cae, el hombre que no aparece, el que desaparece y el que no te parece&#8230;Con su aguda capacidad de observaci\u00f3n y fresca iron\u00eda, la genial humorista argentina<\/p>\n<p>Maitena Burundarena, invita a las mujeres a re\u00edrse de sus propias desventuras y sonre\u00edr aliviadas al descubrir que eso que les pasa es, en realidad, lo mismo que les ocurre a todas. Y despierta p\u00e1gina a p\u00e1gina una<\/p>","protected":false},"excerpt":{"rendered":"<p>C\u00f3mic a todo color de 95 p\u00e1ginas en condiciones aceptables El tel\u00e9fono que no suena, la media que se corre, la suegra que se mete, las cuentas que se apilan, el busto que se cae, el hombre que no aparece, el que desaparece y el que no te parece&#8230;Con su aguda capacidad de observaci\u00f3n y &hellip;<\/p>\n<p class=\"read-more\"> <a class=\"thunk-readmore button\" href=\"https:\/\/filatelia.cuentista.es\/en\/product\/comic-mujeres-alteradas-4-maitena-cantidad-necesaria\"> <span class=\"screen-reader-text\">C\u00f3mic Mujeres Alteradas 4 &#8211; Maitena &#8211; Cantidad necesaria<\/span>Read More<\/a><\/p>","protected":false},"featured_media":3930,"comment_status":"open","ping_status":"closed","template":"","meta":{"_acf_changed":false},"product_brand":[],"product_cat":[30],"product_tag":[],"class_list":{"0":"post-3934","1":"product","2":"type-product","3":"status-publish","4":"has-post-thumbnail","6":"product_cat-comic-libro","7":"thunk-woo-product-list","8":"opn-qv-enable","9":"open-woo-hover-zoom","10":"open-single-product-tab-horizontal","11":"open-shadow-","12":"open-shadow-hover-","14":"first","15":"instock","16":"sale","17":"shipping-taxable","18":"purchasable","19":"product-type-simple"},"acf":[],"jetpack_sharing_enabled":true,"_links":{"self":[{"href":"https:\/\/filatelia.cuentista.es\/en\/wp-json\/wp\/v2\/product\/3934","targetHints":{"allow":["GET"]}}],"collection":[{"href":"https:\/\/filatelia.cuentista.es\/en\/wp-json\/wp\/v2\/product"}],"about":[{"href":"https:\/\/filatelia.cuentista.es\/en\/wp-json\/wp\/v2\/types\/product"}],"replies":[{"embeddable":true,"href":"https:\/\/filatelia.cuentista.es\/en\/wp-json\/wp\/v2\/comments?post=3934"}],"wp:featuredmedia":[{"embeddable":true,"href":"https:\/\/filatelia.cuentista.es\/en\/wp-json\/wp\/v2\/media\/3930"}],"wp:attachment":[{"href":"https:\/\/filatelia.cuentista.es\/en\/wp-json\/wp\/v2\/media?parent=3934"}],"wp:term":[{"taxonomy":"product_brand","embeddable":true,"href":"https:\/\/filatelia.cuentista.es\/en\/wp-json\/wp\/v2\/product_brand?post=3934"},{"taxonomy":"product_cat","embeddable":true,"href":"https:\/\/filatelia.cuentista.es\/en\/wp-json\/wp\/v2\/product_cat?post=3934"},{"taxonomy":"product_tag","embeddable":true,"href":"https:\/\/filatelia.cuentista.es\/en\/wp-json\/wp\/v2\/product_tag?post=3934"}],"curies":[{"name":"wp","href":"https:\/\/api.w.org\/{rel}","templated":true}]}}