{"id":3924,"date":"2024-10-12T17:08:17","date_gmt":"2024-10-12T17:08:17","guid":{"rendered":"https:\/\/filatelia.cuentista.es\/product\/catalogo-de-sellos-de-francia-2020-2021-spink"},"modified":"2024-10-12T17:08:52","modified_gmt":"2024-10-12T17:08:52","slug":"catalogo-de-sellos-de-francia-2020-2021-spink","status":"publish","type":"product","link":"https:\/\/filatelia.cuentista.es\/en\/product\/catalogo-de-sellos-de-francia-2020-2021-spink","title":{"rendered":"Cat\u00e1logo de Sellos de Francia &#8211; 2020 \/ 2021 &#8211; Spink"},"content":{"rendered":"<p>CATALOGUE DE TIMBRES DE FRANCE<\/p>\n<p>1849-1960 et vari\u00e9t\u00e9s apr\u00e8s 1960<\/p>\n<p>2020-2021<\/p>\n<p>SPINK | MAURY<\/p>\n<p>Un catalogue fait par les collectionneurs pour les collectionneurs<\/p>\n<p>Cette ann\u00e9e encore le catalogue SPINK MAURY, h\u00e9ritier des prestigieux catalogues Maury, C\u00e9r\u00e8s et Dallay, qui ont fait le bonheur de g\u00e9n\u00e9rations de philat\u00e9listes depuis 1889 poursuit son travail de recherche. Il couvre les timbres fran\u00e7ais de 1849 \u00e0 1960, et les vari\u00e9t\u00e9s apr\u00e8s 1960. Comme chaque ann\u00e9e des centaines de modifications de cotes, de nouvelles vari\u00e9t\u00e9s, de d\u00e9couvertes vous sont propos\u00e9es dans une pr\u00e9sentation toujours exceptionnelle.<\/p>\n<p>Parmi les nouveaut\u00e9s, signalons par exemple, la continuation des \u00e9tudes mono-graphiques, pr\u00e9sentant un timbre par page avec toutes les vari\u00e9t\u00e9s connues jusqu&#8217;\u00e0 1930. Un niveau de d\u00e9tail in\u00e9gal\u00e9 pour les timbres de France.<\/p>\n<p>La France poss\u00e8de l&#8217;une des plus belles philat\u00e9lies du monde. Avec une distribution tr\u00e8s internationale, nous essayons d&#8217;en \u00eatre les modestes ambassadeurs, d&#8217;o\u00f9 cette inhabituelle revue ci-dessous en anglais, pour nos lecteurs interna-tionaux.<\/p>\n<p>Merci d&#8217;\u00eatre de plus en plus nombreux chaque ann\u00e9e \u00e0 nous rejoindre.<\/p>","protected":false},"excerpt":{"rendered":"<p>CATALOGUE DE TIMBRES DE FRANCE 1849-1960 et vari\u00e9t\u00e9s apr\u00e8s 1960 2020-2021 SPINK | MAURY Un catalogue fait par les collectionneurs pour les collectionneurs Cette ann\u00e9e encore le catalogue SPINK MAURY, h\u00e9ritier des prestigieux catalogues Maury, C\u00e9r\u00e8s et Dallay, qui ont fait le bonheur de g\u00e9n\u00e9rations de philat\u00e9listes depuis 1889 poursuit son travail de recherche. Il &hellip;<\/p>\n<p class=\"read-more\"> <a class=\"thunk-readmore button\" href=\"https:\/\/filatelia.cuentista.es\/en\/product\/catalogo-de-sellos-de-francia-2020-2021-spink\"> <span class=\"screen-reader-text\">Cat\u00e1logo de Sellos de Francia &#8211; 2020 \/ 2021 &#8211; Spink<\/span>Read More<\/a><\/p>","protected":false},"featured_media":3920,"comment_status":"open","ping_status":"closed","template":"","meta":{"_acf_changed":false},"product_brand":[],"product_cat":[886,22],"product_tag":[],"class_list":{"0":"post-3924","1":"product","2":"type-product","3":"status-publish","4":"has-post-thumbnail","6":"product_cat-catalogo-filatelia","7":"product_cat-libros","8":"thunk-woo-product-list","9":"opn-qv-enable","10":"open-woo-hover-zoom","11":"open-single-product-tab-horizontal","12":"open-shadow-","13":"open-shadow-hover-","15":"first","16":"instock","17":"sale","18":"shipping-taxable","19":"purchasable","20":"product-type-simple"},"acf":[],"jetpack_sharing_enabled":true,"_links":{"self":[{"href":"https:\/\/filatelia.cuentista.es\/en\/wp-json\/wp\/v2\/product\/3924","targetHints":{"allow":["GET"]}}],"collection":[{"href":"https:\/\/filatelia.cuentista.es\/en\/wp-json\/wp\/v2\/product"}],"about":[{"href":"https:\/\/filatelia.cuentista.es\/en\/wp-json\/wp\/v2\/types\/product"}],"replies":[{"embeddable":true,"href":"https:\/\/filatelia.cuentista.es\/en\/wp-json\/wp\/v2\/comments?post=3924"}],"wp:featuredmedia":[{"embeddable":true,"href":"https:\/\/filatelia.cuentista.es\/en\/wp-json\/wp\/v2\/media\/3920"}],"wp:attachment":[{"href":"https:\/\/filatelia.cuentista.es\/en\/wp-json\/wp\/v2\/media?parent=3924"}],"wp:term":[{"taxonomy":"product_brand","embeddable":true,"href":"https:\/\/filatelia.cuentista.es\/en\/wp-json\/wp\/v2\/product_brand?post=3924"},{"taxonomy":"product_cat","embeddable":true,"href":"https:\/\/filatelia.cuentista.es\/en\/wp-json\/wp\/v2\/product_cat?post=3924"},{"taxonomy":"product_tag","embeddable":true,"href":"https:\/\/filatelia.cuentista.es\/en\/wp-json\/wp\/v2\/product_tag?post=3924"}],"curies":[{"name":"wp","href":"https:\/\/api.w.org\/{rel}","templated":true}]}}