{"id":387,"date":"2024-07-20T06:38:33","date_gmt":"2024-07-20T06:38:33","guid":{"rendered":"https:\/\/filatelia.cuentista.es\/product\/roma-hispania-merida-2"},"modified":"2024-10-12T07:01:12","modified_gmt":"2024-10-12T07:01:12","slug":"roma-hispania-merida-2","status":"publish","type":"product","link":"https:\/\/filatelia.cuentista.es\/en\/product\/roma-hispania-merida-2","title":{"rendered":"Sobre Primer D\u00eda Espa\u00f1a 1974 &#8211; Roma Hispania M\u00e9rida"},"content":{"rendered":"<p>Sobre Primer D\u00eda Espa\u00f1a 1974 &#8211; Roma Hispania M\u00e9rida<\/p>\n<p>Fecha de Emision de 25 de Junio de 1974<\/p>\n<p>Motivo Teatro Rom\u00e1nico de Merida<\/p>\n<p>Sellos de 5 y 3 Ptas<\/p>\n<p>Sobre Alfil Matasellado de Barcelona y con dorso sobr eel Teatro Romano y Marco Valerio Marcial<\/p>\n<p>&nbsp;<\/p>\n<p>Informacion adicional de la serie de sellos (no incluidos en este producto)<\/p>\n<p>Edifil 2184 &#8211; 2191<\/p>\n<p><img decoding=\"async\" src=\"https:\/\/www.albuensello.es\/wp-content\/uploads\/2017\/05\/2184.jpg\" alt=\"Espa\u00f1a 1974 Roma \u2013 Hispania Edifil 2184\/2191 \u2013 Al Buen Sello\" \/><\/p>\n<p>2184, Vista del acueducto romano de Segovia;<br \/>\n2185, Vista del puente romano de Alc\u00e1ntara (C\u00e1ceres), construido en tiempos de Trajano, sobre el r\u00edo Tajo;<br \/>\n2186, Marco Valerio Marcial, poeta sat\u00edrico;<br \/>\n2187, Arco romano de Bar\u00e1 (Tarragona);<br \/>\n2188, Teatro romano de M\u00e9rida (Badajoz);<br \/>\n2189, Osio, obispo cordob\u00e9s inspirador de las primeras leyes cristianas que entraron a formar parte del Derecho romano;<br \/>\n2190, Ruinas de la Curia romana de Talavera la Vieja (C\u00e1ceres), la antigua August\u00f3briga;<br \/>\n2191, El emperador hispano Trajano, busto aparecido en las ruinas de It\u00e1lica (Sevilla).<br \/>\nImpresos en calcograf\u00eda.<br \/>\nTama\u00f1os:<br \/>\n2184 al 2186, 2188 y 2189, 40,9 x 24,9 mm<br \/>\n2187, 2190 y 2191, 24,9 x 40,9 mm.<br \/>\nPliegos de 25 sellos.<br \/>\nDentado 13 1\/4 x 12 3\/$.<br \/>\nTirada: 10.000.000 de cada valor.<\/p>","protected":false},"excerpt":{"rendered":"<p>Sobre Primer D\u00eda Espa\u00f1a 1974 &#8211; Roma Hispania M\u00e9rida<\/p>\n<p>Motivo Teatro Rom\u00e1nico de Merida<\/p>","protected":false},"featured_media":3906,"comment_status":"open","ping_status":"closed","template":"","meta":{"_acf_changed":false},"product_brand":[],"product_cat":[663,19],"product_tag":[75,190,1400,533,189],"class_list":{"0":"post-387","1":"product","2":"type-product","3":"status-publish","4":"has-post-thumbnail","6":"product_cat-espana","7":"product_cat-spd-sobres-primer-dia","8":"product_tag-75","9":"product_tag-fdc","10":"product_tag-hispania","11":"product_tag-roma","12":"product_tag-spd","13":"thunk-woo-product-list","14":"opn-qv-enable","15":"open-woo-hover-zoom","16":"open-single-product-tab-horizontal","17":"open-shadow-","18":"open-shadow-hover-","20":"first","21":"instock","22":"shipping-taxable","23":"purchasable","24":"product-type-simple"},"acf":[],"jetpack_sharing_enabled":true,"_links":{"self":[{"href":"https:\/\/filatelia.cuentista.es\/en\/wp-json\/wp\/v2\/product\/387","targetHints":{"allow":["GET"]}}],"collection":[{"href":"https:\/\/filatelia.cuentista.es\/en\/wp-json\/wp\/v2\/product"}],"about":[{"href":"https:\/\/filatelia.cuentista.es\/en\/wp-json\/wp\/v2\/types\/product"}],"replies":[{"embeddable":true,"href":"https:\/\/filatelia.cuentista.es\/en\/wp-json\/wp\/v2\/comments?post=387"}],"wp:featuredmedia":[{"embeddable":true,"href":"https:\/\/filatelia.cuentista.es\/en\/wp-json\/wp\/v2\/media\/3906"}],"wp:attachment":[{"href":"https:\/\/filatelia.cuentista.es\/en\/wp-json\/wp\/v2\/media?parent=387"}],"wp:term":[{"taxonomy":"product_brand","embeddable":true,"href":"https:\/\/filatelia.cuentista.es\/en\/wp-json\/wp\/v2\/product_brand?post=387"},{"taxonomy":"product_cat","embeddable":true,"href":"https:\/\/filatelia.cuentista.es\/en\/wp-json\/wp\/v2\/product_cat?post=387"},{"taxonomy":"product_tag","embeddable":true,"href":"https:\/\/filatelia.cuentista.es\/en\/wp-json\/wp\/v2\/product_tag?post=387"}],"curies":[{"name":"wp","href":"https:\/\/api.w.org\/{rel}","templated":true}]}}