{"id":384,"date":"2024-07-20T06:38:30","date_gmt":"2024-07-20T06:38:30","guid":{"rendered":"https:\/\/filatelia.cuentista.es\/product\/xi-congreso-de-la-comision-nacional-de-grandes-presas-3"},"modified":"2024-10-12T06:28:59","modified_gmt":"2024-10-12T06:28:59","slug":"xi-congreso-de-la-comision-nacional-de-grandes-presas-3","status":"publish","type":"product","link":"https:\/\/filatelia.cuentista.es\/en\/product\/xi-congreso-de-la-comision-nacional-de-grandes-presas-3","title":{"rendered":"Sobre Primer Dia Espa\u00f1a 1973 &#8211; XI congreso de la Comisi\u00f3n Nacional de grandes presas (SFC)"},"content":{"rendered":"<p>Sobre Primer Dia Espa\u00f1a 1973 &#8211; XI congreso de la Comisi\u00f3n Nacional de grandes presas (SFC)<\/p>\n<p>Fecha de Emision 9 Junio 1973<\/p>\n<p>Sello de 8 Ptas EDIFIL 2128<\/p>\n<p>Sobre de SFC &#8211; A 391 bis-\u00a0 Matasellado de Barcelona<\/p>","protected":false},"excerpt":{"rendered":"<p>Sobre Primer Dia Espa\u00f1a 1973 &#8211; XI congreso de la Comisi\u00f3n Nacional de grandes presas (SFC)<\/p>\n<p>Fecha de Emision 9 Junio 1973<\/p>","protected":false},"featured_media":3901,"comment_status":"open","ping_status":"closed","template":"","meta":{"_acf_changed":false},"product_brand":[],"product_cat":[663,19],"product_tag":[76,190,1200,189],"class_list":{"0":"post-384","1":"product","2":"type-product","3":"status-publish","4":"has-post-thumbnail","6":"product_cat-espana","7":"product_cat-spd-sobres-primer-dia","8":"product_tag-76","9":"product_tag-fdc","10":"product_tag-represa","11":"product_tag-spd","12":"thunk-woo-product-list","13":"opn-qv-enable","14":"open-woo-hover-zoom","15":"open-single-product-tab-horizontal","16":"open-shadow-","17":"open-shadow-hover-","19":"first","20":"instock","21":"shipping-taxable","22":"purchasable","23":"product-type-simple"},"acf":[],"jetpack_sharing_enabled":true,"_links":{"self":[{"href":"https:\/\/filatelia.cuentista.es\/en\/wp-json\/wp\/v2\/product\/384","targetHints":{"allow":["GET"]}}],"collection":[{"href":"https:\/\/filatelia.cuentista.es\/en\/wp-json\/wp\/v2\/product"}],"about":[{"href":"https:\/\/filatelia.cuentista.es\/en\/wp-json\/wp\/v2\/types\/product"}],"replies":[{"embeddable":true,"href":"https:\/\/filatelia.cuentista.es\/en\/wp-json\/wp\/v2\/comments?post=384"}],"wp:featuredmedia":[{"embeddable":true,"href":"https:\/\/filatelia.cuentista.es\/en\/wp-json\/wp\/v2\/media\/3901"}],"wp:attachment":[{"href":"https:\/\/filatelia.cuentista.es\/en\/wp-json\/wp\/v2\/media?parent=384"}],"wp:term":[{"taxonomy":"product_brand","embeddable":true,"href":"https:\/\/filatelia.cuentista.es\/en\/wp-json\/wp\/v2\/product_brand?post=384"},{"taxonomy":"product_cat","embeddable":true,"href":"https:\/\/filatelia.cuentista.es\/en\/wp-json\/wp\/v2\/product_cat?post=384"},{"taxonomy":"product_tag","embeddable":true,"href":"https:\/\/filatelia.cuentista.es\/en\/wp-json\/wp\/v2\/product_tag?post=384"}],"curies":[{"name":"wp","href":"https:\/\/api.w.org\/{rel}","templated":true}]}}