{"id":381,"date":"2024-07-20T06:38:29","date_gmt":"2024-07-20T06:38:29","guid":{"rendered":"https:\/\/filatelia.cuentista.es\/product\/santuario-de-nuestra-senora-de-la-cabeza-3"},"modified":"2024-10-12T06:12:30","modified_gmt":"2024-10-12T06:12:30","slug":"santuario-de-nuestra-senora-de-la-cabeza-3","status":"publish","type":"product","link":"https:\/\/filatelia.cuentista.es\/en\/product\/santuario-de-nuestra-senora-de-la-cabeza-3","title":{"rendered":"Sobre Primer D\u00eda Espa\u00f1a 1975 &#8211; Santuario de nuestra se\u00f1ora de la cabeza"},"content":{"rendered":"<p>Sobre Primer D\u00eda Espa\u00f1a 1975 &#8211; Santuario de nuestra se\u00f1ora de la cabeza<\/p>\n<p>Fecha de Emision 18 de Junio de 1975<\/p>\n<p>Matasellado de Barcelona en sobre SFC &#8211; A433<\/p>\n<p>EDIFIL 2265<\/p>\n<p>La\u00a0<b>Bas\u00edlica y Real Santuario de la Sant\u00edsima Virgen de la Cabeza<\/b>\u00a0es un\u00a0<a title=\"Santuario (edificio)\" href=\"https:\/\/es.wikipedia.org\/wiki\/Santuario_(edificio)\">santuario<\/a>\u00a0ubicado en pleno\u00a0<a title=\"Parque natural de la Sierra de And\u00fajar\" href=\"https:\/\/es.wikipedia.org\/wiki\/Parque_natural_de_la_Sierra_de_And%C3%BAjar\">parque natural de la Sierra de And\u00fajar<\/a>, en el paraje conocido coloquialmente como\u00a0<a class=\"new\" title=\"Cerro del Cabezo (a\u00fan no redactado)\" href=\"https:\/\/es.wikipedia.org\/w\/index.php?title=Cerro_del_Cabezo&amp;action=edit&amp;redlink=1\">cerro del Cabezo<\/a>, a 32\u00a0km al norte de la ciudad de\u00a0<a title=\"And\u00fajar\" href=\"https:\/\/es.wikipedia.org\/wiki\/And%C3%BAjar\">And\u00fajar<\/a>\u00a0(<a title=\"Provincia de Ja\u00e9n (Espa\u00f1a)\" href=\"https:\/\/es.wikipedia.org\/wiki\/Provincia_de_Ja%C3%A9n_(Espa%C3%B1a)\">Ja\u00e9n<\/a>). Se trata del lugar en el cual se venera la imagen de la\u00a0<a title=\"Virgen de la Cabeza\" href=\"https:\/\/es.wikipedia.org\/wiki\/Virgen_de_la_Cabeza\">Virgen de la Cabeza<\/a>, patrona de\u00a0<a title=\"And\u00fajar\" href=\"https:\/\/es.wikipedia.org\/wiki\/And%C3%BAjar\">And\u00fajar<\/a>, por\u00a0<a title=\"Bula\" href=\"https:\/\/es.wikipedia.org\/wiki\/Bula\">bula<\/a>\u00a0del\u00a0<a title=\"Papa\" href=\"https:\/\/es.wikipedia.org\/wiki\/Papa\">papa<\/a>\u00a0<a title=\"P\u00edo X\" href=\"https:\/\/es.wikipedia.org\/wiki\/P%C3%ADo_X\">P\u00edo X<\/a>\u00a0el 18 de marzo de 1909, y de la\u00a0<a title=\"Di\u00f3cesis de Ja\u00e9n\" href=\"https:\/\/es.wikipedia.org\/wiki\/Di%C3%B3cesis_de_Ja%C3%A9n\">Di\u00f3cesis de Ja\u00e9n<\/a>, por\u00a0<a title=\"Bula\" href=\"https:\/\/es.wikipedia.org\/wiki\/Bula\">bula<\/a>\u00a0del\u00a0<a title=\"Papa\" href=\"https:\/\/es.wikipedia.org\/wiki\/Papa\">papa<\/a>\u00a0<a title=\"Juan XXIII\" href=\"https:\/\/es.wikipedia.org\/wiki\/Juan_XXIII\">Juan XXIII<\/a>\u00a0el 27 de noviembre de 1959.<\/p>","protected":false},"excerpt":{"rendered":"<p>Sobre Primer D\u00eda Espa\u00f1a 1975 &#8211; Santuario de nuestra se\u00f1ora de la cabeza<\/p>\n<p>Fecha de Emision 18 de Junio de 1975<\/p>","protected":false},"featured_media":3897,"comment_status":"open","ping_status":"closed","template":"","meta":{"_acf_changed":false},"product_brand":[],"product_cat":[15,663,19],"product_tag":[110,190,153,109,189],"class_list":{"0":"post-381","1":"product","2":"type-product","3":"status-publish","4":"has-post-thumbnail","6":"product_cat-coleccionismo","7":"product_cat-espana","8":"product_cat-spd-sobres-primer-dia","9":"product_tag-110","10":"product_tag-fdc","11":"product_tag-iglesia","12":"product_tag-religion","13":"product_tag-spd","14":"thunk-woo-product-list","15":"opn-qv-enable","16":"open-woo-hover-zoom","17":"open-single-product-tab-horizontal","18":"open-shadow-","19":"open-shadow-hover-","21":"first","22":"instock","23":"sale","24":"shipping-taxable","25":"purchasable","26":"product-type-simple"},"acf":[],"jetpack_sharing_enabled":true,"_links":{"self":[{"href":"https:\/\/filatelia.cuentista.es\/en\/wp-json\/wp\/v2\/product\/381","targetHints":{"allow":["GET"]}}],"collection":[{"href":"https:\/\/filatelia.cuentista.es\/en\/wp-json\/wp\/v2\/product"}],"about":[{"href":"https:\/\/filatelia.cuentista.es\/en\/wp-json\/wp\/v2\/types\/product"}],"replies":[{"embeddable":true,"href":"https:\/\/filatelia.cuentista.es\/en\/wp-json\/wp\/v2\/comments?post=381"}],"wp:featuredmedia":[{"embeddable":true,"href":"https:\/\/filatelia.cuentista.es\/en\/wp-json\/wp\/v2\/media\/3897"}],"wp:attachment":[{"href":"https:\/\/filatelia.cuentista.es\/en\/wp-json\/wp\/v2\/media?parent=381"}],"wp:term":[{"taxonomy":"product_brand","embeddable":true,"href":"https:\/\/filatelia.cuentista.es\/en\/wp-json\/wp\/v2\/product_brand?post=381"},{"taxonomy":"product_cat","embeddable":true,"href":"https:\/\/filatelia.cuentista.es\/en\/wp-json\/wp\/v2\/product_cat?post=381"},{"taxonomy":"product_tag","embeddable":true,"href":"https:\/\/filatelia.cuentista.es\/en\/wp-json\/wp\/v2\/product_tag?post=381"}],"curies":[{"name":"wp","href":"https:\/\/api.w.org\/{rel}","templated":true}]}}