{"id":3796,"date":"2024-10-06T16:07:45","date_gmt":"2024-10-06T16:07:45","guid":{"rendered":"https:\/\/filatelia.cuentista.es\/product\/lamina-facsimil-enciclopedia-diderot-espana-2003-39-x-26-cm-fontes-des-canons-lamina-xv"},"modified":"2024-10-06T16:07:47","modified_gmt":"2024-10-06T16:07:47","slug":"lamina-facsimil-enciclopedia-diderot-espana-2003-39-x-26-cm-fontes-des-canons-lamina-xv","status":"publish","type":"product","link":"https:\/\/filatelia.cuentista.es\/en\/product\/lamina-facsimil-enciclopedia-diderot-espana-2003-39-x-26-cm-fontes-des-canons-lamina-xv","title":{"rendered":"L\u00e1mina Facs\u00edmil Enciclopedia Diderot &#8211; Espa\u00f1a 2003 &#8211; 39 x 26 cm &#8211; Fontes des Canons &#8211; L\u00e1mina XV"},"content":{"rendered":"<p>FUNDICI\u00d3N DE CA\u00d1ONES<\/p>\n<p>(FONDERIE DES CANONS)<\/p>\n<p>L\u00c1MINA XV<\/p>\n<p>La ilustraci\u00f3n representa la operaci\u00f3n de secado de los moldes: operaci\u00f3n que se repite con cada una de las capas, tanto del modelo como del revestimiento.<\/p>\n<p>Cuando los moldes se hallan en este estado, despu\u00e9s de secos y retirados de las borriquetas o caballetes, se quitan los clavos que sujctaban la cuerda al extremo menor del cjc. y, con unos cuantos golpes de maza sobre dicho extremo, se logra que el ejc o alma salga del interior del mode-lo; operaci\u00f3n que no reviste dificultad alguna dado que es de forma piramidal. El eje arrastra consigo un extremo de la cuerda, lo que permite des-enrollarla f\u00e1cilmente. Hecho lo cual, se transporta el molde y el modelo de tierra que contiene a la fosa situada delante del horno, donde se coloca verticalmente con la ayuda de travesa\u00f1os de hierro o de una m\u00e1quina hecha a prop\u00f3sito para esta operaci\u00f3n y que recibe el nombre de chumace-ra. Se arrojan entonces en el interior del modelo, en el lugar que ocupan el eje y la cuerda, le\u00f1os ardiendo con la finalidad de derretir el sebo que separa el modelo de su molde o revestimiento, as\u00ed como la cera que forman los modelos de las asas y otros adornos, que el calor derrite tambi\u00e9n: adem\u00e1s el calor deseca las tierras del modelo, las hace m\u00e1s fr\u00e1giles, lo que facilita su extracci\u00f3n; de forma que lo \u00fanico que se conserva intacto es el revestimiento o molde, que conserva en su interior la impresi\u00f3n de todos los adornos que se hab\u00edan aplicado al modelo.<\/p>\n<p>En el transcurso de las operaciones que acabamos de describir, se ha tomado la precauci\u00f3n de formar el molde de la culata, para poder empalmarlo y unirlo al molde del cuerpo del ca\u00f1\u00f3n despu\u00e9s de que \u00e9ste haya sido vaciado de su modelo.<\/p>\n<p>les con los orificios de los moldes o mazarotas que deben rematar las piezas.<\/p>\n<p>2. Molde del ca\u00f1\u00f3n completamente terminado y vaciado, dispuesto para recibir el molde de la culata que est\u00e1 debajo. Las junturas de estos mol-des, a g\u00e1rgol, deben ensamblar perfectamente; los ganchos de las fajas largas del molde del ca\u00f1\u00f3n se unen a los correspondientes del molde de la culata con alambre, tal como se ha descrito anteriormente.<\/p>\n<p>3. Secci\u00f3n del molde por su eje y perpendicularmente a la longitud de los mu\u00f1ones. 2 KK. KK 2, espesor de las tierras que componen el revestimiento o molde propiamente dicho. 1 L, L 1, molde de la culata ensamblado y sujeto al anterior. MMM, hucco que el metal debe llenar para formar la pieza del ca\u00f1\u00f3n macizo. OO, vaciado conectado con el anterior para formar la mazarota: al llenarse \u00e9sta de metal, lo va suministrando a la picza a medida que el metal que ocupa el interior de \u00e9sta se va enfriando y, por consiguiente, disminuye de volumen. A, orificio para formar uno de los mu\u00f1ones.<\/p>\n<p>4. Macho del \u00e1nima de los ca\u00f1ones, correspondientes al antiguo m\u00e9todo de fundir ca\u00f1ones huecos, m\u00e9todo que la nueva Ordenanza deroga. El macho se compone de una barra de hierro cil\u00edndrica, revestida de alambre y recubierta de tierra y arcilla. E parte de la barra de hierro al des-cubicrto. G, parte de la misma barra recubierta de tierra y arcilla.<\/p>\n<p>5. El bloque de cobre puro rojo en el que debe taladrarse el o\u00eddo, representado a escala cu\u00e1druple y dibujado en alzado y perspectiva. Este bloque debe colocarse en el molde a la altura adecuada antes de enterrarlo.<\/p>\n<p>6. Rosario que serv\u00eda para sostener el macho cuando se fund\u00edan los ca\u00f1ones huecos.<\/p>\n<p>Todas las operaciones de las que acabamos de ofrecer la representaci\u00f3n y explicaci\u00f3n se refieren a la fabricaci\u00f3n de un ca\u00f1\u00f3n de 24 libras de bala, como puede deducirse de las escalas que figuran debajo de cada l\u00e1mina.<\/p>","protected":false},"excerpt":{"rendered":"<p>FUNDICI\u00d3N DE CA\u00d1ONES (FONDERIE DES CANONS) L\u00c1MINA XV La ilustraci\u00f3n representa la operaci\u00f3n de secado de los moldes: operaci\u00f3n que se repite con cada una de las capas, tanto del modelo como del revestimiento. Cuando los moldes se hallan en este estado, despu\u00e9s de secos y retirados de las borriquetas o caballetes, se quitan los &hellip;<\/p>\n<p class=\"read-more\"> <a class=\"thunk-readmore button\" href=\"https:\/\/filatelia.cuentista.es\/en\/product\/lamina-facsimil-enciclopedia-diderot-espana-2003-39-x-26-cm-fontes-des-canons-lamina-xv\"> <span class=\"screen-reader-text\">L\u00e1mina Facs\u00edmil Enciclopedia Diderot &#8211; Espa\u00f1a 2003 &#8211; 39 x 26 cm &#8211; Fontes des Canons &#8211; L\u00e1mina XV<\/span>Read More<\/a><\/p>","protected":false},"featured_media":3793,"comment_status":"open","ping_status":"closed","template":"","meta":{"_acf_changed":false},"product_brand":[],"product_cat":[1383],"product_tag":[],"class_list":{"0":"post-3796","1":"product","2":"type-product","3":"status-publish","4":"has-post-thumbnail","6":"product_cat-laminas","7":"thunk-woo-product-list","8":"opn-qv-enable","9":"open-woo-hover-zoom","10":"open-single-product-tab-horizontal","11":"open-shadow-","12":"open-shadow-hover-","14":"first","15":"instock","16":"shipping-taxable","17":"purchasable","18":"product-type-simple"},"acf":[],"jetpack_sharing_enabled":true,"_links":{"self":[{"href":"https:\/\/filatelia.cuentista.es\/en\/wp-json\/wp\/v2\/product\/3796","targetHints":{"allow":["GET"]}}],"collection":[{"href":"https:\/\/filatelia.cuentista.es\/en\/wp-json\/wp\/v2\/product"}],"about":[{"href":"https:\/\/filatelia.cuentista.es\/en\/wp-json\/wp\/v2\/types\/product"}],"replies":[{"embeddable":true,"href":"https:\/\/filatelia.cuentista.es\/en\/wp-json\/wp\/v2\/comments?post=3796"}],"wp:featuredmedia":[{"embeddable":true,"href":"https:\/\/filatelia.cuentista.es\/en\/wp-json\/wp\/v2\/media\/3793"}],"wp:attachment":[{"href":"https:\/\/filatelia.cuentista.es\/en\/wp-json\/wp\/v2\/media?parent=3796"}],"wp:term":[{"taxonomy":"product_brand","embeddable":true,"href":"https:\/\/filatelia.cuentista.es\/en\/wp-json\/wp\/v2\/product_brand?post=3796"},{"taxonomy":"product_cat","embeddable":true,"href":"https:\/\/filatelia.cuentista.es\/en\/wp-json\/wp\/v2\/product_cat?post=3796"},{"taxonomy":"product_tag","embeddable":true,"href":"https:\/\/filatelia.cuentista.es\/en\/wp-json\/wp\/v2\/product_tag?post=3796"}],"curies":[{"name":"wp","href":"https:\/\/api.w.org\/{rel}","templated":true}]}}