{"id":3780,"date":"2024-10-06T15:49:59","date_gmt":"2024-10-06T15:49:59","guid":{"rendered":"https:\/\/filatelia.cuentista.es\/product\/lamina-facsimil-enciclopedia-diderot-espana-2003-39-x-26-cm-fontes-des-canons-lamina-xxi"},"modified":"2024-10-06T15:50:02","modified_gmt":"2024-10-06T15:50:02","slug":"lamina-facsimil-enciclopedia-diderot-espana-2003-39-x-26-cm-fontes-des-canons-lamina-xxi","status":"publish","type":"product","link":"https:\/\/filatelia.cuentista.es\/en\/product\/lamina-facsimil-enciclopedia-diderot-espana-2003-39-x-26-cm-fontes-des-canons-lamina-xxi","title":{"rendered":"L\u00e1mina Facs\u00edmil Enciclopedia Diderot &#8211; Espa\u00f1a 2003 &#8211; 39 x 26 cm &#8211; Fontes des Canons L\u00e1mina XXI"},"content":{"rendered":"<p>FUNDICI\u00d3N DE CA\u00d1ONES<\/p>\n<p>(FONDERIE DES CANONS)<\/p>\n<p>L\u00c1MINA XXI<\/p>\n<p>Nuevo m\u00e9todo de colar las bombas en arena<\/p>\n<p>El banco de trabajo es pr\u00e1cticamente el mismo que utilizan los alfareros para hacer ollas. S\u00f3lo es necesario rectificarlo para dotar al \u00e1rbol de un movimiento m\u00e1s regular, y sujetarlo de forma que la parte superior de la plancha o calibre que corta la tierra se halle exactamente en la misma l\u00ednea que el eje del \u00e1rbol, lo que no suced\u00eda en la antigua usanza, cuando un \u00e1rbol formado por un palo se apoyaba en dos hendiduras practicadas en las dos piczas de madera que constituyen el banco.<\/p>\n<p>La l\u00e1mina XXI, fig. 1, representa este nuevo banco de trabajo con todos sus aparejos; obs\u00e9rvese que en la hendidura de la derecha y sobre el larguero de tres pies de largo por cuatro de alto, se encaja a cola de milano el taco de madera. A, que podemos ver a tama\u00f1o mayor y con sus proporciones en la fig. 3: presenta un orificio donde se introduce el tornillo B. que acaba en punta para poder penetrar en el extremo del \u00e1rbol; el taco ha de encajarse en el larguero o travesa\u00f1o de tal forma que el centro del orificio o la punta del tornillo est\u00e9 en la l\u00ednca que forma el tope superior: dos clavos fijan el taco de madera justo en el lugar en el que debe estar. Obs\u00e9rvese igualmente que en la hendidura de la izquierda se ha colocado una especie de barbera de hierro, ligeramente m\u00e1s ancha por arriba, en cuyo fondo descansa el \u00e1rbol sobre el que gira el macho.<\/p>\n<p>En la fig. 2. pucde verse con todo detalle la barbera C. que en la ilustraci\u00f3n anterior aparec\u00eda en parte tapada por el patr\u00f3n. Ha de colocarse de tal forma que su centro coincida exactamente con la punta del tornillo opuesto y que el fondo de la muesca a est\u00e9 situado tres l\u00edneas por debajo del tope, de forma que el \u00e1rbol, que s\u00f3lo tiene seis l\u00edncas de di\u00e1metro en este lugar, entre hasta la mitad y ofrezca exactamente en esta posici\u00f3n su eje al filo de la plancha. Esta especie de barbera, que gracias a su ensanchamiento posterior se apoya sobre la superficie del larguero, debe encajar en el en toda su altura, de modo que su superficie quede nivelada con el larguero, al que se ajusta con cuatro o cinco clavos para mantenerla m\u00e1s firme.<\/p>\n<p>As\u00ed queda dicho todo lo que concierne al banco de trabajo. El \u00e1rbol de hierro Dg. fig. 4, se coloca de tal modo que el extremo de su cuello, 1. se apoye suavemente contra la barbera, como pucde verse en la fig. 1. Entonces se apricta o se afloja el tornillo colocado en el extremo g. de forma<\/p>\n<p>que el movimiento del \u00e1rbol no resulte ni forzado ni demasiado libre.<\/p>\n<p>El \u00e1rbol, de corte plano en su extremo h, suele ir provisto de una manivela K, y recibe dos o tres capas de soga y tierra, dej\u00e1ndolas secar bien:<\/p>\n<p>es conveniente que sean tres y que una plancha recortada expresamente para cada una de las aplicaciones las regule de tal modo que no haya m\u00e1s tic-rra en un sentido que en otro; cuando no sucede as\u00ed, las capas de tierra se distribuyen de forma irregular, de forma que, cuando una capa correcta se aplica sobre otra mal formada, al secarse, resulta m\u00e1s irregular de lo que ser\u00eda de descar, ya que presenta partes cargadas de nueva tierra y otras que, en esta \u00faltima aplicaci\u00f3n, han recibido menos.<\/p>\n<p>Se observa que tras la primera o segunda capa queda cubierto el orificio P del extremo del \u00e1rbol, de modo que cuando esta capa est\u00e9 seca, basta cortar un poco de tierra para descubrir el agujero, a trav\u00e9s del cual se hace pasar un clavo o un trozo de alambre de lat\u00f3n, impidiendo al macho desplazarse a lo largo del \u00e1rbol y evitando que, con su peso, cause da\u00f1os en el collarino m. del eje cuando el macho se coloque suspendido sobre cl<\/p>","protected":false},"excerpt":{"rendered":"<p>FUNDICI\u00d3N DE CA\u00d1ONES (FONDERIE DES CANONS) L\u00c1MINA XXI Nuevo m\u00e9todo de colar las bombas en arena El banco de trabajo es pr\u00e1cticamente el mismo que utilizan los alfareros para hacer ollas. S\u00f3lo es necesario rectificarlo para dotar al \u00e1rbol de un movimiento m\u00e1s regular, y sujetarlo de forma que la parte superior de la plancha &hellip;<\/p>\n<p class=\"read-more\"> <a class=\"thunk-readmore button\" href=\"https:\/\/filatelia.cuentista.es\/en\/product\/lamina-facsimil-enciclopedia-diderot-espana-2003-39-x-26-cm-fontes-des-canons-lamina-xxi\"> <span class=\"screen-reader-text\">L\u00e1mina Facs\u00edmil Enciclopedia Diderot &#8211; Espa\u00f1a 2003 &#8211; 39 x 26 cm &#8211; Fontes des Canons L\u00e1mina XXI<\/span>Read More<\/a><\/p>","protected":false},"featured_media":3778,"comment_status":"open","ping_status":"closed","template":"","meta":{"_acf_changed":false},"product_brand":[],"product_cat":[1383],"product_tag":[],"class_list":{"0":"post-3780","1":"product","2":"type-product","3":"status-publish","4":"has-post-thumbnail","6":"product_cat-laminas","7":"thunk-woo-product-list","8":"opn-qv-enable","9":"open-woo-hover-zoom","10":"open-single-product-tab-horizontal","11":"open-shadow-","12":"open-shadow-hover-","14":"first","15":"instock","16":"shipping-taxable","17":"purchasable","18":"product-type-simple"},"acf":[],"jetpack_sharing_enabled":true,"_links":{"self":[{"href":"https:\/\/filatelia.cuentista.es\/en\/wp-json\/wp\/v2\/product\/3780","targetHints":{"allow":["GET"]}}],"collection":[{"href":"https:\/\/filatelia.cuentista.es\/en\/wp-json\/wp\/v2\/product"}],"about":[{"href":"https:\/\/filatelia.cuentista.es\/en\/wp-json\/wp\/v2\/types\/product"}],"replies":[{"embeddable":true,"href":"https:\/\/filatelia.cuentista.es\/en\/wp-json\/wp\/v2\/comments?post=3780"}],"wp:featuredmedia":[{"embeddable":true,"href":"https:\/\/filatelia.cuentista.es\/en\/wp-json\/wp\/v2\/media\/3778"}],"wp:attachment":[{"href":"https:\/\/filatelia.cuentista.es\/en\/wp-json\/wp\/v2\/media?parent=3780"}],"wp:term":[{"taxonomy":"product_brand","embeddable":true,"href":"https:\/\/filatelia.cuentista.es\/en\/wp-json\/wp\/v2\/product_brand?post=3780"},{"taxonomy":"product_cat","embeddable":true,"href":"https:\/\/filatelia.cuentista.es\/en\/wp-json\/wp\/v2\/product_cat?post=3780"},{"taxonomy":"product_tag","embeddable":true,"href":"https:\/\/filatelia.cuentista.es\/en\/wp-json\/wp\/v2\/product_tag?post=3780"}],"curies":[{"name":"wp","href":"https:\/\/api.w.org\/{rel}","templated":true}]}}