{"id":3768,"date":"2024-10-06T15:37:24","date_gmt":"2024-10-06T15:37:24","guid":{"rendered":"https:\/\/filatelia.cuentista.es\/product\/lamina-facsimil-enciclopedia-diderot-espana-2003-39-x-26-cm-confiseur-lamina-i-2"},"modified":"2024-10-06T15:37:27","modified_gmt":"2024-10-06T15:37:27","slug":"lamina-facsimil-enciclopedia-diderot-espana-2003-39-x-26-cm-confiseur-lamina-i-2","status":"publish","type":"product","link":"https:\/\/filatelia.cuentista.es\/en\/product\/lamina-facsimil-enciclopedia-diderot-espana-2003-39-x-26-cm-confiseur-lamina-i-2","title":{"rendered":"L\u00e1mina Facs\u00edmil Enciclopedia Diderot &#8211; Espa\u00f1a 2003 &#8211; 39 x 26 cm &#8211; Confiseur L\u00e1mina I"},"content":{"rendered":"<p>CERVECER\u00cdA (BRASSERIE)<\/p>\n<p>L\u00c1MINA IV<\/p>\n<p>La nave de germinaci\u00f3n, con la trampilla y la polca mediante las que se sube el grano al secadero.<\/p>\n<p>En la parte inferior de la l\u00e1mina vemos la nave de geminaci\u00f3n.<\/p>\n<p>La parte superior es el grancro, a donde llega el grano, por la trampilla, desde la parte inferior o nave de germinaci\u00f3n. Al fondo est\u00e1 el scca-dero.<\/p>","protected":false},"excerpt":{"rendered":"<p>CERVECER\u00cdA (BRASSERIE) L\u00c1MINA IV La nave de germinaci\u00f3n, con la trampilla y la polca mediante las que se sube el grano al secadero. En la parte inferior de la l\u00e1mina vemos la nave de geminaci\u00f3n. La parte superior es el grancro, a donde llega el grano, por la trampilla, desde la parte inferior o nave &hellip;<\/p>\n<p class=\"read-more\"> <a class=\"thunk-readmore button\" href=\"https:\/\/filatelia.cuentista.es\/en\/product\/lamina-facsimil-enciclopedia-diderot-espana-2003-39-x-26-cm-confiseur-lamina-i-2\"> <span class=\"screen-reader-text\">L\u00e1mina Facs\u00edmil Enciclopedia Diderot &#8211; Espa\u00f1a 2003 &#8211; 39 x 26 cm &#8211; Confiseur L\u00e1mina I<\/span>Read More<\/a><\/p>","protected":false},"featured_media":3766,"comment_status":"open","ping_status":"closed","template":"","meta":{"_acf_changed":false},"product_brand":[],"product_cat":[1383],"product_tag":[],"class_list":{"0":"post-3768","1":"product","2":"type-product","3":"status-publish","4":"has-post-thumbnail","6":"product_cat-laminas","7":"thunk-woo-product-list","8":"opn-qv-enable","9":"open-woo-hover-zoom","10":"open-single-product-tab-horizontal","11":"open-shadow-","12":"open-shadow-hover-","14":"first","15":"instock","16":"shipping-taxable","17":"purchasable","18":"product-type-simple"},"acf":[],"jetpack_sharing_enabled":true,"_links":{"self":[{"href":"https:\/\/filatelia.cuentista.es\/en\/wp-json\/wp\/v2\/product\/3768","targetHints":{"allow":["GET"]}}],"collection":[{"href":"https:\/\/filatelia.cuentista.es\/en\/wp-json\/wp\/v2\/product"}],"about":[{"href":"https:\/\/filatelia.cuentista.es\/en\/wp-json\/wp\/v2\/types\/product"}],"replies":[{"embeddable":true,"href":"https:\/\/filatelia.cuentista.es\/en\/wp-json\/wp\/v2\/comments?post=3768"}],"wp:featuredmedia":[{"embeddable":true,"href":"https:\/\/filatelia.cuentista.es\/en\/wp-json\/wp\/v2\/media\/3766"}],"wp:attachment":[{"href":"https:\/\/filatelia.cuentista.es\/en\/wp-json\/wp\/v2\/media?parent=3768"}],"wp:term":[{"taxonomy":"product_brand","embeddable":true,"href":"https:\/\/filatelia.cuentista.es\/en\/wp-json\/wp\/v2\/product_brand?post=3768"},{"taxonomy":"product_cat","embeddable":true,"href":"https:\/\/filatelia.cuentista.es\/en\/wp-json\/wp\/v2\/product_cat?post=3768"},{"taxonomy":"product_tag","embeddable":true,"href":"https:\/\/filatelia.cuentista.es\/en\/wp-json\/wp\/v2\/product_tag?post=3768"}],"curies":[{"name":"wp","href":"https:\/\/api.w.org\/{rel}","templated":true}]}}