{"id":374,"date":"2024-07-20T06:38:27","date_gmt":"2024-07-20T06:38:27","guid":{"rendered":"https:\/\/filatelia.cuentista.es\/product\/viii-exposicion-filatelica-y-coleccionismo"},"modified":"2024-10-05T06:18:07","modified_gmt":"2024-10-05T06:18:07","slug":"viii-exposicion-filatelica-y-coleccionismo","status":"publish","type":"product","link":"https:\/\/filatelia.cuentista.es\/en\/product\/viii-exposicion-filatelica-y-coleccionismo","title":{"rendered":"Sobre Conmemorativo Espa\u00f1a 1973 &#8211; VIII Exposici\u00f3n filat\u00e9lica y coleccionismo Figueras &#8211; Marignane"},"content":{"rendered":"<p>Sobre Conmemorativo Espa\u00f1a &#8211; VIII Exposici\u00f3n filat\u00e9lica y coleccionismo Figueras &#8211; Marignane<\/p>\n<p>Fecha Emision 1 de Mayo de 1973<\/p>\n<p>Sello Europa 2 Ptas<\/p>\n<p>Matasellado especial conmemorativo<\/p>\n<p>Dorso con texto sobre el evento en catal\u00e1n<\/p>\n<p>&nbsp;<\/p>","protected":false},"excerpt":{"rendered":"<p>Sobre Conmemorativo Espa\u00f1a &#8211; VIII Exposici\u00f3n filat\u00e9lica y coleccionismo Figueras &#8211; Marignane<\/p>\n<p>Fecha Emision 1 de Mayo de 1973<\/p>\n<p>Sello Europa 2 Ptas<\/p>","protected":false},"featured_media":3604,"comment_status":"open","ping_status":"closed","template":"","meta":{"_acf_changed":false},"product_brand":[],"product_cat":[663,208],"product_tag":[76,1389,190,1387,68,1388,189],"class_list":{"0":"post-374","1":"product","2":"type-product","3":"status-publish","4":"has-post-thumbnail","6":"product_cat-espana","7":"product_cat-sobre-conmemorativo","8":"product_tag-76","9":"product_tag-coleccionismo","10":"product_tag-fdc","11":"product_tag-figueras","12":"product_tag-filatelia","13":"product_tag-marignane","14":"product_tag-spd","15":"thunk-woo-product-list","16":"opn-qv-enable","17":"open-woo-hover-zoom","18":"open-single-product-tab-horizontal","19":"open-shadow-","20":"open-shadow-hover-","22":"first","23":"instock","24":"shipping-taxable","25":"purchasable","26":"product-type-simple"},"acf":[],"jetpack_sharing_enabled":true,"_links":{"self":[{"href":"https:\/\/filatelia.cuentista.es\/en\/wp-json\/wp\/v2\/product\/374","targetHints":{"allow":["GET"]}}],"collection":[{"href":"https:\/\/filatelia.cuentista.es\/en\/wp-json\/wp\/v2\/product"}],"about":[{"href":"https:\/\/filatelia.cuentista.es\/en\/wp-json\/wp\/v2\/types\/product"}],"replies":[{"embeddable":true,"href":"https:\/\/filatelia.cuentista.es\/en\/wp-json\/wp\/v2\/comments?post=374"}],"wp:featuredmedia":[{"embeddable":true,"href":"https:\/\/filatelia.cuentista.es\/en\/wp-json\/wp\/v2\/media\/3604"}],"wp:attachment":[{"href":"https:\/\/filatelia.cuentista.es\/en\/wp-json\/wp\/v2\/media?parent=374"}],"wp:term":[{"taxonomy":"product_brand","embeddable":true,"href":"https:\/\/filatelia.cuentista.es\/en\/wp-json\/wp\/v2\/product_brand?post=374"},{"taxonomy":"product_cat","embeddable":true,"href":"https:\/\/filatelia.cuentista.es\/en\/wp-json\/wp\/v2\/product_cat?post=374"},{"taxonomy":"product_tag","embeddable":true,"href":"https:\/\/filatelia.cuentista.es\/en\/wp-json\/wp\/v2\/product_tag?post=374"}],"curies":[{"name":"wp","href":"https:\/\/api.w.org\/{rel}","templated":true}]}}