{"id":3709,"date":"2024-10-05T20:04:28","date_gmt":"2024-10-05T20:04:28","guid":{"rendered":"https:\/\/filatelia.cuentista.es\/product\/lamina-facsimil-enciclopedia-diderot-espana-2003-39-x-26-cm-fonderie-des-cannons-4"},"modified":"2024-10-05T20:04:31","modified_gmt":"2024-10-05T20:04:31","slug":"lamina-facsimil-enciclopedia-diderot-espana-2003-39-x-26-cm-fonderie-des-cannons-4","status":"publish","type":"product","link":"https:\/\/filatelia.cuentista.es\/en\/product\/lamina-facsimil-enciclopedia-diderot-espana-2003-39-x-26-cm-fonderie-des-cannons-4","title":{"rendered":"L\u00e1mina Facs\u00edmil Enciclopedia Diderot &#8211; Espa\u00f1a 2003 &#8211; 39 x 26 cm &#8211; Fonderie des Cannons"},"content":{"rendered":"<p>FUNDICI\u00d3N DE CA\u00d1ONES<\/p>\n<p>(FONDERIE DES CANONS)<\/p>\n<p>L\u00c1MINA XI<\/p>\n<p>La ilustraci\u00f3n representa el interior del taller de moldeado. Se trata de una larga galer\u00eda en la que se preparan los moldes.<\/p>\n<p>Fig. 1. Un obrero dispone la soga o cuerda alrededor del alma de madera sostenida por borriquetas o caballetes de tres patas, provisto:<\/p>\n<p>La ilustraci\u00f3n representa el interior del taller de moldeado. Se trata de una larga galer\u00eda en la que se preparan los moldes.<\/p>\n<p>Fig. 1. Un obrero dispone la soga o cuerda alrededor del alma de madera sostenida por borriquetas o caballetes de tres patas, provistos de El principio interiorgia los espiga indicas de cie lados dose de un dalo, no pretando las nuevas vueltas de soga contra las anter<\/p>\n<p>2. Un obrero o ayudante del anterior hace girar el alma de madera a medida que va siendo cubierta de cuerda; para ello se sirve de un to<\/p>\n<p>te que entra a escuadra en el extremo de la espiga de la parte m\u00e1s ancha de este eje o alma.<\/p>\n<p>Fig. 1. El eje fuera de los caballetes. AB. el cuerpo del eje. que es octogonal y piramidal. c, c, las espigas. d, el extremo cuadrado que encaja en el<\/p>\n<p>torniquete.<\/p>\n<p>2. El torniquete visto de lado: est\u00e1 provisto de cuatro agarradores o palancas que sirven para hacer girar el eje.<\/p>\n<p>3. Eje colocado sobre los caballetes. BB, BB, los caballetes. C. D: D, C, las dos patas visibles de los caballetes: la tercera, situada en el c<\/p>\n<p>extremo, queda oculta por el cuerpo del caballete. c, el torniquete.<\/p>\n<p>4. Eje colocado sobre los caballetes y medio cubierto de cuerda o soga, tras haber sido frotado con grasa rancia.<\/p>\n<p>5. Eje igualmente colocado sobre los caballetes y completamente recubierto de cuerda, que recibe un n\u00famero mayor o menor de vueltas<\/p>\n<p>encima de otras, hasta conseguir el grosor del ca\u00f1\u00f3n cuyo molde se pretende realizar.<\/p>","protected":false},"excerpt":{"rendered":"<p>FUNDICI\u00d3N DE CA\u00d1ONES (FONDERIE DES CANONS) L\u00c1MINA XI La ilustraci\u00f3n representa el interior del taller de moldeado. Se trata de una larga galer\u00eda en la que se preparan los moldes. Fig. 1. Un obrero dispone la soga o cuerda alrededor del alma de madera sostenida por borriquetas o caballetes de tres patas, provisto: La ilustraci\u00f3n &hellip;<\/p>\n<p class=\"read-more\"> <a class=\"thunk-readmore button\" href=\"https:\/\/filatelia.cuentista.es\/en\/product\/lamina-facsimil-enciclopedia-diderot-espana-2003-39-x-26-cm-fonderie-des-cannons-4\"> <span class=\"screen-reader-text\">L\u00e1mina Facs\u00edmil Enciclopedia Diderot &#8211; Espa\u00f1a 2003 &#8211; 39 x 26 cm &#8211; Fonderie des Cannons<\/span>Read More<\/a><\/p>","protected":false},"featured_media":3707,"comment_status":"open","ping_status":"closed","template":"","meta":{"_acf_changed":false},"product_brand":[],"product_cat":[1383],"product_tag":[],"class_list":{"0":"post-3709","1":"product","2":"type-product","3":"status-publish","4":"has-post-thumbnail","6":"product_cat-laminas","7":"thunk-woo-product-list","8":"opn-qv-enable","9":"open-woo-hover-zoom","10":"open-single-product-tab-horizontal","11":"open-shadow-","12":"open-shadow-hover-","14":"first","15":"instock","16":"shipping-taxable","17":"purchasable","18":"product-type-simple"},"acf":[],"jetpack_sharing_enabled":true,"_links":{"self":[{"href":"https:\/\/filatelia.cuentista.es\/en\/wp-json\/wp\/v2\/product\/3709","targetHints":{"allow":["GET"]}}],"collection":[{"href":"https:\/\/filatelia.cuentista.es\/en\/wp-json\/wp\/v2\/product"}],"about":[{"href":"https:\/\/filatelia.cuentista.es\/en\/wp-json\/wp\/v2\/types\/product"}],"replies":[{"embeddable":true,"href":"https:\/\/filatelia.cuentista.es\/en\/wp-json\/wp\/v2\/comments?post=3709"}],"wp:featuredmedia":[{"embeddable":true,"href":"https:\/\/filatelia.cuentista.es\/en\/wp-json\/wp\/v2\/media\/3707"}],"wp:attachment":[{"href":"https:\/\/filatelia.cuentista.es\/en\/wp-json\/wp\/v2\/media?parent=3709"}],"wp:term":[{"taxonomy":"product_brand","embeddable":true,"href":"https:\/\/filatelia.cuentista.es\/en\/wp-json\/wp\/v2\/product_brand?post=3709"},{"taxonomy":"product_cat","embeddable":true,"href":"https:\/\/filatelia.cuentista.es\/en\/wp-json\/wp\/v2\/product_cat?post=3709"},{"taxonomy":"product_tag","embeddable":true,"href":"https:\/\/filatelia.cuentista.es\/en\/wp-json\/wp\/v2\/product_tag?post=3709"}],"curies":[{"name":"wp","href":"https:\/\/api.w.org\/{rel}","templated":true}]}}