{"id":3696,"date":"2024-10-05T19:50:35","date_gmt":"2024-10-05T19:50:35","guid":{"rendered":"https:\/\/filatelia.cuentista.es\/product\/lamina-facsimil-enciclopedia-diderot-espana-2003-39-x-26-cm-fonderie-des-cannons"},"modified":"2024-10-05T19:51:31","modified_gmt":"2024-10-05T19:51:31","slug":"lamina-facsimil-enciclopedia-diderot-espana-2003-39-x-26-cm-fonderie-des-cannons","status":"publish","type":"product","link":"https:\/\/filatelia.cuentista.es\/en\/product\/lamina-facsimil-enciclopedia-diderot-espana-2003-39-x-26-cm-fonderie-des-cannons","title":{"rendered":"L\u00e1mina Facs\u00edmil Enciclopedia Diderot &#8211; Espa\u00f1a 2003 &#8211; 39 x 26 cm &#8211; Fonderie des Cannons"},"content":{"rendered":"<p>FUNDICI\u00d3N DE CA\u00d1ONES<\/p>\n<p>(FONDERIE DES CANONS)\ufffc<\/p>\n<p>L\u00c1MINA XIV<\/p>\n<p>excrementos de caballo, y pasado por el tamiz. Cuando estas primeras capas, a las que se da el nombre de camisa, se han secado, se recubren con tierra cada vez m\u00e1s compacta, hasta alcanzar el espesor adecuado. Posteriormente, y para reforzar el modelo, se colocan fajas, que son de hierro, tienen extremos terminados en ganchos, que se sujetan con alambres; \u00e9sta es la operaci\u00f3n que se ilustra en la l\u00e1mina. Se retiran los modelos de los mu\u00f1ones y, en los orificios que dejan, se aplica un disco de tierra seca que se impregna con la misma composici\u00f3n y que se sujeta con las fajas convenientemente curvadas, tal como se ve en la ilustraci\u00f3n.<\/p>\n<p>Fig. 1. Un obrero sujeta con alambre dos de los ganchos que rematan las fajas largas.<\/p>\n<p>2. Un obrero sujeta del mismo modo los ganchos de un aro o banda circular.<\/p>\n<p>Fig. 1. Revestimiento, o molde propiamente dicho, acabado.<\/p>\n<p>Parte inferior<\/p>\n<p>2. El mismo molde provisto de su primer blindaje circular. Se ve, en A, el orificio por el que ha sido retirado el modelo del mu\u00f1\u00f3n, orific que se recubrir\u00e1 inmediatamente con un disco de tierra, tal como acaba de explicarse.<\/p>\n<p>3. El mismo modelo, al que se le han aplicado las fajas longitudinales.<\/p>\n<p>4. El mismo modelo, al que se han aplicado los segundos aros o fajas circulares que sujetan las bandas longitudinales y subdividen los inte los de las fajas circulares de la fig. 2. Seguidamente se llenan o recubren con tierra compacta los espacios entre las fajas de hierro y entre \u00e9 y la cobertura.<\/p>","protected":false},"excerpt":{"rendered":"<p>FUNDICI\u00d3N DE CA\u00d1ONES (FONDERIE DES CANONS)\ufffc L\u00c1MINA XIV excrementos de caballo, y pasado por el tamiz. Cuando estas primeras capas, a las que se da el nombre de camisa, se han secado, se recubren con tierra cada vez m\u00e1s compacta, hasta alcanzar el espesor adecuado. Posteriormente, y para reforzar el modelo, se colocan fajas, que &hellip;<\/p>\n<p class=\"read-more\"> <a class=\"thunk-readmore button\" href=\"https:\/\/filatelia.cuentista.es\/en\/product\/lamina-facsimil-enciclopedia-diderot-espana-2003-39-x-26-cm-fonderie-des-cannons\"> <span class=\"screen-reader-text\">L\u00e1mina Facs\u00edmil Enciclopedia Diderot &#8211; Espa\u00f1a 2003 &#8211; 39 x 26 cm &#8211; Fonderie des Cannons<\/span>Read More<\/a><\/p>","protected":false},"featured_media":3697,"comment_status":"open","ping_status":"closed","template":"","meta":{"_acf_changed":false},"product_brand":[],"product_cat":[1383],"product_tag":[],"class_list":{"0":"post-3696","1":"product","2":"type-product","3":"status-publish","4":"has-post-thumbnail","6":"product_cat-laminas","7":"thunk-woo-product-list","8":"opn-qv-enable","9":"open-woo-hover-zoom","10":"open-single-product-tab-horizontal","11":"open-shadow-","12":"open-shadow-hover-","14":"first","15":"instock","16":"shipping-taxable","17":"purchasable","18":"product-type-simple"},"acf":[],"jetpack_sharing_enabled":true,"_links":{"self":[{"href":"https:\/\/filatelia.cuentista.es\/en\/wp-json\/wp\/v2\/product\/3696","targetHints":{"allow":["GET"]}}],"collection":[{"href":"https:\/\/filatelia.cuentista.es\/en\/wp-json\/wp\/v2\/product"}],"about":[{"href":"https:\/\/filatelia.cuentista.es\/en\/wp-json\/wp\/v2\/types\/product"}],"replies":[{"embeddable":true,"href":"https:\/\/filatelia.cuentista.es\/en\/wp-json\/wp\/v2\/comments?post=3696"}],"wp:featuredmedia":[{"embeddable":true,"href":"https:\/\/filatelia.cuentista.es\/en\/wp-json\/wp\/v2\/media\/3697"}],"wp:attachment":[{"href":"https:\/\/filatelia.cuentista.es\/en\/wp-json\/wp\/v2\/media?parent=3696"}],"wp:term":[{"taxonomy":"product_brand","embeddable":true,"href":"https:\/\/filatelia.cuentista.es\/en\/wp-json\/wp\/v2\/product_brand?post=3696"},{"taxonomy":"product_cat","embeddable":true,"href":"https:\/\/filatelia.cuentista.es\/en\/wp-json\/wp\/v2\/product_cat?post=3696"},{"taxonomy":"product_tag","embeddable":true,"href":"https:\/\/filatelia.cuentista.es\/en\/wp-json\/wp\/v2\/product_tag?post=3696"}],"curies":[{"name":"wp","href":"https:\/\/api.w.org\/{rel}","templated":true}]}}