{"id":368,"date":"2024-07-20T06:38:24","date_gmt":"2024-07-20T06:38:24","guid":{"rendered":"https:\/\/filatelia.cuentista.es\/product\/generalisimo-franco"},"modified":"2024-09-29T06:13:19","modified_gmt":"2024-09-29T06:13:19","slug":"generalisimo-franco","status":"publish","type":"product","link":"https:\/\/filatelia.cuentista.es\/en\/product\/generalisimo-franco","title":{"rendered":"Sobre Primer D\u00eda 1974 &#8211; Espa\u00f1a &#8211; Generalisimo Franco &#8211; 3 Valores"},"content":{"rendered":"<p>Sobre Primer D\u00eda 1974 &#8211; Espa\u00f1a &#8211; Generalisimo Franco &#8211; 3 Valores<\/p>\n<p>Fecha de Emision 4 de Diciembre de 1974<\/p>\n<p>valores de 20 Ptas Rosa, 12 Ptas Verde Claro y 7 Ptas Azul Claro.\u00a0 (EDIFIL 2226 a 2228)<\/p>\n<p>NUEVOS VALORES<\/p>\n<p>Sobre alfil matasellado en Madrid.<\/p>\n<p>&nbsp;<\/p>","protected":false},"excerpt":{"rendered":"<p>Sobre Primer D\u00eda 1974 &#8211; Espa\u00f1a &#8211; Generalisimo Franco &#8211; 3 Valores<\/p>\n<p>Fecha de Emision 4 de Diciembre de 1974<\/p>","protected":false},"featured_media":3479,"comment_status":"open","ping_status":"closed","template":"","meta":{"_acf_changed":false},"product_brand":[],"product_cat":[663,19],"product_tag":[75,679,190,825,189],"class_list":{"0":"post-368","1":"product","2":"type-product","3":"status-publish","4":"has-post-thumbnail","6":"product_cat-espana","7":"product_cat-spd-sobres-primer-dia","8":"product_tag-75","9":"product_tag-definitivos","10":"product_tag-fdc","11":"product_tag-general","12":"product_tag-spd","13":"thunk-woo-product-list","14":"opn-qv-enable","15":"open-woo-hover-zoom","16":"open-single-product-tab-horizontal","17":"open-shadow-","18":"open-shadow-hover-","20":"first","21":"instock","22":"sale","23":"shipping-taxable","24":"purchasable","25":"product-type-simple"},"acf":[],"jetpack_sharing_enabled":true,"_links":{"self":[{"href":"https:\/\/filatelia.cuentista.es\/en\/wp-json\/wp\/v2\/product\/368","targetHints":{"allow":["GET"]}}],"collection":[{"href":"https:\/\/filatelia.cuentista.es\/en\/wp-json\/wp\/v2\/product"}],"about":[{"href":"https:\/\/filatelia.cuentista.es\/en\/wp-json\/wp\/v2\/types\/product"}],"replies":[{"embeddable":true,"href":"https:\/\/filatelia.cuentista.es\/en\/wp-json\/wp\/v2\/comments?post=368"}],"wp:featuredmedia":[{"embeddable":true,"href":"https:\/\/filatelia.cuentista.es\/en\/wp-json\/wp\/v2\/media\/3479"}],"wp:attachment":[{"href":"https:\/\/filatelia.cuentista.es\/en\/wp-json\/wp\/v2\/media?parent=368"}],"wp:term":[{"taxonomy":"product_brand","embeddable":true,"href":"https:\/\/filatelia.cuentista.es\/en\/wp-json\/wp\/v2\/product_brand?post=368"},{"taxonomy":"product_cat","embeddable":true,"href":"https:\/\/filatelia.cuentista.es\/en\/wp-json\/wp\/v2\/product_cat?post=368"},{"taxonomy":"product_tag","embeddable":true,"href":"https:\/\/filatelia.cuentista.es\/en\/wp-json\/wp\/v2\/product_tag?post=368"}],"curies":[{"name":"wp","href":"https:\/\/api.w.org\/{rel}","templated":true}]}}