{"id":3641,"date":"2024-10-05T12:39:47","date_gmt":"2024-10-05T12:39:47","guid":{"rendered":"https:\/\/filatelia.cuentista.es\/product\/sello-colombia-1975-ano-internacional-de-la-mujer-400-aereo-usado"},"modified":"2024-10-05T12:39:50","modified_gmt":"2024-10-05T12:39:50","slug":"sello-colombia-1975-ano-internacional-de-la-mujer-400-aereo-usado","status":"publish","type":"product","link":"https:\/\/filatelia.cuentista.es\/en\/product\/sello-colombia-1975-ano-internacional-de-la-mujer-400-aereo-usado","title":{"rendered":"Sello Colombia 1975  &#8211; A\u00f1o internacional de la Mujer- $4,00 A\u00e9reo Usado"},"content":{"rendered":"<p>Maria de Jesus Paramo de Collazos, pedagogue<\/p>\n<p><img class=\"size-full\"><\/p>\n<p>Pa\u00eds:<\/p>\n<p>Colombia<\/p>\n<p>Serie:<\/p>\n<p>Intl. Year of Women<\/p>\n<p>C\u00f3digo de cat\u00e1logo:<\/p>\n<p>Michel CO 1295<\/p>\n<p>Stamp Number CO C624<\/p>\n<p>Yvert et Tellier CO PA592<\/p>\n<p>Stanley Gibbons CO 1383<\/p>\n<p>Leo Temprano CO 1319<\/p>\n<p>Temas:<\/p>\n<p>A\u00f1os Internacionales | Mujeres | Profesores<\/p>\n<p>Fecha emisi\u00f3n:<\/p>\n<p>1975-08-31<\/p>\n<p>Tama\u00f1o:<\/p>\n<p>30 x 40 mm<\/p>\n<p>Colores:<\/p>\n<p>Multicolor<\/p>\n<p>Marca de agua:<\/p>\n<p>Sin Marca de agua<\/p>\n<p>Dise\u00f1adores:<\/p>\n<p>Imre von Mosd\u00f3ssy<\/p>\n<p>Impresores\/Imprentas:<\/p>\n<p>De La Rue de Colombia<\/p>\n<p>Formato:<\/p>\n<p>Sello<\/p>\n<p>Emisi\u00f3n:<\/p>\n<p>Correo A\u00e9reo<\/p>\n<p>Perforaci\u00f3n:<\/p>\n<p>13\u00bd x 14<\/p>\n<p>Impresi\u00f3n:<\/p>\n<p>Litograf\u00eda offset<\/p>\n<p>Valor facial:<\/p>\n<p>4 $ &#8211; Peso Colombiano<\/p>\n<p>Tiraje:<\/p>\n<p>5.000.000<\/p>\n<p>Puntuaci\u00f3n:<\/p>\n<p>12% Precisi\u00f3n: Muy alto<\/p>\n<p>Descripci\u00f3n:<\/p>\n<p>A\u00f1o Internacional de la mujer (IWY) was the name given to 1975 by the United Nations. Since that year March 8 has been celebrated as International Women&#8217;s Day, and the United Nations Decade for Women, from 1976 to 1985, was also established.<\/p>\n<p><a href=\"https:\/\/colnect.com\/stamps\/stamp\/444626\">https:\/\/colnect.com\/stamps\/stamp\/444626<\/a><\/p>","protected":false},"excerpt":{"rendered":"<p>Maria de Jesus Paramo de Collazos, pedagogue Pa\u00eds: Colombia Serie: Intl. Year of Women C\u00f3digo de cat\u00e1logo: Michel CO 1295 Stamp Number CO C624 Yvert et Tellier CO PA592 Stanley Gibbons CO 1383 Leo Temprano CO 1319 Temas: A\u00f1os Internacionales | Mujeres | Profesores Fecha emisi\u00f3n: 1975-08-31 Tama\u00f1o: 30 x 40 mm Colores: Multicolor Marca &hellip;<\/p>\n<p class=\"read-more\"> <a class=\"thunk-readmore button\" href=\"https:\/\/filatelia.cuentista.es\/en\/product\/sello-colombia-1975-ano-internacional-de-la-mujer-400-aereo-usado\"> <span class=\"screen-reader-text\">Sello Colombia 1975  &#8211; A\u00f1o internacional de la Mujer- $4,00 A\u00e9reo Usado<\/span>Read More<\/a><\/p>","protected":false},"featured_media":3640,"comment_status":"open","ping_status":"closed","template":"","meta":{"_acf_changed":false},"product_brand":[],"product_cat":[1374,505,20],"product_tag":[],"class_list":{"0":"post-3641","1":"product","2":"type-product","3":"status-publish","4":"has-post-thumbnail","6":"product_cat-colombia","7":"product_cat-aerograma","8":"product_cat-sellos-usados","9":"thunk-woo-product-list","10":"opn-qv-enable","11":"open-woo-hover-zoom","12":"open-single-product-tab-horizontal","13":"open-shadow-","14":"open-shadow-hover-","16":"first","17":"instock","18":"shipping-taxable","19":"purchasable","20":"product-type-simple"},"acf":[],"jetpack_sharing_enabled":true,"_links":{"self":[{"href":"https:\/\/filatelia.cuentista.es\/en\/wp-json\/wp\/v2\/product\/3641","targetHints":{"allow":["GET"]}}],"collection":[{"href":"https:\/\/filatelia.cuentista.es\/en\/wp-json\/wp\/v2\/product"}],"about":[{"href":"https:\/\/filatelia.cuentista.es\/en\/wp-json\/wp\/v2\/types\/product"}],"replies":[{"embeddable":true,"href":"https:\/\/filatelia.cuentista.es\/en\/wp-json\/wp\/v2\/comments?post=3641"}],"wp:featuredmedia":[{"embeddable":true,"href":"https:\/\/filatelia.cuentista.es\/en\/wp-json\/wp\/v2\/media\/3640"}],"wp:attachment":[{"href":"https:\/\/filatelia.cuentista.es\/en\/wp-json\/wp\/v2\/media?parent=3641"}],"wp:term":[{"taxonomy":"product_brand","embeddable":true,"href":"https:\/\/filatelia.cuentista.es\/en\/wp-json\/wp\/v2\/product_brand?post=3641"},{"taxonomy":"product_cat","embeddable":true,"href":"https:\/\/filatelia.cuentista.es\/en\/wp-json\/wp\/v2\/product_cat?post=3641"},{"taxonomy":"product_tag","embeddable":true,"href":"https:\/\/filatelia.cuentista.es\/en\/wp-json\/wp\/v2\/product_tag?post=3641"}],"curies":[{"name":"wp","href":"https:\/\/api.w.org\/{rel}","templated":true}]}}