{"id":364,"date":"2024-07-20T06:38:23","date_gmt":"2024-07-20T06:38:23","guid":{"rendered":"https:\/\/filatelia.cuentista.es\/product\/125-aniversario-del-sello-espanol-4"},"modified":"2024-09-29T05:32:52","modified_gmt":"2024-09-29T05:32:52","slug":"125-aniversario-del-sello-espanol-4","status":"publish","type":"product","link":"https:\/\/filatelia.cuentista.es\/en\/product\/125-aniversario-del-sello-espanol-4","title":{"rendered":"Sobre Primer D\u00eda 1975 &#8211; Espa\u00f1a &#8211; 125 Aniversario del sello espa\u00f1ol &#8211; 2 Valores"},"content":{"rendered":"<p>Sobre Primer D\u00eda 1975 &#8211; Espa\u00f1a &#8211; 125 Aniversario del sello espa\u00f1ol &#8211; 2 Valores<\/p>\n<p>Dia de Emision : 2 Enero de 1975<\/p>\n<p>Dos sellos con valores de 2 y 8 Ptas<\/p>\n<p>Matasellado de Madrid<\/p>\n<p>&nbsp;<\/p>\n<p>Sobre la Serie (No incluida en este producto)<\/p>\n<p>Sellos EDIFIL 2232\/2236<\/p>\n<p><img loading=\"lazy\" decoding=\"async\" class=\"\" src=\"https:\/\/www.estudifilatelic.com\/image\/cache\/i1mages_est0udi_fila65telic\/estudif2564-1280x1280_0.jpg\" alt=\"Espa\u00f1a Spain 2232\/35 125 Aniv del Sello Espa\u00f1ol A\u00f1o 1975, lujo MNH\" width=\"310\" height=\"310\" \/><\/p>","protected":false},"excerpt":{"rendered":"<p>Sobre Primer D\u00eda 1975 &#8211; Espa\u00f1a &#8211; 125 Aniversario del sello espa\u00f1ol &#8211; 2 Valores<\/p>\n<p>Dia de Emision : 2 Enero de 1975<\/p>\n<p>Dos sellos con valores de 2 y 8 Ptas<\/p>\n<p>Matasellado de Madrid<\/p>\n<p>&nbsp;<\/p>","protected":false},"featured_media":3467,"comment_status":"open","ping_status":"closed","template":"","meta":{"_acf_changed":false},"product_brand":[],"product_cat":[663,19],"product_tag":[75,190,68,618,189],"class_list":{"0":"post-364","1":"product","2":"type-product","3":"status-publish","4":"has-post-thumbnail","6":"product_cat-espana","7":"product_cat-spd-sobres-primer-dia","8":"product_tag-75","9":"product_tag-fdc","10":"product_tag-filatelia","11":"product_tag-sello","12":"product_tag-spd","13":"thunk-woo-product-list","14":"opn-qv-enable","15":"open-woo-hover-zoom","16":"open-single-product-tab-horizontal","17":"open-shadow-","18":"open-shadow-hover-","20":"first","21":"instock","22":"shipping-taxable","23":"purchasable","24":"product-type-simple"},"acf":[],"jetpack_sharing_enabled":true,"_links":{"self":[{"href":"https:\/\/filatelia.cuentista.es\/en\/wp-json\/wp\/v2\/product\/364","targetHints":{"allow":["GET"]}}],"collection":[{"href":"https:\/\/filatelia.cuentista.es\/en\/wp-json\/wp\/v2\/product"}],"about":[{"href":"https:\/\/filatelia.cuentista.es\/en\/wp-json\/wp\/v2\/types\/product"}],"replies":[{"embeddable":true,"href":"https:\/\/filatelia.cuentista.es\/en\/wp-json\/wp\/v2\/comments?post=364"}],"wp:featuredmedia":[{"embeddable":true,"href":"https:\/\/filatelia.cuentista.es\/en\/wp-json\/wp\/v2\/media\/3467"}],"wp:attachment":[{"href":"https:\/\/filatelia.cuentista.es\/en\/wp-json\/wp\/v2\/media?parent=364"}],"wp:term":[{"taxonomy":"product_brand","embeddable":true,"href":"https:\/\/filatelia.cuentista.es\/en\/wp-json\/wp\/v2\/product_brand?post=364"},{"taxonomy":"product_cat","embeddable":true,"href":"https:\/\/filatelia.cuentista.es\/en\/wp-json\/wp\/v2\/product_cat?post=364"},{"taxonomy":"product_tag","embeddable":true,"href":"https:\/\/filatelia.cuentista.es\/en\/wp-json\/wp\/v2\/product_tag?post=364"}],"curies":[{"name":"wp","href":"https:\/\/api.w.org\/{rel}","templated":true}]}}