{"id":3639,"date":"2024-10-05T12:36:31","date_gmt":"2024-10-05T12:36:31","guid":{"rendered":"https:\/\/filatelia.cuentista.es\/product\/sello-colombia-1977-ninfas-del-agua-voto-femenino-8-aereo-usado"},"modified":"2024-10-05T12:36:34","modified_gmt":"2024-10-05T12:36:34","slug":"sello-colombia-1977-ninfas-del-agua-voto-femenino-8-aereo-usado","status":"publish","type":"product","link":"https:\/\/filatelia.cuentista.es\/en\/product\/sello-colombia-1977-ninfas-del-agua-voto-femenino-8-aereo-usado","title":{"rendered":"Sello Colombia 1977 &#8211; Ninfas del Agua &#8211; Voto femenino- 8 $ Aereo Usado"},"content":{"rendered":"<p>Water Nymphs, by Beatriz Gonzalez<\/p>\n<p><img class=\"size-full\"><\/p>\n<p>Pa\u00eds:<\/p>\n<p>Colombia<\/p>\n<p>Serie:<\/p>\n<p>Women\u2019s suffrage, 20th anniversary<\/p>\n<p>C\u00f3digo de cat\u00e1logo:<\/p>\n<p>Michel CO 1341<\/p>\n<p>Stamp Number CO C650<\/p>\n<p>Yvert et Tellier CO PA615<\/p>\n<p>Stanley Gibbons CO 1429<\/p>\n<p>Leo Temprano CO 1363<\/p>\n<p>Temas:<\/p>\n<p>Aniversarios y Jubileos | Emancipaci\u00f3n | Mujeres | Pinturas | Pol\u00edtica<\/p>\n<p>Fecha emisi\u00f3n:<\/p>\n<p>1977-09-13<\/p>\n<p>Tama\u00f1o:<\/p>\n<p>40 x 50 mm<\/p>\n<p>Colores:<\/p>\n<p>Multicolor<\/p>\n<p>Marca de agua:<\/p>\n<p>Sin Marca de agua<\/p>\n<p>Impresores\/Imprentas:<\/p>\n<p>De La Rue de Colombia<\/p>\n<p>Formato:<\/p>\n<p>Sello<\/p>\n<p>Emisi\u00f3n:<\/p>\n<p>Correo A\u00e9reo<\/p>\n<p>Perforaci\u00f3n:<\/p>\n<p>peine14 x 13<\/p>\n<p>Impresi\u00f3n:<\/p>\n<p>Litograf\u00eda offset<\/p>\n<p>Valor facial:<\/p>\n<p>8 $ &#8211; Peso Colombiano<\/p>\n<p>Tiraje:<\/p>\n<p>4.000.000<\/p>\n<p>Puntuaci\u00f3n:<\/p>\n<p>23% Precisi\u00f3n: Alta<\/p>\n<p>Descripci\u00f3n:<\/p>\n<p>Painting by Beatriz Gonz\u00e1lez.<\/p>\n<p>On 25 August 1954 the Constituent Assembly of Colombia unanimously recognizes the political rights of women, making it possible for women to vote since 1 December 1957.<\/p>\n<p><a href=\"https:\/\/colnect.com\/stamps\/stamp\/166079\">https:\/\/colnect.com\/stamps\/stamp\/166079<\/a><\/p>","protected":false},"excerpt":{"rendered":"<p>Water Nymphs, by Beatriz Gonzalez Pa\u00eds: Colombia Serie: Women\u2019s suffrage, 20th anniversary C\u00f3digo de cat\u00e1logo: Michel CO 1341 Stamp Number CO C650 Yvert et Tellier CO PA615 Stanley Gibbons CO 1429 Leo Temprano CO 1363 Temas: Aniversarios y Jubileos | Emancipaci\u00f3n | Mujeres | Pinturas | Pol\u00edtica Fecha emisi\u00f3n: 1977-09-13 Tama\u00f1o: 40 x 50 mm &hellip;<\/p>\n<p class=\"read-more\"> <a class=\"thunk-readmore button\" href=\"https:\/\/filatelia.cuentista.es\/en\/product\/sello-colombia-1977-ninfas-del-agua-voto-femenino-8-aereo-usado\"> <span class=\"screen-reader-text\">Sello Colombia 1977 &#8211; Ninfas del Agua &#8211; Voto femenino- 8 $ Aereo Usado<\/span>Read More<\/a><\/p>","protected":false},"featured_media":3638,"comment_status":"open","ping_status":"closed","template":"","meta":{"_acf_changed":false},"product_brand":[],"product_cat":[1374,815,20],"product_tag":[],"class_list":{"0":"post-3639","1":"product","2":"type-product","3":"status-publish","4":"has-post-thumbnail","6":"product_cat-colombia","7":"product_cat-correo-aereo","8":"product_cat-sellos-usados","9":"thunk-woo-product-list","10":"opn-qv-enable","11":"open-woo-hover-zoom","12":"open-single-product-tab-horizontal","13":"open-shadow-","14":"open-shadow-hover-","16":"first","17":"instock","18":"sale","19":"shipping-taxable","20":"purchasable","21":"product-type-simple"},"acf":[],"jetpack_sharing_enabled":true,"_links":{"self":[{"href":"https:\/\/filatelia.cuentista.es\/en\/wp-json\/wp\/v2\/product\/3639","targetHints":{"allow":["GET"]}}],"collection":[{"href":"https:\/\/filatelia.cuentista.es\/en\/wp-json\/wp\/v2\/product"}],"about":[{"href":"https:\/\/filatelia.cuentista.es\/en\/wp-json\/wp\/v2\/types\/product"}],"replies":[{"embeddable":true,"href":"https:\/\/filatelia.cuentista.es\/en\/wp-json\/wp\/v2\/comments?post=3639"}],"wp:featuredmedia":[{"embeddable":true,"href":"https:\/\/filatelia.cuentista.es\/en\/wp-json\/wp\/v2\/media\/3638"}],"wp:attachment":[{"href":"https:\/\/filatelia.cuentista.es\/en\/wp-json\/wp\/v2\/media?parent=3639"}],"wp:term":[{"taxonomy":"product_brand","embeddable":true,"href":"https:\/\/filatelia.cuentista.es\/en\/wp-json\/wp\/v2\/product_brand?post=3639"},{"taxonomy":"product_cat","embeddable":true,"href":"https:\/\/filatelia.cuentista.es\/en\/wp-json\/wp\/v2\/product_cat?post=3639"},{"taxonomy":"product_tag","embeddable":true,"href":"https:\/\/filatelia.cuentista.es\/en\/wp-json\/wp\/v2\/product_tag?post=3639"}],"curies":[{"name":"wp","href":"https:\/\/api.w.org\/{rel}","templated":true}]}}