{"id":3637,"date":"2024-10-05T12:21:37","date_gmt":"2024-10-05T12:21:37","guid":{"rendered":"https:\/\/filatelia.cuentista.es\/product\/sello-colombia-1972-bucamaranga-5-pesos-usado-aereo"},"modified":"2024-10-05T13:23:25","modified_gmt":"2024-10-05T13:23:25","slug":"sello-colombia-1972-bucamaranga-5-pesos-usado-aereo","status":"publish","type":"product","link":"https:\/\/filatelia.cuentista.es\/en\/product\/sello-colombia-1972-bucamaranga-5-pesos-usado-aereo","title":{"rendered":"Sello Colombia 1972 &#8211; Bucamaranga &#8211; 5 Pesos Usado A\u00e9reo"},"content":{"rendered":"<p>Number 350, Coat of Arms<\/p>\n<p>Pa\u00eds:<\/p>\n<p>Colombia<\/p>\n<p>Serie:<\/p>\n<p>Founding of Bucaramanga, 350th Anniv.<\/p>\n<p>C\u00f3digo de cat\u00e1logo:<\/p>\n<p>Michel CO 1242<\/p>\n<p>Stamp Number CO C580<\/p>\n<p>Yvert et Tellier CO PA558<\/p>\n<p>Stanley Gibbons CO 1330<\/p>\n<p>Leo Temprano CO 1264<\/p>\n<p>Temas:<\/p>\n<p>Aniversarios y Jubileos | Escudo de Armas | N\u00fameros<\/p>\n<p>Fecha emisi\u00f3n:<\/p>\n<p>1972-12-22<\/p>\n<p>Tama\u00f1o:<\/p>\n<p>41 x 30 mm<\/p>\n<p>Colores:<\/p>\n<p>Multicolor<\/p>\n<p>Marca de agua:<\/p>\n<p>Sin Marca de agua<\/p>\n<p>Dise\u00f1adores:<\/p>\n<p>Consuegra<\/p>\n<p>Impresores\/Imprentas:<\/p>\n<p>De La Rue de Colombia<\/p>\n<p>Formato:<\/p>\n<p>Sello<\/p>\n<p>Emisi\u00f3n:<\/p>\n<p>Correo A\u00e9reo<\/p>\n<p>Perforaci\u00f3n:<\/p>\n<p>peine14 x 13\u00be<\/p>\n<p>Impresi\u00f3n:<\/p>\n<p>Litograf\u00eda offset<\/p>\n<p>Valor facial:<\/p>\n<p>5 $ &#8211; Peso Colombiano<\/p>\n<p>Tiraje:<\/p>\n<p>500.000<\/p>\n<p>Puntuaci\u00f3n:<\/p>\n<p>16% Precisi\u00f3n: Alta<\/p>\n<p>Descripci\u00f3n:<\/p>\n<p>Bucaramanga is the capital and largest city of the department of Santander.<\/p>\n<p>Founded on December 22, 1622, Bucaramanga has over 160 parks scattered throughout the city and has been given the nickname \u00abLa Ciudad de Los Parques\u00bb (\u00abThe City of Parks\u00bb) y \u00abLa Ciudad Bonita de Colombia\u00bb (\u00abColombia&#8217;s Beautiful City\u00bb).<\/p>\n<p><a href=\"https:\/\/colnect.com\/stamps\/stamp\/459540\">https:\/\/colnect.com\/stamps\/stamp\/459540<\/a><\/p>","protected":false},"excerpt":{"rendered":"<p>Number 350, Coat of Arms Pa\u00eds: Colombia Serie: Founding of Bucaramanga, 350th Anniv. C\u00f3digo de cat\u00e1logo: Michel CO 1242 Stamp Number CO C580 Yvert et Tellier CO PA558 Stanley Gibbons CO 1330 Leo Temprano CO 1264 Temas: Aniversarios y Jubileos | Escudo de Armas | N\u00fameros Fecha emisi\u00f3n: 1972-12-22 Tama\u00f1o: 41 x 30 mm Colores: &hellip;<\/p>\n<p class=\"read-more\"> <a class=\"thunk-readmore button\" href=\"https:\/\/filatelia.cuentista.es\/en\/product\/sello-colombia-1972-bucamaranga-5-pesos-usado-aereo\"> <span class=\"screen-reader-text\">Sello Colombia 1972 &#8211; Bucamaranga &#8211; 5 Pesos Usado A\u00e9reo<\/span>Read More<\/a><\/p>","protected":false},"featured_media":3636,"comment_status":"open","ping_status":"closed","template":"","meta":{"_acf_changed":false},"product_brand":[],"product_cat":[1374,815,20],"product_tag":[],"class_list":{"0":"post-3637","1":"product","2":"type-product","3":"status-publish","4":"has-post-thumbnail","6":"product_cat-colombia","7":"product_cat-correo-aereo","8":"product_cat-sellos-usados","9":"thunk-woo-product-list","10":"opn-qv-enable","11":"open-woo-hover-zoom","12":"open-single-product-tab-horizontal","13":"open-shadow-","14":"open-shadow-hover-","16":"first","17":"instock","18":"sale","19":"shipping-taxable","20":"purchasable","21":"product-type-simple"},"acf":[],"jetpack_sharing_enabled":true,"_links":{"self":[{"href":"https:\/\/filatelia.cuentista.es\/en\/wp-json\/wp\/v2\/product\/3637","targetHints":{"allow":["GET"]}}],"collection":[{"href":"https:\/\/filatelia.cuentista.es\/en\/wp-json\/wp\/v2\/product"}],"about":[{"href":"https:\/\/filatelia.cuentista.es\/en\/wp-json\/wp\/v2\/types\/product"}],"replies":[{"embeddable":true,"href":"https:\/\/filatelia.cuentista.es\/en\/wp-json\/wp\/v2\/comments?post=3637"}],"wp:featuredmedia":[{"embeddable":true,"href":"https:\/\/filatelia.cuentista.es\/en\/wp-json\/wp\/v2\/media\/3636"}],"wp:attachment":[{"href":"https:\/\/filatelia.cuentista.es\/en\/wp-json\/wp\/v2\/media?parent=3637"}],"wp:term":[{"taxonomy":"product_brand","embeddable":true,"href":"https:\/\/filatelia.cuentista.es\/en\/wp-json\/wp\/v2\/product_brand?post=3637"},{"taxonomy":"product_cat","embeddable":true,"href":"https:\/\/filatelia.cuentista.es\/en\/wp-json\/wp\/v2\/product_cat?post=3637"},{"taxonomy":"product_tag","embeddable":true,"href":"https:\/\/filatelia.cuentista.es\/en\/wp-json\/wp\/v2\/product_tag?post=3637"}],"curies":[{"name":"wp","href":"https:\/\/api.w.org\/{rel}","templated":true}]}}