{"id":3635,"date":"2024-10-05T12:18:11","date_gmt":"2024-10-05T12:18:11","guid":{"rendered":"https:\/\/filatelia.cuentista.es\/product\/sello-colombia-1977-federico-lleras-acosta-5-usado"},"modified":"2024-10-05T12:18:14","modified_gmt":"2024-10-05T12:18:14","slug":"sello-colombia-1977-federico-lleras-acosta-5-usado","status":"publish","type":"product","link":"https:\/\/filatelia.cuentista.es\/en\/product\/sello-colombia-1977-federico-lleras-acosta-5-usado","title":{"rendered":"Sello Colombia 1977 &#8211; Federico Lleras Acosta &#8211; 5$ Usado"},"content":{"rendered":"<p>Federico Lleras Acosta (1877-1938), bacteriologist<\/p>\n<p><img class=\"size-full\"><\/p>\n<p>Pa\u00eds:<\/p>\n<p>Colombia<\/p>\n<p>Serie:<\/p>\n<p>Federico Lleras Acosta, birth Cent.<\/p>\n<p>C\u00f3digo de cat\u00e1logo:<\/p>\n<p>Michel CO 1347<\/p>\n<p>Stamp Number CO C653<\/p>\n<p>Yvert et Tellier CO PA608<\/p>\n<p>Stanley Gibbons CO 1435<\/p>\n<p>Leo Temprano CO 1371<\/p>\n<p>Temas:<\/p>\n<p>Hombres | Medicina | Personajes Famosos<\/p>\n<p>Fecha emisi\u00f3n:<\/p>\n<p>1977-09-26<\/p>\n<p>Tama\u00f1o:<\/p>\n<p>30 x 40 mm<\/p>\n<p>Colores:<\/p>\n<p>Multicolor<\/p>\n<p>Marca de agua:<\/p>\n<p>Sin Marca de agua<\/p>\n<p>Impresores\/Imprentas:<\/p>\n<p>Carvajal S.A.<\/p>\n<p>Formato:<\/p>\n<p>Sello<\/p>\n<p>Emisi\u00f3n:<\/p>\n<p>Correo A\u00e9reo<\/p>\n<p>Perforaci\u00f3n:<\/p>\n<p>14<\/p>\n<p>Impresi\u00f3n:<\/p>\n<p>Litograf\u00eda offset<\/p>\n<p>Valor facial:<\/p>\n<p>5 $ &#8211; Peso Colombiano<\/p>\n<p>Tiraje:<\/p>\n<p>1.000.000<\/p>\n<p>Puntuaci\u00f3n:<\/p>\n<p>35% Precisi\u00f3n: Media<\/p>\n<p>Descripci\u00f3n:<\/p>\n<p>Federico Lleras Acosta (Bogot\u00e1, 27 April 1877-Marseille, 18 March 1938) was a Colombian veterinarian, scientist and bacteriologist. He was one of the creators of the leprosy vaccine.<\/p>\n<p><a href=\"https:\/\/colnect.com\/stamps\/stamp\/523102\">https:\/\/colnect.com\/stamps\/stamp\/523102<\/a><\/p>","protected":false},"excerpt":{"rendered":"<p>Federico Lleras Acosta (1877-1938), bacteriologist Pa\u00eds: Colombia Serie: Federico Lleras Acosta, birth Cent. C\u00f3digo de cat\u00e1logo: Michel CO 1347 Stamp Number CO C653 Yvert et Tellier CO PA608 Stanley Gibbons CO 1435 Leo Temprano CO 1371 Temas: Hombres | Medicina | Personajes Famosos Fecha emisi\u00f3n: 1977-09-26 Tama\u00f1o: 30 x 40 mm Colores: Multicolor Marca de &hellip;<\/p>\n<p class=\"read-more\"> <a class=\"thunk-readmore button\" href=\"https:\/\/filatelia.cuentista.es\/en\/product\/sello-colombia-1977-federico-lleras-acosta-5-usado\"> <span class=\"screen-reader-text\">Sello Colombia 1977 &#8211; Federico Lleras Acosta &#8211; 5$ Usado<\/span>Read More<\/a><\/p>","protected":false},"featured_media":3634,"comment_status":"open","ping_status":"closed","template":"","meta":{"_acf_changed":false},"product_brand":[],"product_cat":[1374,20],"product_tag":[],"class_list":{"0":"post-3635","1":"product","2":"type-product","3":"status-publish","4":"has-post-thumbnail","6":"product_cat-colombia","7":"product_cat-sellos-usados","8":"thunk-woo-product-list","9":"opn-qv-enable","10":"open-woo-hover-zoom","11":"open-single-product-tab-horizontal","12":"open-shadow-","13":"open-shadow-hover-","15":"first","16":"instock","17":"shipping-taxable","18":"purchasable","19":"product-type-simple"},"acf":[],"jetpack_sharing_enabled":true,"_links":{"self":[{"href":"https:\/\/filatelia.cuentista.es\/en\/wp-json\/wp\/v2\/product\/3635","targetHints":{"allow":["GET"]}}],"collection":[{"href":"https:\/\/filatelia.cuentista.es\/en\/wp-json\/wp\/v2\/product"}],"about":[{"href":"https:\/\/filatelia.cuentista.es\/en\/wp-json\/wp\/v2\/types\/product"}],"replies":[{"embeddable":true,"href":"https:\/\/filatelia.cuentista.es\/en\/wp-json\/wp\/v2\/comments?post=3635"}],"wp:featuredmedia":[{"embeddable":true,"href":"https:\/\/filatelia.cuentista.es\/en\/wp-json\/wp\/v2\/media\/3634"}],"wp:attachment":[{"href":"https:\/\/filatelia.cuentista.es\/en\/wp-json\/wp\/v2\/media?parent=3635"}],"wp:term":[{"taxonomy":"product_brand","embeddable":true,"href":"https:\/\/filatelia.cuentista.es\/en\/wp-json\/wp\/v2\/product_brand?post=3635"},{"taxonomy":"product_cat","embeddable":true,"href":"https:\/\/filatelia.cuentista.es\/en\/wp-json\/wp\/v2\/product_cat?post=3635"},{"taxonomy":"product_tag","embeddable":true,"href":"https:\/\/filatelia.cuentista.es\/en\/wp-json\/wp\/v2\/product_tag?post=3635"}],"curies":[{"name":"wp","href":"https:\/\/api.w.org\/{rel}","templated":true}]}}