{"id":3633,"date":"2024-10-05T12:13:26","date_gmt":"2024-10-05T12:13:26","guid":{"rendered":"https:\/\/filatelia.cuentista.es\/product\/sello-colombia-1973-batalla-de-marciano-10-pesos-aereo-usado"},"modified":"2024-10-05T12:13:29","modified_gmt":"2024-10-05T12:13:29","slug":"sello-colombia-1973-batalla-de-marciano-10-pesos-aereo-usado","status":"publish","type":"product","link":"https:\/\/filatelia.cuentista.es\/en\/product\/sello-colombia-1973-batalla-de-marciano-10-pesos-aereo-usado","title":{"rendered":"Sello Colombia 1973 &#8211; Batalla de Marciano &#8211; 10 pesos , A\u00e9reo Usado"},"content":{"rendered":"<p>Manuel Felipe Rincon: Battle of Maracaibo<\/p>\n<p><img class=\"size-full\"><\/p>\n<p>Pa\u00eds:<\/p>\n<p>Colombia<\/p>\n<p>Serie:<\/p>\n<p>Battle of Lake Maracaibo, 150th Anniv.<\/p>\n<p>C\u00f3digo de cat\u00e1logo:<\/p>\n<p>Michel CO 1253<\/p>\n<p>Stamp Number CO C587<\/p>\n<p>Yvert et Tellier CO PA564<\/p>\n<p>Stanley Gibbons CO 1341<\/p>\n<p>Leo Temprano CO 1276<\/p>\n<p>Temas:<\/p>\n<p>Batallas | Buques de Guerra | Pinturas<\/p>\n<p>Fecha emisi\u00f3n:<\/p>\n<p>1973-07-24<\/p>\n<p>Tama\u00f1o:<\/p>\n<p>40 x 30 mm<\/p>\n<p>Colores:<\/p>\n<p>Multicolor<\/p>\n<p>Marca de agua:<\/p>\n<p>Sin Marca de agua<\/p>\n<p>Impresores\/Imprentas:<\/p>\n<p>De La Rue de Colombia<\/p>\n<p>Formato:<\/p>\n<p>Sello<\/p>\n<p>Emisi\u00f3n:<\/p>\n<p>Correo A\u00e9reo<\/p>\n<p>Perforaci\u00f3n:<\/p>\n<p>14 x 13\u00be<\/p>\n<p>Impresi\u00f3n:<\/p>\n<p>Litograf\u00eda offset<\/p>\n<p>Valor facial:<\/p>\n<p>10 $ &#8211; Peso Colombiano<\/p>\n<p>Tiraje:<\/p>\n<p>1.000.000<\/p>\n<p>Puntuaci\u00f3n:<\/p>\n<p>28% Precisi\u00f3n: Alta<\/p>\n<p>Descripci\u00f3n:<\/p>\n<p>The Battle of Lake Maracaibo also known as the \u00abNaval Battle of the Lake\u00bb was fought on 24 July 1823 on Venezuela&#8217;s Lake Maracaibo between fleets under the commands of Republican Admiral Jos\u00e9 Prudencio Padilla and royalist Captain \u00c1ngel Laborde.<\/p>\n<p>The engagement was won by the Republican forces, and was the last battle of the Venezuelan War of Independence and the larger Spanish American wars of independence. The Republican ships were part of the armed forces of Gran Colombia led by Sim\u00f3n Bol\u00edvar.<\/p>\n<p><a href=\"https:\/\/colnect.com\/stamps\/stamp\/523069\">https:\/\/colnect.com\/stamps\/stamp\/523069<\/a><\/p>","protected":false},"excerpt":{"rendered":"<p>Manuel Felipe Rincon: Battle of Maracaibo Pa\u00eds: Colombia Serie: Battle of Lake Maracaibo, 150th Anniv. C\u00f3digo de cat\u00e1logo: Michel CO 1253 Stamp Number CO C587 Yvert et Tellier CO PA564 Stanley Gibbons CO 1341 Leo Temprano CO 1276 Temas: Batallas | Buques de Guerra | Pinturas Fecha emisi\u00f3n: 1973-07-24 Tama\u00f1o: 40 x 30 mm Colores: &hellip;<\/p>\n<p class=\"read-more\"> <a class=\"thunk-readmore button\" href=\"https:\/\/filatelia.cuentista.es\/en\/product\/sello-colombia-1973-batalla-de-marciano-10-pesos-aereo-usado\"> <span class=\"screen-reader-text\">Sello Colombia 1973 &#8211; Batalla de Marciano &#8211; 10 pesos , A\u00e9reo Usado<\/span>Read More<\/a><\/p>","protected":false},"featured_media":3632,"comment_status":"open","ping_status":"closed","template":"","meta":{"_acf_changed":false},"product_brand":[],"product_cat":[1374,815,20],"product_tag":[],"class_list":{"0":"post-3633","1":"product","2":"type-product","3":"status-publish","4":"has-post-thumbnail","6":"product_cat-colombia","7":"product_cat-correo-aereo","8":"product_cat-sellos-usados","9":"thunk-woo-product-list","10":"opn-qv-enable","11":"open-woo-hover-zoom","12":"open-single-product-tab-horizontal","13":"open-shadow-","14":"open-shadow-hover-","16":"first","17":"instock","18":"shipping-taxable","19":"purchasable","20":"product-type-simple"},"acf":[],"jetpack_sharing_enabled":true,"_links":{"self":[{"href":"https:\/\/filatelia.cuentista.es\/en\/wp-json\/wp\/v2\/product\/3633","targetHints":{"allow":["GET"]}}],"collection":[{"href":"https:\/\/filatelia.cuentista.es\/en\/wp-json\/wp\/v2\/product"}],"about":[{"href":"https:\/\/filatelia.cuentista.es\/en\/wp-json\/wp\/v2\/types\/product"}],"replies":[{"embeddable":true,"href":"https:\/\/filatelia.cuentista.es\/en\/wp-json\/wp\/v2\/comments?post=3633"}],"wp:featuredmedia":[{"embeddable":true,"href":"https:\/\/filatelia.cuentista.es\/en\/wp-json\/wp\/v2\/media\/3632"}],"wp:attachment":[{"href":"https:\/\/filatelia.cuentista.es\/en\/wp-json\/wp\/v2\/media?parent=3633"}],"wp:term":[{"taxonomy":"product_brand","embeddable":true,"href":"https:\/\/filatelia.cuentista.es\/en\/wp-json\/wp\/v2\/product_brand?post=3633"},{"taxonomy":"product_cat","embeddable":true,"href":"https:\/\/filatelia.cuentista.es\/en\/wp-json\/wp\/v2\/product_cat?post=3633"},{"taxonomy":"product_tag","embeddable":true,"href":"https:\/\/filatelia.cuentista.es\/en\/wp-json\/wp\/v2\/product_tag?post=3633"}],"curies":[{"name":"wp","href":"https:\/\/api.w.org\/{rel}","templated":true}]}}