{"id":3631,"date":"2024-10-05T12:09:34","date_gmt":"2024-10-05T12:09:34","guid":{"rendered":"https:\/\/filatelia.cuentista.es\/product\/sello-colombia-1968-visita-de-paulo-vi-120-aereo-usado"},"modified":"2024-10-05T12:09:37","modified_gmt":"2024-10-05T12:09:37","slug":"sello-colombia-1968-visita-de-paulo-vi-120-aereo-usado","status":"publish","type":"product","link":"https:\/\/filatelia.cuentista.es\/en\/product\/sello-colombia-1968-visita-de-paulo-vi-120-aereo-usado","title":{"rendered":"Sello Colombia 1968 &#8211; Visita de Paulo VI &#8211; 1,20$ A\u00e9reo Usado"},"content":{"rendered":"<p>Pope Paul VI (1897-1978), Coat of Arms<\/p>\n<p><img class=\"size-full\"><\/p>\n<p>Pa\u00eds:<\/p>\n<p>Colombia<\/p>\n<p>Serie:<\/p>\n<p>Visit of Pope Paul VI to Colombia<\/p>\n<p>C\u00f3digo de cat\u00e1logo:<\/p>\n<p>Michel CO 1137<\/p>\n<p>Stamp Number CO C508<\/p>\n<p>Yvert et Tellier CO PA489<\/p>\n<p>Stanley Gibbons CO 1230<\/p>\n<p>Leo Temprano CO 1172<\/p>\n<p>Temas:<\/p>\n<p>Clero | Escudo de Armas | Papas | Personajes Famosos | Religi\u00f3n<\/p>\n<p>Fecha emisi\u00f3n:<\/p>\n<p>1968-08-22<\/p>\n<p>Tama\u00f1o:<\/p>\n<p>30 x 40 mm<\/p>\n<p>Colores:<\/p>\n<p>Multicolor<\/p>\n<p>Marca de agua:<\/p>\n<p>Sin Marca de agua<\/p>\n<p>Impresores\/Imprentas:<\/p>\n<p>De La Rue de Colombia<\/p>\n<p>Formato:<\/p>\n<p>Sello<\/p>\n<p>Emisi\u00f3n:<\/p>\n<p>Correo A\u00e9reo<\/p>\n<p>Perforaci\u00f3n:<\/p>\n<p>13\u00bd x 14<\/p>\n<p>Impresi\u00f3n:<\/p>\n<p>Litograf\u00eda offset<\/p>\n<p>Valor facial:<\/p>\n<p>1,20 $ &#8211; Peso Colombiano<\/p>\n<p>Tiraje:<\/p>\n<p>2.000.000<\/p>\n<p>Puntuaci\u00f3n:<\/p>\n<p>19% Precisi\u00f3n: Alta<\/p>\n<p>Descripci\u00f3n:<\/p>\n<p>Pope Paul VI, born Giovanni Battista Enrico Antonio Maria Montini (26 September 1897 \u2013 6 August 1978), reigned from 21 June 1963 to his death. Succeeding John XXIII, he continued the Second Vatican Council which he closed in 1965, implementing its numerous reforms, and fostered improved ecumenical relations with Eastern Orthodox and Protestants, which resulted in many historic meetings and agreements<\/p>\n<p><a href=\"https:\/\/colnect.com\/stamps\/stamp\/496027\">https:\/\/colnect.com\/stamps\/stamp\/496027<\/a><\/p>","protected":false},"excerpt":{"rendered":"<p>Pope Paul VI (1897-1978), Coat of Arms Pa\u00eds: Colombia Serie: Visit of Pope Paul VI to Colombia C\u00f3digo de cat\u00e1logo: Michel CO 1137 Stamp Number CO C508 Yvert et Tellier CO PA489 Stanley Gibbons CO 1230 Leo Temprano CO 1172 Temas: Clero | Escudo de Armas | Papas | Personajes Famosos | Religi\u00f3n Fecha emisi\u00f3n: &hellip;<\/p>\n<p class=\"read-more\"> <a class=\"thunk-readmore button\" href=\"https:\/\/filatelia.cuentista.es\/en\/product\/sello-colombia-1968-visita-de-paulo-vi-120-aereo-usado\"> <span class=\"screen-reader-text\">Sello Colombia 1968 &#8211; Visita de Paulo VI &#8211; 1,20$ A\u00e9reo Usado<\/span>Read More<\/a><\/p>","protected":false},"featured_media":3630,"comment_status":"open","ping_status":"closed","template":"","meta":{"_acf_changed":false},"product_brand":[],"product_cat":[1374,815,20],"product_tag":[],"class_list":{"0":"post-3631","1":"product","2":"type-product","3":"status-publish","4":"has-post-thumbnail","6":"product_cat-colombia","7":"product_cat-correo-aereo","8":"product_cat-sellos-usados","9":"thunk-woo-product-list","10":"opn-qv-enable","11":"open-woo-hover-zoom","12":"open-single-product-tab-horizontal","13":"open-shadow-","14":"open-shadow-hover-","16":"first","17":"instock","18":"shipping-taxable","19":"purchasable","20":"product-type-simple"},"acf":[],"jetpack_sharing_enabled":true,"_links":{"self":[{"href":"https:\/\/filatelia.cuentista.es\/en\/wp-json\/wp\/v2\/product\/3631","targetHints":{"allow":["GET"]}}],"collection":[{"href":"https:\/\/filatelia.cuentista.es\/en\/wp-json\/wp\/v2\/product"}],"about":[{"href":"https:\/\/filatelia.cuentista.es\/en\/wp-json\/wp\/v2\/types\/product"}],"replies":[{"embeddable":true,"href":"https:\/\/filatelia.cuentista.es\/en\/wp-json\/wp\/v2\/comments?post=3631"}],"wp:featuredmedia":[{"embeddable":true,"href":"https:\/\/filatelia.cuentista.es\/en\/wp-json\/wp\/v2\/media\/3630"}],"wp:attachment":[{"href":"https:\/\/filatelia.cuentista.es\/en\/wp-json\/wp\/v2\/media?parent=3631"}],"wp:term":[{"taxonomy":"product_brand","embeddable":true,"href":"https:\/\/filatelia.cuentista.es\/en\/wp-json\/wp\/v2\/product_brand?post=3631"},{"taxonomy":"product_cat","embeddable":true,"href":"https:\/\/filatelia.cuentista.es\/en\/wp-json\/wp\/v2\/product_cat?post=3631"},{"taxonomy":"product_tag","embeddable":true,"href":"https:\/\/filatelia.cuentista.es\/en\/wp-json\/wp\/v2\/product_tag?post=3631"}],"curies":[{"name":"wp","href":"https:\/\/api.w.org\/{rel}","templated":true}]}}