{"id":3629,"date":"2024-10-05T12:05:20","date_gmt":"2024-10-05T12:05:20","guid":{"rendered":"https:\/\/filatelia.cuentista.es\/product\/sello-colombia-1977-jacaranda-y-ave-10-aereo-usado"},"modified":"2024-10-05T13:25:23","modified_gmt":"2024-10-05T13:25:23","slug":"sello-colombia-1977-jacaranda-y-ave-10-aereo-usado","status":"publish","type":"product","link":"https:\/\/filatelia.cuentista.es\/en\/product\/sello-colombia-1977-jacaranda-y-ave-10-aereo-usado","title":{"rendered":"Sello Colombia 1977 &#8211; Jacaranda y Ave &#8211; 10$ A\u00e9reo Usado"},"content":{"rendered":"<p>Royal Flycatcher (Onychorhynchus coronatus, Jacaranda copaia<\/p>\n<p><img class=\"size-full\"><\/p>\n<p>Pa\u00eds:<\/p>\n<p>Colombia<\/p>\n<p>Serie:<\/p>\n<p>Birds (1977)<\/p>\n<p>C\u00f3digo de cat\u00e1logo:<\/p>\n<p>Michel CO 1338<\/p>\n<p>Stamp Number CO C647<\/p>\n<p>Yvert et Tellier CO PA612<\/p>\n<p>Stanley Gibbons CO 1426<\/p>\n<p>Leo Temprano CO 1358<\/p>\n<p>Temas:<\/p>\n<p>Animales (Fauna) | Aves | Flores | Plantas (Flora)<\/p>\n<p>Fecha emisi\u00f3n:<\/p>\n<p>1977-09-06<\/p>\n<p>Tama\u00f1o:<\/p>\n<p>30 x 40 mm<\/p>\n<p>Colores:<\/p>\n<p>Multicolor<\/p>\n<p>Marca de agua:<\/p>\n<p>Sin Marca de agua<\/p>\n<p>Dise\u00f1adores:<\/p>\n<p>Tulio Nel Molina<\/p>\n<p>Impresores\/Imprentas:<\/p>\n<p>De La Rue de Colombia<\/p>\n<p>Formato:<\/p>\n<p>Sello<\/p>\n<p>Emisi\u00f3n:<\/p>\n<p>Correo A\u00e9reo<\/p>\n<p>Perforaci\u00f3n:<\/p>\n<p>peine14<\/p>\n<p>Impresi\u00f3n:<\/p>\n<p>Litograf\u00eda offset<\/p>\n<p>Valor facial:<\/p>\n<p>10 $ &#8211; Peso Colombiano<\/p>\n<p>Tiraje:<\/p>\n<p>3.500.000<\/p>\n<p>Puntuaci\u00f3n:<\/p>\n<p>18% Precisi\u00f3n: Muy alto<\/p>\n<p>Descripci\u00f3n:<\/p>\n<p>The Royal Flycatcher (Onychorhynchus coronatus) is a passerine bird of the tyrant flycatcher family. It is found in forest and woodland from Mexico to Peru, Bolivia and Brazil. Some authorities divide it into 4 species. Two of these are in Colombia.<\/p>\n<p>Jacaranda copaia is a flowering pioneer tree belonging to the genus Jacaranda. It is native to Central America, and Northern and Western parts of South America.<\/p>\n<p><a href=\"https:\/\/colnect.com\/stamps\/stamp\/163893\">https:\/\/colnect.com\/stamps\/stamp\/163893<\/a><\/p>","protected":false},"excerpt":{"rendered":"<p>Royal Flycatcher (Onychorhynchus coronatus, Jacaranda copaia Pa\u00eds: Colombia Serie: Birds (1977) C\u00f3digo de cat\u00e1logo: Michel CO 1338 Stamp Number CO C647 Yvert et Tellier CO PA612 Stanley Gibbons CO 1426 Leo Temprano CO 1358 Temas: Animales (Fauna) | Aves | Flores | Plantas (Flora) Fecha emisi\u00f3n: 1977-09-06 Tama\u00f1o: 30 x 40 mm Colores: Multicolor Marca &hellip;<\/p>\n<p class=\"read-more\"> <a class=\"thunk-readmore button\" href=\"https:\/\/filatelia.cuentista.es\/en\/product\/sello-colombia-1977-jacaranda-y-ave-10-aereo-usado\"> <span class=\"screen-reader-text\">Sello Colombia 1977 &#8211; Jacaranda y Ave &#8211; 10$ A\u00e9reo Usado<\/span>Read More<\/a><\/p>","protected":false},"featured_media":3628,"comment_status":"open","ping_status":"closed","template":"","meta":{"_acf_changed":false},"product_brand":[],"product_cat":[1374,815,20],"product_tag":[],"class_list":{"0":"post-3629","1":"product","2":"type-product","3":"status-publish","4":"has-post-thumbnail","6":"product_cat-colombia","7":"product_cat-correo-aereo","8":"product_cat-sellos-usados","9":"thunk-woo-product-list","10":"opn-qv-enable","11":"open-woo-hover-zoom","12":"open-single-product-tab-horizontal","13":"open-shadow-","14":"open-shadow-hover-","16":"first","17":"instock","18":"shipping-taxable","19":"purchasable","20":"product-type-simple"},"acf":[],"jetpack_sharing_enabled":true,"_links":{"self":[{"href":"https:\/\/filatelia.cuentista.es\/en\/wp-json\/wp\/v2\/product\/3629","targetHints":{"allow":["GET"]}}],"collection":[{"href":"https:\/\/filatelia.cuentista.es\/en\/wp-json\/wp\/v2\/product"}],"about":[{"href":"https:\/\/filatelia.cuentista.es\/en\/wp-json\/wp\/v2\/types\/product"}],"replies":[{"embeddable":true,"href":"https:\/\/filatelia.cuentista.es\/en\/wp-json\/wp\/v2\/comments?post=3629"}],"wp:featuredmedia":[{"embeddable":true,"href":"https:\/\/filatelia.cuentista.es\/en\/wp-json\/wp\/v2\/media\/3628"}],"wp:attachment":[{"href":"https:\/\/filatelia.cuentista.es\/en\/wp-json\/wp\/v2\/media?parent=3629"}],"wp:term":[{"taxonomy":"product_brand","embeddable":true,"href":"https:\/\/filatelia.cuentista.es\/en\/wp-json\/wp\/v2\/product_brand?post=3629"},{"taxonomy":"product_cat","embeddable":true,"href":"https:\/\/filatelia.cuentista.es\/en\/wp-json\/wp\/v2\/product_cat?post=3629"},{"taxonomy":"product_tag","embeddable":true,"href":"https:\/\/filatelia.cuentista.es\/en\/wp-json\/wp\/v2\/product_tag?post=3629"}],"curies":[{"name":"wp","href":"https:\/\/api.w.org\/{rel}","templated":true}]}}