{"id":3627,"date":"2024-10-05T12:01:06","date_gmt":"2024-10-05T12:01:06","guid":{"rendered":"https:\/\/filatelia.cuentista.es\/product\/sello-colombia-1987-flamenco-30-pesos-aereo-usado"},"modified":"2024-10-05T12:01:09","modified_gmt":"2024-10-05T12:01:09","slug":"sello-colombia-1987-flamenco-30-pesos-aereo-usado","status":"publish","type":"product","link":"https:\/\/filatelia.cuentista.es\/en\/product\/sello-colombia-1987-flamenco-30-pesos-aereo-usado","title":{"rendered":"Sello Colombia 1987 &#8211; Flamenco &#8211; 30 Pesos A\u00e9reo Usado"},"content":{"rendered":"<p>American Flamingo (Phoenicopterus ruber)<\/p>\n<p><img class=\"size-full\"><\/p>\n<p>Pa\u00eds:<\/p>\n<p>Colombia<\/p>\n<p>Serie:<\/p>\n<p>Protecci\u00f3n de la Naturaleza<\/p>\n<p>C\u00f3digo de cat\u00e1logo:<\/p>\n<p>Michel CO 1702<\/p>\n<p>Stamp Number CO C778<\/p>\n<p>Yvert et Tellier CO PA766<\/p>\n<p>Stanley Gibbons CO 1777<\/p>\n<p>Leo Temprano CO 1723<\/p>\n<p>Temas:<\/p>\n<p>Animales (Fauna) | Aves | Flamencos | Protecci\u00f3n del Medio Ambiente<\/p>\n<p>Fecha emisi\u00f3n:<\/p>\n<p>1987-06-08<\/p>\n<p>Tama\u00f1o:<\/p>\n<p>21.5 x 27.5 mm<\/p>\n<p>Colores:<\/p>\n<p>Lila oscuro<\/p>\n<p>Marca de agua:<\/p>\n<p>Sin Marca de agua<\/p>\n<p>Dise\u00f1adores:<\/p>\n<p>Alvaro Pulido<\/p>\n<p>Impresores\/Imprentas:<\/p>\n<p>De La Rue de Colombia<\/p>\n<p>Formato:<\/p>\n<p>Sello<\/p>\n<p>Emisi\u00f3n:<\/p>\n<p>Correo A\u00e9reo<\/p>\n<p>Perforaci\u00f3n:<\/p>\n<p>14\u00bc x 14<\/p>\n<p>Impresi\u00f3n:<\/p>\n<p>Litograf\u00eda offset<\/p>\n<p>Valor facial:<\/p>\n<p>30 $ &#8211; Peso Colombiano<\/p>\n<p>Tiraje:<\/p>\n<p>1.500.000<\/p>\n<p>Puntuaci\u00f3n:<\/p>\n<p>48% Precisi\u00f3n: Media<\/p>\n<p>Descripci\u00f3n:<\/p>\n<p>The American flamingo breeds in the Gal\u00e1pagos, coastal Colombia, Venezuela and nearby islands, Trinidad and Tobago, along the northern coast of the Yucat\u00e1n Peninsula, Cuba, Hispaniola, the Bahamas, Virgin Islands, and the Turks and Caicos Islands. Its preferred habitats are saline lagoons, mudflats, and shallow, brackish, coastal or inland lakes.<\/p>\n<p><a href=\"https:\/\/colnect.com\/stamps\/stamp\/574946\">https:\/\/colnect.com\/stamps\/stamp\/574946<\/a><\/p>","protected":false},"excerpt":{"rendered":"<p>American Flamingo (Phoenicopterus ruber) Pa\u00eds: Colombia Serie: Protecci\u00f3n de la Naturaleza C\u00f3digo de cat\u00e1logo: Michel CO 1702 Stamp Number CO C778 Yvert et Tellier CO PA766 Stanley Gibbons CO 1777 Leo Temprano CO 1723 Temas: Animales (Fauna) | Aves | Flamencos | Protecci\u00f3n del Medio Ambiente Fecha emisi\u00f3n: 1987-06-08 Tama\u00f1o: 21.5 x 27.5 mm Colores: &hellip;<\/p>\n<p class=\"read-more\"> <a class=\"thunk-readmore button\" href=\"https:\/\/filatelia.cuentista.es\/en\/product\/sello-colombia-1987-flamenco-30-pesos-aereo-usado\"> <span class=\"screen-reader-text\">Sello Colombia 1987 &#8211; Flamenco &#8211; 30 Pesos A\u00e9reo Usado<\/span>Read More<\/a><\/p>","protected":false},"featured_media":3626,"comment_status":"open","ping_status":"closed","template":"","meta":{"_acf_changed":false},"product_brand":[],"product_cat":[1374,815,20],"product_tag":[],"class_list":{"0":"post-3627","1":"product","2":"type-product","3":"status-publish","4":"has-post-thumbnail","6":"product_cat-colombia","7":"product_cat-correo-aereo","8":"product_cat-sellos-usados","9":"thunk-woo-product-list","10":"opn-qv-enable","11":"open-woo-hover-zoom","12":"open-single-product-tab-horizontal","13":"open-shadow-","14":"open-shadow-hover-","16":"first","17":"instock","18":"shipping-taxable","19":"purchasable","20":"product-type-simple"},"acf":[],"jetpack_sharing_enabled":true,"_links":{"self":[{"href":"https:\/\/filatelia.cuentista.es\/en\/wp-json\/wp\/v2\/product\/3627","targetHints":{"allow":["GET"]}}],"collection":[{"href":"https:\/\/filatelia.cuentista.es\/en\/wp-json\/wp\/v2\/product"}],"about":[{"href":"https:\/\/filatelia.cuentista.es\/en\/wp-json\/wp\/v2\/types\/product"}],"replies":[{"embeddable":true,"href":"https:\/\/filatelia.cuentista.es\/en\/wp-json\/wp\/v2\/comments?post=3627"}],"wp:featuredmedia":[{"embeddable":true,"href":"https:\/\/filatelia.cuentista.es\/en\/wp-json\/wp\/v2\/media\/3626"}],"wp:attachment":[{"href":"https:\/\/filatelia.cuentista.es\/en\/wp-json\/wp\/v2\/media?parent=3627"}],"wp:term":[{"taxonomy":"product_brand","embeddable":true,"href":"https:\/\/filatelia.cuentista.es\/en\/wp-json\/wp\/v2\/product_brand?post=3627"},{"taxonomy":"product_cat","embeddable":true,"href":"https:\/\/filatelia.cuentista.es\/en\/wp-json\/wp\/v2\/product_cat?post=3627"},{"taxonomy":"product_tag","embeddable":true,"href":"https:\/\/filatelia.cuentista.es\/en\/wp-json\/wp\/v2\/product_tag?post=3627"}],"curies":[{"name":"wp","href":"https:\/\/api.w.org\/{rel}","templated":true}]}}