{"id":3621,"date":"2024-10-05T11:43:32","date_gmt":"2024-10-05T11:43:32","guid":{"rendered":"https:\/\/filatelia.cuentista.es\/product\/sello-colombia-1951-sociedad-de-ingenieros-20-centavos"},"modified":"2024-10-13T15:35:53","modified_gmt":"2024-10-13T15:35:53","slug":"sello-colombia-1951-sociedad-de-ingenieros-20-centavos","status":"publish","type":"product","link":"https:\/\/filatelia.cuentista.es\/en\/product\/sello-colombia-1951-sociedad-de-ingenieros-20-centavos","title":{"rendered":"Sello Colombia 1951 &#8211; Sociedad de Ingenieros- 20 Centavos"},"content":{"rendered":"<p>Map and Badge<\/p>\n<p><img class=\"size-full\"><\/p>\n<p>Pa\u00eds:<\/p>\n<p>Colombia<\/p>\n<p>Serie:<\/p>\n<p>Colombian Society of Engineers, 60th Anniv.<\/p>\n<p>C\u00f3digo de cat\u00e1logo:<\/p>\n<p>Michel CO 605<\/p>\n<p>Stamp Number CO 594<\/p>\n<p>Yvert et Tellier CO 456<\/p>\n<p>Stanley Gibbons CO 735<\/p>\n<p>Leo Temprano CO 694<\/p>\n<p>Variantes:<\/p>\n<p>Click para ver variantes<\/p>\n<p>Temas:<\/p>\n<p>Ingenieros | Mapas | Sellos (Emblemas)<\/p>\n<p>Fecha emisi\u00f3n:<\/p>\n<p>1951-01-30<\/p>\n<p>Tama\u00f1o:<\/p>\n<p>26 x 34 mm<\/p>\n<p>Colores:<\/p>\n<p>Multicolor<\/p>\n<p>Marca de agua:<\/p>\n<p>Sin Marca de agua<\/p>\n<p>Impresores\/Imprentas:<\/p>\n<p>Waterlow &amp; Sons Ltd<\/p>\n<p>Formato:<\/p>\n<p>Sello<\/p>\n<p>Emisi\u00f3n:<\/p>\n<p>Conmemorativo<\/p>\n<p>Perforaci\u00f3n:<\/p>\n<p>12\u00bd<\/p>\n<p>Impresi\u00f3n:<\/p>\n<p>Fotograbado<\/p>\n<p>Valor facial:<\/p>\n<p>20 c &#8211; Centavo Colombiano<\/p>\n<p>Tiraje:<\/p>\n<p>1.000.000<\/p>\n<p>Puntuaci\u00f3n:<\/p>\n<p>24% Precisi\u00f3n: Alta<\/p>\n<p>Descripci\u00f3n:<\/p>\n<p>The Colombian Engineering Society, founded in 1887 and headquartered in Bogota, is a non-profit organization with scientific, professional and academic objectives that is used as a consultative center of the Colombian national government and different local governments such as mayors and governorates. It brings together experienced engineers and recent graduates to cooperate.<\/p>\n<p><a href=\"https:\/\/colnect.com\/stamps\/stamp\/352619\">https:\/\/colnect.com\/stamps\/stamp\/352619<\/a><\/p>","protected":false},"excerpt":{"rendered":"<p>Map and Badge Pa\u00eds: Colombia Serie: Colombian Society of Engineers, 60th Anniv. C\u00f3digo de cat\u00e1logo: Michel CO 605 Stamp Number CO 594 Yvert et Tellier CO 456 Stanley Gibbons CO 735 Leo Temprano CO 694 Variantes: Click para ver variantes Temas: Ingenieros | Mapas | Sellos (Emblemas) Fecha emisi\u00f3n: 1951-01-30 Tama\u00f1o: 26 x 34 mm &hellip;<\/p>\n<p class=\"read-more\"> <a class=\"thunk-readmore button\" href=\"https:\/\/filatelia.cuentista.es\/en\/product\/sello-colombia-1951-sociedad-de-ingenieros-20-centavos\"> <span class=\"screen-reader-text\">Sello Colombia 1951 &#8211; Sociedad de Ingenieros- 20 Centavos<\/span>Read More<\/a><\/p>","protected":false},"featured_media":3620,"comment_status":"open","ping_status":"closed","template":"","meta":{"_acf_changed":false},"product_brand":[],"product_cat":[1374,20],"product_tag":[],"class_list":{"0":"post-3621","1":"product","2":"type-product","3":"status-publish","4":"has-post-thumbnail","6":"product_cat-colombia","7":"product_cat-sellos-usados","8":"thunk-woo-product-list","9":"opn-qv-enable","10":"open-woo-hover-zoom","11":"open-single-product-tab-horizontal","12":"open-shadow-","13":"open-shadow-hover-","15":"first","16":"instock","17":"sale","18":"shipping-taxable","19":"purchasable","20":"product-type-simple"},"acf":[],"jetpack_sharing_enabled":true,"_links":{"self":[{"href":"https:\/\/filatelia.cuentista.es\/en\/wp-json\/wp\/v2\/product\/3621","targetHints":{"allow":["GET"]}}],"collection":[{"href":"https:\/\/filatelia.cuentista.es\/en\/wp-json\/wp\/v2\/product"}],"about":[{"href":"https:\/\/filatelia.cuentista.es\/en\/wp-json\/wp\/v2\/types\/product"}],"replies":[{"embeddable":true,"href":"https:\/\/filatelia.cuentista.es\/en\/wp-json\/wp\/v2\/comments?post=3621"}],"wp:featuredmedia":[{"embeddable":true,"href":"https:\/\/filatelia.cuentista.es\/en\/wp-json\/wp\/v2\/media\/3620"}],"wp:attachment":[{"href":"https:\/\/filatelia.cuentista.es\/en\/wp-json\/wp\/v2\/media?parent=3621"}],"wp:term":[{"taxonomy":"product_brand","embeddable":true,"href":"https:\/\/filatelia.cuentista.es\/en\/wp-json\/wp\/v2\/product_brand?post=3621"},{"taxonomy":"product_cat","embeddable":true,"href":"https:\/\/filatelia.cuentista.es\/en\/wp-json\/wp\/v2\/product_cat?post=3621"},{"taxonomy":"product_tag","embeddable":true,"href":"https:\/\/filatelia.cuentista.es\/en\/wp-json\/wp\/v2\/product_tag?post=3621"}],"curies":[{"name":"wp","href":"https:\/\/api.w.org\/{rel}","templated":true}]}}