{"id":3616,"date":"2024-10-05T11:31:16","date_gmt":"2024-10-05T11:31:16","guid":{"rendered":"https:\/\/filatelia.cuentista.es\/product\/sello-colombia-1978-cultura-muisca-350-aereo-usado"},"modified":"2024-10-05T13:24:23","modified_gmt":"2024-10-05T13:24:23","slug":"sello-colombia-1978-cultura-muisca-350-aereo-usado","status":"publish","type":"product","link":"https:\/\/filatelia.cuentista.es\/en\/product\/sello-colombia-1978-cultura-muisca-350-aereo-usado","title":{"rendered":"Sello Colombia 1978 &#8211; Cultura Muisca &#8211; $3,50 A\u00e9reo Usado"},"content":{"rendered":"<p>Figure, Muisca Culture<\/p>\n<p><img class=\"size-full\"><\/p>\n<p>Pa\u00eds:<\/p>\n<p>Colombia<\/p>\n<p>Serie:<\/p>\n<p>Muisca Culture<\/p>\n<p>C\u00f3digo de cat\u00e1logo:<\/p>\n<p>Michel CO 1380<\/p>\n<p>Stamp Number CO C664<\/p>\n<p>Yvert et Tellier CO PA626<\/p>\n<p>Stanley Gibbons CO 1466<\/p>\n<p>Leo Temprano CO 1402<\/p>\n<p>Temas:<\/p>\n<p>Arte<\/p>\n<p>Fecha emisi\u00f3n:<\/p>\n<p>1978-09-12<\/p>\n<p>Tama\u00f1o:<\/p>\n<p>21 x 25 mm<\/p>\n<p>Colores:<\/p>\n<p>Multicolor<\/p>\n<p>Marca de agua:<\/p>\n<p>Sin Marca de agua<\/p>\n<p>Impresores\/Imprentas:<\/p>\n<p>De La Rue de Colombia<\/p>\n<p>Formato:<\/p>\n<p>Sello<\/p>\n<p>Emisi\u00f3n:<\/p>\n<p>Correo A\u00e9reo<\/p>\n<p>Perforaci\u00f3n:<\/p>\n<p>peine12\u00bd<\/p>\n<p>Impresi\u00f3n:<\/p>\n<p>Litograf\u00eda offset<\/p>\n<p>Valor facial:<\/p>\n<p>3,50 $ &#8211; Peso Colombiano<\/p>\n<p>Tiraje:<\/p>\n<p>4.000.000<\/p>\n<p><a href=\"https:\/\/colnect.com\/stamps\/stamp\/299363\">https:\/\/colnect.com\/stamps\/stamp\/299363<\/a><\/p>","protected":false},"excerpt":{"rendered":"<p>Figure, Muisca Culture Pa\u00eds: Colombia Serie: Muisca Culture C\u00f3digo de cat\u00e1logo: Michel CO 1380 Stamp Number CO C664 Yvert et Tellier CO PA626 Stanley Gibbons CO 1466 Leo Temprano CO 1402 Temas: Arte Fecha emisi\u00f3n: 1978-09-12 Tama\u00f1o: 21 x 25 mm Colores: Multicolor Marca de agua: Sin Marca de agua Impresores\/Imprentas: De La Rue de &hellip;<\/p>\n<p class=\"read-more\"> <a class=\"thunk-readmore button\" href=\"https:\/\/filatelia.cuentista.es\/en\/product\/sello-colombia-1978-cultura-muisca-350-aereo-usado\"> <span class=\"screen-reader-text\">Sello Colombia 1978 &#8211; Cultura Muisca &#8211; $3,50 A\u00e9reo Usado<\/span>Read More<\/a><\/p>","protected":false},"featured_media":3615,"comment_status":"open","ping_status":"closed","template":"","meta":{"_acf_changed":false},"product_brand":[],"product_cat":[1374,815,20],"product_tag":[],"class_list":{"0":"post-3616","1":"product","2":"type-product","3":"status-publish","4":"has-post-thumbnail","6":"product_cat-colombia","7":"product_cat-correo-aereo","8":"product_cat-sellos-usados","9":"thunk-woo-product-list","10":"opn-qv-enable","11":"open-woo-hover-zoom","12":"open-single-product-tab-horizontal","13":"open-shadow-","14":"open-shadow-hover-","16":"first","17":"instock","18":"sale","19":"shipping-taxable","20":"purchasable","21":"product-type-simple"},"acf":[],"jetpack_sharing_enabled":true,"_links":{"self":[{"href":"https:\/\/filatelia.cuentista.es\/en\/wp-json\/wp\/v2\/product\/3616","targetHints":{"allow":["GET"]}}],"collection":[{"href":"https:\/\/filatelia.cuentista.es\/en\/wp-json\/wp\/v2\/product"}],"about":[{"href":"https:\/\/filatelia.cuentista.es\/en\/wp-json\/wp\/v2\/types\/product"}],"replies":[{"embeddable":true,"href":"https:\/\/filatelia.cuentista.es\/en\/wp-json\/wp\/v2\/comments?post=3616"}],"wp:featuredmedia":[{"embeddable":true,"href":"https:\/\/filatelia.cuentista.es\/en\/wp-json\/wp\/v2\/media\/3615"}],"wp:attachment":[{"href":"https:\/\/filatelia.cuentista.es\/en\/wp-json\/wp\/v2\/media?parent=3616"}],"wp:term":[{"taxonomy":"product_brand","embeddable":true,"href":"https:\/\/filatelia.cuentista.es\/en\/wp-json\/wp\/v2\/product_brand?post=3616"},{"taxonomy":"product_cat","embeddable":true,"href":"https:\/\/filatelia.cuentista.es\/en\/wp-json\/wp\/v2\/product_cat?post=3616"},{"taxonomy":"product_tag","embeddable":true,"href":"https:\/\/filatelia.cuentista.es\/en\/wp-json\/wp\/v2\/product_tag?post=3616"}],"curies":[{"name":"wp","href":"https:\/\/api.w.org\/{rel}","templated":true}]}}