{"id":3612,"date":"2024-10-05T07:55:56","date_gmt":"2024-10-05T07:55:56","guid":{"rendered":"https:\/\/filatelia.cuentista.es\/product\/sello-colombia-aves-de-colombia-1-aereo-usado"},"modified":"2024-10-05T07:57:17","modified_gmt":"2024-10-05T07:57:17","slug":"sello-colombia-aves-de-colombia-1-aereo-usado","status":"publish","type":"product","link":"https:\/\/filatelia.cuentista.es\/en\/product\/sello-colombia-aves-de-colombia-1-aereo-usado","title":{"rendered":"Sello Colombia 1974 &#8211; Aves de Colombia &#8211; 1$ A\u00e9reo Usado"},"content":{"rendered":"<p>Green-backed Trogon (Trogon viridis)<\/p>\n<p><img class=\"size-full\"><\/p>\n<p>Pa\u00eds:<\/p>\n<p>Colombia<\/p>\n<p>Serie:<\/p>\n<p>U.P.U. (Universal Postal Union), Centenary<\/p>\n<p>C\u00f3digo de cat\u00e1logo:<\/p>\n<p>Michel CO 1275<\/p>\n<p>Stamp Number CO C611<\/p>\n<p>Yvert et Tellier CO PA580<\/p>\n<p>Stanley Gibbons CO 1363<\/p>\n<p>Leo Temprano CO 1299<\/p>\n<p>Temas:<\/p>\n<p>Animales (Fauna) | Aves | Cartas (Correo) | Filatelia | Sellos de Correos | U.P.U. | Uniones Postales<\/p>\n<p>Fecha emisi\u00f3n:<\/p>\n<p>1974-11-14<\/p>\n<p>Tama\u00f1o:<\/p>\n<p>30 x 40 mm<\/p>\n<p>Colores:<\/p>\n<p>Multicolor<\/p>\n<p>Marca de agua:<\/p>\n<p>Sin Marca de agua<\/p>\n<p>Impresores\/Imprentas:<\/p>\n<p>De La Rue de Colombia<\/p>\n<p>Formato:<\/p>\n<p>Sello<\/p>\n<p>Emisi\u00f3n:<\/p>\n<p>Correo A\u00e9reo<\/p>\n<p>Perforaci\u00f3n:<\/p>\n<p>14<\/p>\n<p>Impresi\u00f3n:<\/p>\n<p>Litograf\u00eda offset<\/p>\n<p>Valor facial:<\/p>\n<p>1 $ &#8211; Peso Colombiano<\/p>\n<p>Tiraje:<\/p>\n<p>4.000.000<\/p>\n<p>Puntuaci\u00f3n:<\/p>\n<p>26% Precisi\u00f3n: Muy alto<\/p>\n<p>Descripci\u00f3n:<\/p>\n<p>The green-backed trogon, also known as the Amazonian white-tailed trogon, is a near passerine bird in the trogon family. It is found in tropical humid forests in South America, where its range includes the Amazon, the Guiana Shield, Trinidad, and the Atlantic Forest in eastern Brazil.<\/p>\n<p><a href=\"https:\/\/colnect.com\/stamps\/stamp\/163884\">https:\/\/colnect.com\/stamps\/stamp\/163884<\/a><\/p>","protected":false},"excerpt":{"rendered":"<p>Green-backed Trogon (Trogon viridis) Pa\u00eds: Colombia Serie: U.P.U. (Universal Postal Union), Centenary C\u00f3digo de cat\u00e1logo: Michel CO 1275 Stamp Number CO C611 Yvert et Tellier CO PA580 Stanley Gibbons CO 1363 Leo Temprano CO 1299 Temas: Animales (Fauna) | Aves | Cartas (Correo) | Filatelia | Sellos de Correos | U.P.U. | Uniones Postales Fecha &hellip;<\/p>\n<p class=\"read-more\"> <a class=\"thunk-readmore button\" href=\"https:\/\/filatelia.cuentista.es\/en\/product\/sello-colombia-aves-de-colombia-1-aereo-usado\"> <span class=\"screen-reader-text\">Sello Colombia 1974 &#8211; Aves de Colombia &#8211; 1$ A\u00e9reo Usado<\/span>Read More<\/a><\/p>","protected":false},"featured_media":3611,"comment_status":"open","ping_status":"closed","template":"","meta":{"_acf_changed":false},"product_brand":[],"product_cat":[1374,815,20],"product_tag":[],"class_list":{"0":"post-3612","1":"product","2":"type-product","3":"status-publish","4":"has-post-thumbnail","6":"product_cat-colombia","7":"product_cat-correo-aereo","8":"product_cat-sellos-usados","9":"thunk-woo-product-list","10":"opn-qv-enable","11":"open-woo-hover-zoom","12":"open-single-product-tab-horizontal","13":"open-shadow-","14":"open-shadow-hover-","16":"first","17":"instock","18":"sale","19":"shipping-taxable","20":"purchasable","21":"product-type-simple"},"acf":[],"jetpack_sharing_enabled":true,"_links":{"self":[{"href":"https:\/\/filatelia.cuentista.es\/en\/wp-json\/wp\/v2\/product\/3612","targetHints":{"allow":["GET"]}}],"collection":[{"href":"https:\/\/filatelia.cuentista.es\/en\/wp-json\/wp\/v2\/product"}],"about":[{"href":"https:\/\/filatelia.cuentista.es\/en\/wp-json\/wp\/v2\/types\/product"}],"replies":[{"embeddable":true,"href":"https:\/\/filatelia.cuentista.es\/en\/wp-json\/wp\/v2\/comments?post=3612"}],"wp:featuredmedia":[{"embeddable":true,"href":"https:\/\/filatelia.cuentista.es\/en\/wp-json\/wp\/v2\/media\/3611"}],"wp:attachment":[{"href":"https:\/\/filatelia.cuentista.es\/en\/wp-json\/wp\/v2\/media?parent=3612"}],"wp:term":[{"taxonomy":"product_brand","embeddable":true,"href":"https:\/\/filatelia.cuentista.es\/en\/wp-json\/wp\/v2\/product_brand?post=3612"},{"taxonomy":"product_cat","embeddable":true,"href":"https:\/\/filatelia.cuentista.es\/en\/wp-json\/wp\/v2\/product_cat?post=3612"},{"taxonomy":"product_tag","embeddable":true,"href":"https:\/\/filatelia.cuentista.es\/en\/wp-json\/wp\/v2\/product_tag?post=3612"}],"curies":[{"name":"wp","href":"https:\/\/api.w.org\/{rel}","templated":true}]}}