{"id":361,"date":"2024-07-20T06:38:21","date_gmt":"2024-07-20T06:38:21","guid":{"rendered":"https:\/\/filatelia.cuentista.es\/product\/125-aniversario-del-sello-espanol"},"modified":"2024-08-08T17:17:51","modified_gmt":"2024-08-08T17:17:51","slug":"125-aniversario-del-sello-espanol","status":"publish","type":"product","link":"https:\/\/filatelia.cuentista.es\/en\/product\/125-aniversario-del-sello-espanol","title":{"rendered":"Sobre primer d\u00eda &#8211; 125 Aniversario del sello espa\u00f1ol &#8211; 1974"},"content":{"rendered":"<p>Sobre de Primer D\u00eda &#8211; 125 Aniversario del sello espa\u00f1ol con dos valores de la serie de 3 y 10 pesetas. Capilla de Marcus con matasellado de Madrid<\/p>\n<p>EDIFIL 2232\/2235 la serie completa<\/p>\n<p>A\u00f1o 1974<\/p>","protected":false},"excerpt":{"rendered":"<p>Sobre de Primer D\u00eda &#8211; 125 Aniversario del sello espa\u00f1ol con dos valores de la serie de 3 y 10 pesetas. Capilla de Marcus con matasellado de Madrid EDIFIL 2232\/2235 la serie completa A\u00f1o 1974<\/p>","protected":false},"featured_media":1250,"comment_status":"open","ping_status":"closed","template":"","meta":{"_acf_changed":false},"product_brand":[],"product_cat":[19],"product_tag":[75,156,190,68,615],"class_list":{"0":"post-361","1":"product","2":"type-product","3":"status-publish","4":"has-post-thumbnail","6":"product_cat-spd-sobres-primer-dia","7":"product_tag-75","8":"product_tag-aniversario","9":"product_tag-fdc","10":"product_tag-filatelia","11":"product_tag-sello-espanol","12":"thunk-woo-product-list","13":"opn-qv-enable","14":"open-woo-hover-zoom","15":"open-single-product-tab-horizontal","16":"open-shadow-","17":"open-shadow-hover-","19":"first","20":"instock","21":"sale","22":"shipping-taxable","23":"purchasable","24":"product-type-simple"},"acf":[],"jetpack_sharing_enabled":true,"_links":{"self":[{"href":"https:\/\/filatelia.cuentista.es\/en\/wp-json\/wp\/v2\/product\/361","targetHints":{"allow":["GET"]}}],"collection":[{"href":"https:\/\/filatelia.cuentista.es\/en\/wp-json\/wp\/v2\/product"}],"about":[{"href":"https:\/\/filatelia.cuentista.es\/en\/wp-json\/wp\/v2\/types\/product"}],"replies":[{"embeddable":true,"href":"https:\/\/filatelia.cuentista.es\/en\/wp-json\/wp\/v2\/comments?post=361"}],"wp:featuredmedia":[{"embeddable":true,"href":"https:\/\/filatelia.cuentista.es\/en\/wp-json\/wp\/v2\/media\/1250"}],"wp:attachment":[{"href":"https:\/\/filatelia.cuentista.es\/en\/wp-json\/wp\/v2\/media?parent=361"}],"wp:term":[{"taxonomy":"product_brand","embeddable":true,"href":"https:\/\/filatelia.cuentista.es\/en\/wp-json\/wp\/v2\/product_brand?post=361"},{"taxonomy":"product_cat","embeddable":true,"href":"https:\/\/filatelia.cuentista.es\/en\/wp-json\/wp\/v2\/product_cat?post=361"},{"taxonomy":"product_tag","embeddable":true,"href":"https:\/\/filatelia.cuentista.es\/en\/wp-json\/wp\/v2\/product_tag?post=361"}],"curies":[{"name":"wp","href":"https:\/\/api.w.org\/{rel}","templated":true}]}}